{"id":1259,"date":"2016-01-27T12:39:41","date_gmt":"2016-01-27T11:39:41","guid":{"rendered":"http:\/\/172.18.1.137\/?page_id=1259"},"modified":"2026-01-14T10:50:09","modified_gmt":"2026-01-14T09:50:09","slug":"forside2-2","status":"publish","type":"page","link":"https:\/\/www.tji.dk\/","title":{"rendered":"Tj\u00e6reborg Industri"},"content":{"rendered":"<div class=\"wpb-content-wrapper\"><p>[vc_row type=&#8221;vc_default&#8221; gap=&#8221;20&#8243;][vc_column width=&#8221;2\/3&#8243;][vc_custom_heading text=&#8221;Fjernvarmens totalleverand\u00f8r&#8221; font_container=&#8221;tag:h2|text_align:center&#8221; google_fonts=&#8221;font_family:Arimo%3Aregular%2Citalic%2C700%2C700italic|font_style:700%20bold%20regular%3A700%3Anormal&#8221; css=&#8221;.vc_custom_1747221546344{margin-top: -10px !important;margin-bottom: -10px !important;}&#8221;][\/vc_column][vc_column width=&#8221;1\/3&#8243; offset=&#8221;vc_hidden-md vc_hidden-sm vc_hidden-xs&#8221;][\/vc_column][\/vc_row][vc_row type=&#8221;vc_default&#8221; gap=&#8221;20&#8243; css=&#8221;.vc_custom_1768383123696{margin-top: -30px !important;margin-bottom: 30px !important;}&#8221;][vc_column width=&#8221;2\/3&#8243; css=&#8221;.vc_custom_1522915767376{border-radius: 25px !important;}&#8221;][layerslider_vc id=&#8221;1&#8243;][vc_custom_heading text=&#8221;Nyheder&#8221; font_container=&#8221;tag:h3|text_align:left&#8221; google_fonts=&#8221;font_family:Arimo%3Aregular%2Citalic%2C700%2C700italic|font_style:400%20regular%3A400%3Anormal&#8221; css=&#8221;.vc_custom_1768384198034{margin-top: 50px !important;margin-bottom: 25px !important;padding-left: 15px !important;background-color: #77aab6 !important;}&#8221; el_class=&#8221;round_corners&#8221;][vc_row_inner css=&#8221;.vc_custom_1745566540116{margin-right: 10px !important;margin-left: 10px !important;}&#8221;][vc_column_inner]<div class=\"dt-shortcode with-isotope\"><div class=\"wf-container dt-blog-shortcode resize-by-browser-width circle-fancy-style loading-effect-none iso-container description-under-image content-align-left\" data-padding=\"25px\" data-cur-page=\"1\" data-posts-per-page=\"-1\" data-desktop-columns-num=\"2\" data-v-tablet-columns-num=\"2\" data-h-tablet-columns-num=\"2\" data-phone-columns-num=\"1\" data-width=\"370px\" data-columns=\"3\">\n<div class=\"wf-cell iso-item\" data-post-id=\"15198\" data-date=\"2026-01-14T10:47:51+01:00\" data-name=\"Tj\u00e6reborg Industri n\u00e5r ny milep\u00e6l\">\n\t<article class=\"post no-img post-15198 type-post status-publish format-standard hentry category-ti-nyheder category-6 description-off\">\n\n\t\t\n\t\t<div class=\"blog-content wf-td\">\n\t\t\t<h3 class=\"entry-title\"><a href=\"https:\/\/www.tji.dk\/index.php\/2026\/01\/14\/tjaereborg-industri-naar-ny-milepael\/\" title=\"Tj\u00e6reborg Industri n\u00e5r ny milep\u00e6l\" rel=\"bookmark\">Tj\u00e6reborg Industri n\u00e5r ny milep\u00e6l<\/a><\/h3>\n\n\t\t\t<div class=\"entry-meta\"><a href=\"https:\/\/www.tji.dk\/index.php\/2026\/01\/14\/\" title=\"10:47\" class=\"data-link\" rel=\"bookmark\"><time class=\"entry-date updated\" datetime=\"2026-01-14T10:47:51+01:00\">14. januar 2026<\/time><\/a><\/div><p>[vc_row][vc_column width=&#8221;3\/4&#8243;][vc_column_text css=&#8221;&#8221;]Tj\u00e6reborg Industri n\u00e5r ny milep\u00e6l med ordre p\u00e5 elkedelprojekt nr. 100. Kort f\u00f8r \u00e5rsskiftet indgik Tj\u00e6reborg Industri en aftale med L\u00f8gumkloster Fjernvarme om levering af en 15 MW elkedel. Projektet i L\u00f8gumkloster bliver Tj\u00e6reborg Industris elkedelprojekt nr. 100 fordelt p\u00e5 117 elkedler med en samlet effekt p\u00e5 1.175 MW. L\u00e6s mere om elkedler&hellip;<\/p>\n\n<a href=\"https:\/\/www.tji.dk\/index.php\/2026\/01\/14\/tjaereborg-industri-naar-ny-milepael\/\" class=\"details more-link\" aria-label=\"Read more about Tj\u00e6reborg Industri n\u00e5r ny milep\u00e6l\">l\u00e6s mere...<\/a>\n\n\t\t<\/div>\n\n\t<\/article>\n\n<\/div>\n<div class=\"wf-cell iso-item\" data-post-id=\"14867\" data-date=\"2025-08-25T20:47:15+02:00\" data-name=\"Over 300 var med til at fejre jubil\u00e6um\">\n\t<article class=\"post post-14867 type-post status-publish format-standard has-post-thumbnail hentry category-ti-nyheder category-6 description-off\">\n\n\t\t\n\t\t\t<div class=\"blog-media wf-td\">\n\n\t\t\t\t<p><a href=\"https:\/\/www.tji.dk\/index.php\/2025\/08\/25\/over-300-var-med-til-at-fejre-jubilaeum\/\" class=\"alignnone rollover layzr-bg\" ><img fetchpriority=\"high\" decoding=\"async\" class=\"preload-me iso-lazy-load aspect\" src=\"data:image\/svg+xml,%3Csvg%20xmlns%3D&#39;http%3A%2F%2Fwww.w3.org%2F2000%2Fsvg&#39;%20viewBox%3D&#39;0%200%20555%20370&#39;%2F%3E\" data-src=\"https:\/\/www.tji.dk\/wp-content\/uploads\/2025\/08\/DSC_0166-scaled-555x370.jpg\" data-srcset=\"https:\/\/www.tji.dk\/wp-content\/uploads\/2025\/08\/DSC_0166-scaled-555x370.jpg 555w, https:\/\/www.tji.dk\/wp-content\/uploads\/2025\/08\/DSC_0166-scaled-1110x740.jpg 1110w\" loading=\"eager\" style=\"--ratio: 555 \/ 370\" sizes=\"(max-width: 555px) 100vw, 555px\" alt=\"\" title=\"DSC_0166\" width=\"555\" height=\"370\"  \/><\/a><\/p>\n\t\t\t<\/div>\n\n\t\t\n\t\t<div class=\"blog-content wf-td\">\n\t\t\t<h3 class=\"entry-title\"><a href=\"https:\/\/www.tji.dk\/index.php\/2025\/08\/25\/over-300-var-med-til-at-fejre-jubilaeum\/\" title=\"Over 300 var med til at fejre jubil\u00e6um\" rel=\"bookmark\">Over 300 var med til at fejre jubil\u00e6um<\/a><\/h3>\n\n\t\t\t<div class=\"entry-meta\"><a href=\"https:\/\/www.tji.dk\/index.php\/2025\/08\/25\/\" title=\"20:47\" class=\"data-link\" rel=\"bookmark\"><time class=\"entry-date updated\" datetime=\"2025-08-25T20:47:15+02:00\">25. august 2025<\/time><\/a><\/div><p>[vc_row][vc_column][vc_column_text css=&#8221;&#8221;]Mere end 300 g\u00e6ster lagde vejen forbi Tj\u00e6reborg Industris 140 \u00e5r jubil\u00e6umsarrangement den 22. august. Tak til alle, som var med til at g\u00f8re det til en fantastisk festlig og forn\u00f8jelig dag.[\/vc_column_text][\/vc_column][\/vc_row][vc_row][vc_column width=&#8221;1\/6&#8243;][vc_single_image image=&#8221;14852&#8243; onclick=&#8221;link_image&#8221; css=&#8221;&#8221;][\/vc_column][vc_column width=&#8221;1\/6&#8243;][vc_single_image image=&#8221;14849&#8243; onclick=&#8221;link_image&#8221; css=&#8221;&#8221;][\/vc_column][vc_column width=&#8221;1\/6&#8243;][vc_single_image image=&#8221;14850&#8243; onclick=&#8221;link_image&#8221; css=&#8221;&#8221;][\/vc_column][vc_column width=&#8221;1\/6&#8243;][vc_single_image image=&#8221;14851&#8243; onclick=&#8221;link_image&#8221; css=&#8221;&#8221;][\/vc_column][vc_column width=&#8221;1\/6&#8243;][vc_single_image image=&#8221;14855&#8243; onclick=&#8221;link_image&#8221; css=&#8221;&#8221;][\/vc_column][vc_column width=&#8221;1\/6&#8243;][vc_single_image image=&#8221;14854&#8243;&hellip;<\/p>\n\n<a href=\"https:\/\/www.tji.dk\/index.php\/2025\/08\/25\/over-300-var-med-til-at-fejre-jubilaeum\/\" class=\"details more-link\" aria-label=\"Read more about Over 300 var med til at fejre jubil\u00e6um\">l\u00e6s mere...<\/a>\n\n\t\t<\/div>\n\n\t<\/article>\n\n<\/div><\/div><\/div><style type=\"text\/css\" data-type=\"the7_shortcodes-inline-css\">#default-btn-53a343fe984637b9a92cdad5f0fa8532 {\n  border-radius: 3px;\n  font-size: 14px;\n  line-height: 16px;\n}\n.btn-shadow#default-btn-53a343fe984637b9a92cdad5f0fa8532 {\n  box-shadow: 0 1px 6px rgba(0,0,0,0.12);\n  transition: box-shadow 0.2s ease-out, opacity 0.45s;\n}\n.btn-shadow#default-btn-53a343fe984637b9a92cdad5f0fa8532:hover {\n  box-shadow: 0 5px 11px 0 rgba(0,0,0,0.18), 0 4px 15px 0 rgba(0,0,0,0.15);\n}\n.btn-3d#default-btn-53a343fe984637b9a92cdad5f0fa8532 {\n  box-shadow: 0px 2px 0px 0px #6c7f84;\n}\n.btn-flat#default-btn-53a343fe984637b9a92cdad5f0fa8532 {\n  box-shadow: none;\n}\n.btn-flat#default-btn-53a343fe984637b9a92cdad5f0fa8532:hover {\n  box-shadow: none;\n}\n#default-btn-53a343fe984637b9a92cdad5f0fa8532.ico-right-side > i {\n  margin-right: 0px;\n  margin-left: 8px;\n}\n#default-btn-53a343fe984637b9a92cdad5f0fa8532 > i {\n  margin-right: 8px;\n  font-size: 18px;\n}\n#default-btn-53a343fe984637b9a92cdad5f0fa8532:not(:hover) {\n  border-width: 0px;\n  color: #FFFFFF;\n  background: #77aab6 !important;\n  padding: 12px 22px 11px 22px;\n}\n#default-btn-53a343fe984637b9a92cdad5f0fa8532:not(:hover) * {\n  color: #FFFFFF;\n}\n#default-btn-53a343fe984637b9a92cdad5f0fa8532:hover {\n  border-width: 0px;\n  padding: 12px 22px 11px 22px;\n}\n#default-btn-53a343fe984637b9a92cdad5f0fa8532.ico-right-side > i {\n  margin-right: 0px;\n  margin-left: 8px;\n}\n#default-btn-53a343fe984637b9a92cdad5f0fa8532 > i {\n  margin-right: 8px;\n}<\/style><a href=\"https:\/\/www.tji.dk\/index.php\/info\/nyheder\/\" class=\"default-btn-shortcode dt-btn link-hover-off btn-inline-left btn-shadow  vc_custom_1749791097571\" id=\"default-btn-53a343fe984637b9a92cdad5f0fa8532\" title=\"Nyhedsarkiv\"><i class=\"Defaults-newspaper-o\"><\/i><span>Nyhedsarkiv<\/span><\/a>[\/vc_column_inner][\/vc_row_inner][\/vc_column][vc_column width=&#8221;1\/3&#8243;][vc_column_text css=&#8221;.vc_custom_1747224833867{margin-top: 10px !important;margin-bottom: 30px !important;padding-top: 20px !important;}&#8221;]Tj\u00e6reborg Industri leverer stort set alle anl\u00e6gstyper og ydelser til fjernvarmebranchens stigende behov for effektive og milj\u00f8venlige fjernvarmesystemer.<\/p>\n<ul>\n<li>Fjernvarmeledningsnet<\/li>\n<li>Fjernvarmev\u00e6rker<\/li>\n<li>Kraftvarmev\u00e6rker<\/li>\n<li>Kedler<\/li>\n<li>Gasmotor<\/li>\n<li>Solvarme<\/li>\n<li>Varmepumper<\/li>\n<li>SCADA<\/li>\n<li>Design og projektering<\/li>\n<li>Myndighedsans\u00f8gninger<\/li>\n<li>Montagearbejder<\/li>\n<li>Servicekontrakter<\/li>\n<li>Sagkyndig virksomhed<\/li>\n<li>Vagtordning 24\/7<\/li>\n<\/ul>\n<p>[\/vc_column_text][vc_separator align=&#8221;align_left&#8221; el_width=&#8221;90&#8243; css=&#8221;.vc_custom_1747223452797{margin-top: 10px !important;margin-bottom: 10px !important;}&#8221;]<style type=\"text\/css\" data-type=\"the7_shortcodes-inline-css\">#default-btn-bb88752f4499777f6c29459b7316b90b {\n  font-size: 14px;\n  line-height: 16px;\n  font-weight: bold;\n  padding: 6px 2px 6px 2px;\n}\n#default-btn-bb88752f4499777f6c29459b7316b90b.ico-right-side > i {\n  margin-right: 0px;\n  margin-left: 8px;\n}\n#default-btn-bb88752f4499777f6c29459b7316b90b:after {\n  height: 0px;\n}\n#default-btn-bb88752f4499777f6c29459b7316b90b > i {\n  margin-right: 8px;\n  font-size: 40px;\n}\n#default-btn-bb88752f4499777f6c29459b7316b90b:not(:hover),\n#default-btn-bb88752f4499777f6c29459b7316b90b.link-hover-off:hover {\n  color: #0166bf;\n  background: none;\n}\n#default-btn-bb88752f4499777f6c29459b7316b90b:not(:hover) *,\n#default-btn-bb88752f4499777f6c29459b7316b90b.link-hover-off:hover * {\n  color: #0166bf;\n  background: none;\n}\n#default-btn-bb88752f4499777f6c29459b7316b90b:not(.link-hover-off):hover {\n  color: #f07924;\n  background: none;\n}\n#default-btn-bb88752f4499777f6c29459b7316b90b:not(.link-hover-off):hover * {\n  color: #f07924;\n  background: none;\n}\n#default-btn-bb88752f4499777f6c29459b7316b90b.ico-right-side > i {\n  margin-right: 0px;\n  margin-left: 8px;\n}\n#default-btn-bb88752f4499777f6c29459b7316b90b > i {\n  margin-right: 8px;\n}<\/style><div class=\"btn-align-left\"><a href=\"https:\/\/www.linkedin.com\/company\/tj%C3%A6reborg-industri-a-s\/\" class=\"default-btn-shortcode dt-btn-link full-width-btn  vc_custom_1747224728492\" target=\"_blank\" id=\"default-btn-bb88752f4499777f6c29459b7316b90b\" rel=\"noopener\"><i class=\"Defaults-linkedin-square\"><\/i><span>F\u00f8lg os p\u00e5 LinkedIn<\/span><\/a><\/div>[vc_separator align=&#8221;align_left&#8221; el_width=&#8221;90&#8243; css=&#8221;.vc_custom_1747223452797{margin-top: 10px !important;margin-bottom: 10px !important;}&#8221;][\/vc_column][\/vc_row][vc_row type=&#8221;vc_default&#8221; gap=&#8221;20&#8243; disable_element=&#8221;yes&#8221; css=&#8221;.vc_custom_1768383116055{margin-top: -30px !important;margin-bottom: 10px !important;}&#8221;][vc_column width=&#8221;2\/3&#8243; css=&#8221;.vc_custom_1522915767376{border-radius: 25px !important;}&#8221;][layerslider_vc id=&#8221;1&#8243;][vc_custom_heading text=&#8221;Nyheder&#8221; font_container=&#8221;tag:h3|text_align:left&#8221; google_fonts=&#8221;font_family:Arimo%3Aregular%2Citalic%2C700%2C700italic|font_style:400%20regular%3A400%3Anormal&#8221; css=&#8221;.vc_custom_1708349725796{margin-top: 50px !important;margin-bottom: 20px !important;padding-left: 15px !important;background-color: #77aab6 !important;}&#8221; el_class=&#8221;round_corners&#8221;][vc_row_inner gap=&#8221;25&#8243; css=&#8221;.vc_custom_1750745388752{margin-right: 10px !important;margin-left: 10px !important;}&#8221;][vc_column_inner width=&#8221;1\/2&#8243;]<div class=\"dt-shortcode with-isotope\"><div class=\"wf-container dt-blog-shortcode resize-by-browser-width circle-fancy-style loading-effect-none iso-container description-under-image content-align-left\" data-padding=\"20px\" data-cur-page=\"1\" data-posts-per-page=\"-1\" data-desktop-columns-num=\"1\" data-v-tablet-columns-num=\"1\" data-h-tablet-columns-num=\"1\" data-phone-columns-num=\"1\" data-width=\"370px\" data-columns=\"3\">\n<div class=\"wf-cell iso-item\" data-post-id=\"15198\" data-date=\"2026-01-14T10:47:51+01:00\" data-name=\"Tj\u00e6reborg Industri n\u00e5r ny milep\u00e6l\">\n\t<article class=\"post no-img post-15198 type-post status-publish format-standard hentry category-ti-nyheder category-6 description-off\">\n\n\t\t\n\t\t<div class=\"blog-content wf-td\">\n\t\t\t<h3 class=\"entry-title\"><a href=\"https:\/\/www.tji.dk\/index.php\/2026\/01\/14\/tjaereborg-industri-naar-ny-milepael\/\" title=\"Tj\u00e6reborg Industri n\u00e5r ny milep\u00e6l\" rel=\"bookmark\">Tj\u00e6reborg Industri n\u00e5r ny milep\u00e6l<\/a><\/h3>\n\n\t\t\t<div class=\"entry-meta\"><a href=\"https:\/\/www.tji.dk\/index.php\/2026\/01\/14\/\" title=\"10:47\" class=\"data-link\" rel=\"bookmark\"><time class=\"entry-date updated\" datetime=\"2026-01-14T10:47:51+01:00\">14. januar 2026<\/time><\/a><\/div><p>[vc_row][vc_column width=&#8221;3\/4&#8243;][vc_column_text css=&#8221;&#8221;]Tj\u00e6reborg Industri n\u00e5r ny milep\u00e6l med ordre p\u00e5 elkedelprojekt nr. 100. Kort f\u00f8r \u00e5rsskiftet indgik Tj\u00e6reborg Industri en aftale med L\u00f8gumkloster Fjernvarme om levering af en 15 MW elkedel. Projektet i L\u00f8gumkloster bliver Tj\u00e6reborg Industris elkedelprojekt nr. 100 fordelt p\u00e5 117 elkedler med en samlet effekt p\u00e5 1.175 MW. L\u00e6s mere om elkedler&hellip;<\/p>\n\n<a href=\"https:\/\/www.tji.dk\/index.php\/2026\/01\/14\/tjaereborg-industri-naar-ny-milepael\/\" class=\"details more-link\" aria-label=\"Read more about Tj\u00e6reborg Industri n\u00e5r ny milep\u00e6l\">l\u00e6s mere...<\/a>\n\n\t\t<\/div>\n\n\t<\/article>\n\n<\/div><\/div><\/div>[\/vc_column_inner][vc_column_inner width=&#8221;1\/2&#8243;][vc_custom_heading text=&#8221;140 \u00e5r jubil\u00e6um hos Tj\u00e6reborg Industri&#8221; font_container=&#8221;tag:h3|text_align:left&#8221; use_theme_fonts=&#8221;yes&#8221; css=&#8221;.vc_custom_1750745051956{margin-bottom: 0px !important;}&#8221; link=&#8221;url:https%3A%2F%2Fwww.tji.dk%2Fwp-content%2Fuploads%2F2025%2F06%2FIndbydelse-140-aars-jubilaeum.pdf|target:_blank&#8221; el_class=&#8221;entry-title&#8221;][vc_column_text css=&#8221;.vc_custom_1750745320406{margin-bottom: 0px !important;padding-top: 8px !important;padding-bottom: 15px !important;}&#8221;]<span style=\"color: #c0c0c0;\">24. juni 2025<\/span>[\/vc_column_text][vc_column_text css=&#8221;.vc_custom_1750745126642{margin-bottom: 0px !important;}&#8221;]I anledning af, at vores direkt\u00f8r Marianne S\u00f8rensen og afdelingschef Niels S\u00f8rensen har v\u00e6ret ansat i 50 \u00e5r, og vores salgs- og projektchef Leif Hornbak har v\u00e6ret ansat i 40 \u00e5r i virksomheden, inviteres til jubil\u00e6umsarrangement fredag den 22. august 2025 kl. 11.00-16.00.[\/vc_column_text]<style type=\"text\/css\" data-type=\"the7_shortcodes-inline-css\">#default-btn-eb1743dddcd073664da4ffb00431e6ab {\n  font-size: 15px;\n  line-height: 17px;\n  font-weight: bold;\n  padding: 4px 0px 4px 0px;\n}\n#default-btn-eb1743dddcd073664da4ffb00431e6ab.ico-right-side > i {\n  margin-right: 0px;\n  margin-left: 8px;\n}\n#default-btn-eb1743dddcd073664da4ffb00431e6ab:after {\n  height: 2px;\n  background: #37718B !important;\n}\n#default-btn-eb1743dddcd073664da4ffb00431e6ab > i {\n  margin-right: 8px;\n  font-size: 8px;\n}\n#default-btn-eb1743dddcd073664da4ffb00431e6ab:not(:hover),\n#default-btn-eb1743dddcd073664da4ffb00431e6ab.link-hover-off:hover {\n  color: #000000;\n  background: none;\n}\n#default-btn-eb1743dddcd073664da4ffb00431e6ab:not(:hover) *,\n#default-btn-eb1743dddcd073664da4ffb00431e6ab.link-hover-off:hover * {\n  color: #000000;\n  background: none;\n}\n#default-btn-eb1743dddcd073664da4ffb00431e6ab.ico-right-side > i {\n  margin-right: 0px;\n  margin-left: 8px;\n}\n#default-btn-eb1743dddcd073664da4ffb00431e6ab > i {\n  margin-right: 8px;\n}<\/style><a href=\"https:\/\/www.tji.dk\/wp-content\/uploads\/2025\/06\/Indbydelse-140-aars-jubilaeum.pdf\" class=\"default-btn-shortcode dt-btn-link link-hover-off ico-right-side btn-inline-left left-to-right-line  vc_custom_1750746236224\" target=\"_blank\" id=\"default-btn-eb1743dddcd073664da4ffb00431e6ab\" rel=\"noopener\"><span>l\u00e6s mere&#8230;<\/span><i class=\"icomoon-the7-font-the7-arrow-03\"><\/i><\/a>[\/vc_column_inner][\/vc_row_inner][vc_row_inner css=&#8221;.vc_custom_1750744878121{margin-right: 10px !important;margin-left: 10px !important;}&#8221;][vc_column_inner]<style type=\"text\/css\" data-type=\"the7_shortcodes-inline-css\">#default-btn-d75dfbced2b760b9755a32feec5bd459 {\n  border-radius: 3px;\n  font-size: 14px;\n  line-height: 16px;\n}\n.btn-shadow#default-btn-d75dfbced2b760b9755a32feec5bd459 {\n  box-shadow: 0 1px 6px rgba(0,0,0,0.12);\n  transition: box-shadow 0.2s ease-out, opacity 0.45s;\n}\n.btn-shadow#default-btn-d75dfbced2b760b9755a32feec5bd459:hover {\n  box-shadow: 0 5px 11px 0 rgba(0,0,0,0.18), 0 4px 15px 0 rgba(0,0,0,0.15);\n}\n.btn-3d#default-btn-d75dfbced2b760b9755a32feec5bd459 {\n  box-shadow: 0px 2px 0px 0px #6c7f84;\n}\n.btn-flat#default-btn-d75dfbced2b760b9755a32feec5bd459 {\n  box-shadow: none;\n}\n.btn-flat#default-btn-d75dfbced2b760b9755a32feec5bd459:hover {\n  box-shadow: none;\n}\n#default-btn-d75dfbced2b760b9755a32feec5bd459.ico-right-side > i {\n  margin-right: 0px;\n  margin-left: 8px;\n}\n#default-btn-d75dfbced2b760b9755a32feec5bd459 > i {\n  margin-right: 8px;\n  font-size: 18px;\n}\n#default-btn-d75dfbced2b760b9755a32feec5bd459:not(:hover) {\n  border-width: 0px;\n  color: #FFFFFF;\n  background: #77aab6 !important;\n  padding: 12px 22px 11px 22px;\n}\n#default-btn-d75dfbced2b760b9755a32feec5bd459:not(:hover) * {\n  color: #FFFFFF;\n}\n#default-btn-d75dfbced2b760b9755a32feec5bd459:hover {\n  border-width: 0px;\n  padding: 12px 22px 11px 22px;\n}\n#default-btn-d75dfbced2b760b9755a32feec5bd459.ico-right-side > i {\n  margin-right: 0px;\n  margin-left: 8px;\n}\n#default-btn-d75dfbced2b760b9755a32feec5bd459 > i {\n  margin-right: 8px;\n}<\/style><a href=\"https:\/\/www.tji.dk\/index.php\/info\/nyheder\/\" class=\"default-btn-shortcode dt-btn link-hover-off btn-inline-left btn-shadow  vc_custom_1760531353960\" id=\"default-btn-d75dfbced2b760b9755a32feec5bd459\" title=\"Nyhedsarkiv\"><i class=\"Defaults-newspaper-o\"><\/i><span>Nyhedsarkiv<\/span><\/a>[\/vc_column_inner][\/vc_row_inner][\/vc_column][vc_column width=&#8221;1\/3&#8243;][vc_column_text css=&#8221;.vc_custom_1747224833867{margin-top: 10px !important;margin-bottom: 30px !important;padding-top: 20px !important;}&#8221;]Tj\u00e6reborg Industri leverer stort set alle anl\u00e6gstyper og ydelser til fjernvarmebranchens stigende behov for effektive og milj\u00f8venlige fjernvarmesystemer.<\/p>\n<ul>\n<li>Fjernvarmeledningsnet<\/li>\n<li>Fjernvarmev\u00e6rker<\/li>\n<li>Kraftvarmev\u00e6rker<\/li>\n<li>Kedler<\/li>\n<li>Gasmotor<\/li>\n<li>Solvarme<\/li>\n<li>Varmepumper<\/li>\n<li>SCADA<\/li>\n<li>Design og projektering<\/li>\n<li>Myndighedsans\u00f8gninger<\/li>\n<li>Montagearbejder<\/li>\n<li>Servicekontrakter<\/li>\n<li>Sagkyndig virksomhed<\/li>\n<li>Vagtordning 24\/7<\/li>\n<\/ul>\n<p>[\/vc_column_text][vc_separator align=&#8221;align_left&#8221; el_width=&#8221;90&#8243; css=&#8221;.vc_custom_1747223452797{margin-top: 10px !important;margin-bottom: 10px !important;}&#8221;]<style type=\"text\/css\" data-type=\"the7_shortcodes-inline-css\">#default-btn-bb88752f4499777f6c29459b7316b90b {\n  font-size: 14px;\n  line-height: 16px;\n  font-weight: bold;\n  padding: 6px 2px 6px 2px;\n}\n#default-btn-bb88752f4499777f6c29459b7316b90b.ico-right-side > i {\n  margin-right: 0px;\n  margin-left: 8px;\n}\n#default-btn-bb88752f4499777f6c29459b7316b90b:after {\n  height: 0px;\n}\n#default-btn-bb88752f4499777f6c29459b7316b90b > i {\n  margin-right: 8px;\n  font-size: 40px;\n}\n#default-btn-bb88752f4499777f6c29459b7316b90b:not(:hover),\n#default-btn-bb88752f4499777f6c29459b7316b90b.link-hover-off:hover {\n  color: #0166bf;\n  background: none;\n}\n#default-btn-bb88752f4499777f6c29459b7316b90b:not(:hover) *,\n#default-btn-bb88752f4499777f6c29459b7316b90b.link-hover-off:hover * {\n  color: #0166bf;\n  background: none;\n}\n#default-btn-bb88752f4499777f6c29459b7316b90b:not(.link-hover-off):hover {\n  color: #f07924;\n  background: none;\n}\n#default-btn-bb88752f4499777f6c29459b7316b90b:not(.link-hover-off):hover * {\n  color: #f07924;\n  background: none;\n}\n#default-btn-bb88752f4499777f6c29459b7316b90b.ico-right-side > i {\n  margin-right: 0px;\n  margin-left: 8px;\n}\n#default-btn-bb88752f4499777f6c29459b7316b90b > i {\n  margin-right: 8px;\n}<\/style><div class=\"btn-align-left\"><a href=\"https:\/\/www.linkedin.com\/company\/tj%C3%A6reborg-industri-a-s\/\" class=\"default-btn-shortcode dt-btn-link full-width-btn  vc_custom_1747224728492\" target=\"_blank\" id=\"default-btn-bb88752f4499777f6c29459b7316b90b\" rel=\"noopener\"><i class=\"Defaults-linkedin-square\"><\/i><span>F\u00f8lg os p\u00e5 LinkedIn<\/span><\/a><\/div>[vc_separator align=&#8221;align_left&#8221; el_width=&#8221;90&#8243; css=&#8221;.vc_custom_1747223452797{margin-top: 10px !important;margin-bottom: 10px !important;}&#8221;][\/vc_column][\/vc_row]<\/p>\n<\/div>","protected":false},"excerpt":{"rendered":"<p>[vc_row type=&#8221;vc_default&#8221; gap=&#8221;20&#8243;][vc_column width=&#8221;2\/3&#8243;][vc_custom_heading text=&#8221;Fjernvarmens totalleverand\u00f8r&#8221; font_container=&#8221;tag:h2|text_align:center&#8221; google_fonts=&#8221;font_family:Arimo%3Aregular%2Citalic%2C700%2C700italic|font_style:700%20bold%20regular%3A700%3Anormal&#8221; css=&#8221;.vc_custom_1747221546344{margin-top: -10px !important;margin-bottom: -10px !important;}&#8221;][\/vc_column][vc_column width=&#8221;1\/3&#8243; offset=&#8221;vc_hidden-md vc_hidden-sm vc_hidden-xs&#8221;][\/vc_column][\/vc_row][vc_row type=&#8221;vc_default&#8221; gap=&#8221;20&#8243; css=&#8221;.vc_custom_1768383123696{margin-top: -30px !important;margin-bottom: 30px !important;}&#8221;][vc_column width=&#8221;2\/3&#8243; css=&#8221;.vc_custom_1522915767376{border-radius: 25px !important;}&#8221;][layerslider_vc id=&#8221;1&#8243;][vc_custom_heading text=&#8221;Nyheder&#8221; font_container=&#8221;tag:h3|text_align:left&#8221; google_fonts=&#8221;font_family:Arimo%3Aregular%2Citalic%2C700%2C700italic|font_style:400%20regular%3A400%3Anormal&#8221; css=&#8221;.vc_custom_1768384198034{margin-top: 50px !important;margin-bottom: 25px !important;padding-left: 15px !important;background-color: #77aab6 !important;}&#8221; el_class=&#8221;round_corners&#8221;][vc_row_inner css=&#8221;.vc_custom_1745566540116{margin-right: 10px !important;margin-left: 10px !important;}&#8221;][vc_column_inner][\/vc_column_inner][\/vc_row_inner][\/vc_column][vc_column width=&#8221;1\/3&#8243;][vc_column_text css=&#8221;.vc_custom_1747224833867{margin-top: 10px !important;margin-bottom: 30px !important;padding-top: 20px !important;}&#8221;]Tj\u00e6reborg&hellip;<\/p>\n","protected":false},"author":6,"featured_media":0,"parent":0,"menu_order":0,"comment_status":"closed","ping_status":"closed","template":"","meta":{"_sitemap_exclude":false,"_sitemap_priority":"","_sitemap_frequency":"","footnotes":""},"class_list":["post-1259","page","type-page","status-publish","hentry","description-off"],"_links":{"self":[{"href":"https:\/\/www.tji.dk\/index.php\/wp-json\/wp\/v2\/pages\/1259","targetHints":{"allow":["GET"]}}],"collection":[{"href":"https:\/\/www.tji.dk\/index.php\/wp-json\/wp\/v2\/pages"}],"about":[{"href":"https:\/\/www.tji.dk\/index.php\/wp-json\/wp\/v2\/types\/page"}],"author":[{"embeddable":true,"href":"https:\/\/www.tji.dk\/index.php\/wp-json\/wp\/v2\/users\/6"}],"replies":[{"embeddable":true,"href":"https:\/\/www.tji.dk\/index.php\/wp-json\/wp\/v2\/comments?post=1259"}],"version-history":[{"count":54,"href":"https:\/\/www.tji.dk\/index.php\/wp-json\/wp\/v2\/pages\/1259\/revisions"}],"predecessor-version":[{"id":15203,"href":"https:\/\/www.tji.dk\/index.php\/wp-json\/wp\/v2\/pages\/1259\/revisions\/15203"}],"wp:attachment":[{"href":"https:\/\/www.tji.dk\/index.php\/wp-json\/wp\/v2\/media?parent=1259"}],"curies":[{"name":"wp","href":"https:\/\/api.w.org\/{rel}","templated":true}]}}