{"id":142,"date":"2016-01-12T07:35:06","date_gmt":"2016-01-12T06:35:06","guid":{"rendered":"http:\/\/172.18.1.137\/?page_id=142"},"modified":"2025-05-19T14:11:38","modified_gmt":"2025-05-19T12:11:38","slug":"virksomhedsprofil-tjaereborg-industri","status":"publish","type":"page","link":"https:\/\/www.tji.dk\/index.php\/virksomhedsprofil-tjaereborg-industri\/","title":{"rendered":"Virksomhedsprofil"},"content":{"rendered":"<div class=\"wpb-content-wrapper\"><p>[vc_row][vc_column][vc_custom_heading text=&#8221;Profil&#8221; font_container=&#8221;tag:h3|text_align:left&#8221; google_fonts=&#8221;font_family:Arimo%3Aregular%2Citalic%2C700%2C700italic|font_style:400%20regular%3A400%3Anormal&#8221; css=&#8221;.vc_custom_1453910813402{margin-top: 15px !important;margin-bottom: 15px !important;padding-left: 15px !important;background-color: #77aab6 !important;}&#8221; el_class=&#8221;round_corners&#8221;][vc_row_inner][vc_column_inner width=&#8221;2\/3&#8243;][vc_column_text css=&#8221;&#8221;]Tj\u00e6reborg Industri er en familiejet virksomhed, der i dag ledes af direkt\u00f8r Marianne S\u00f8rensen, som er 4. generation og oldebarn af Peder Christian Pedersen, som grundlagde virksomheden helt tilbage i 1881 som en lille traditionel landsbysmedje.<\/p>\n<p>Siden har den familieejede virksomhed udviklet sig til at v\u00e6re en international og dynamisk virksomhed med godt 150 medarbejdere, og virksomhedens 5. generation er ligeledes sikret, idet Marianne S\u00f8rensens to b\u00f8rn, Anders S\u00f8rensen og Sandra S\u00f8rensen allerede i dag er med i virksomhedens ledelse og ejerkreds.<\/p>\n<p>Tj\u00e6reborg Industri besk\u00e6ftiger sig med en bred vifte af arbejdsomr\u00e5der, prim\u00e6rt indenfor fjernvarme, el, energi og st\u00e5lkonstruktioner.<br \/>\nEt h\u00f8jt kvalitets- og serviceniveau har altid v\u00e6ret virksomhedens kendetegn, og firmaet har i dag en stor fast kreds af kunder og leverand\u00f8rer, som man har samarbejdet med i mange \u00e5r.<\/p>\n<p>Tj\u00e6reborg Industri h\u00f8rer til blandt landets f\u00f8rende indenfor sine virkefelter. De erfarne og kvalitetsbevidste medarbejdere besidder stor know-how og ekspertise, hvilket vil v\u00e6re medvirkende til, at Tj\u00e6reborg Industri ogs\u00e5 i fremtiden kan fastholde og videreudvikle sin position p\u00e5 b\u00e5de det nationale og internationale marked.<\/p>\n<p>Foruden Tj\u00e6reborg Industri omfatter den familieejede virksomhed ogs\u00e5 datterselskabet <a href=\"https:\/\/www.tcomp.dk\" target=\"_blank\" rel=\"noopener noreferrer\">Tj\u00e6reborg Kompensatorfabrik<\/a> i daglig tale kaldet <a href=\"https:\/\/www.tcomp.dk\" target=\"_blank\" rel=\"noopener noreferrer\">TComp<\/a>, som designer og producerer st\u00e5lkompensatorer.[\/vc_column_text][\/vc_column_inner][vc_column_inner width=&#8221;1\/3&#8243;][vc_media_grid element_width=&#8221;6&#8243; grid_id=&#8221;vc_gid:1747656467295-7faac439-dbf5-8&#8243; include=&#8221;495,496,497,498&#8243;][\/vc_column_inner][\/vc_row_inner][\/vc_column][\/vc_row][vc_row][vc_column width=&#8221;1\/2&#8243;][vc_custom_heading text=&#8221;Hoveds\u00e6det i Tj\u00e6reborg&#8221; font_container=&#8221;tag:h3|text_align:left&#8221; google_fonts=&#8221;font_family:Arimo%3Aregular%2Citalic%2C700%2C700italic|font_style:400%20regular%3A400%3Anormal&#8221; css=&#8221;.vc_custom_1453910829873{margin-top: 15px !important;margin-bottom: 15px !important;padding-left: 15px !important;background-color: #77aab6 !important;}&#8221; el_class=&#8221;round_corners&#8221;][vc_column_text]Hoveds\u00e6det i Tj\u00e6reborg r\u00e5der over et areal p\u00e5 17.000 m<sup>2<\/sup>.[\/vc_column_text][vc_media_grid element_width=&#8221;6&#8243; item=&#8221;masonryMedia_Default&#8221; css=&#8221;&#8221; grid_id=&#8221;vc_gid:1747656467296-ed73ef50-ba29-10&#8243; include=&#8221;561,576&#8243;][\/vc_column][vc_column width=&#8221;1\/2&#8243;][vc_custom_heading text=&#8221;Historie&#8221; font_container=&#8221;tag:h3|text_align:left&#8221; google_fonts=&#8221;font_family:Arimo%3Aregular%2Citalic%2C700%2C700italic|font_style:400%20regular%3A400%3Anormal&#8221; css=&#8221;.vc_custom_1453910845783{margin-top: 15px !important;margin-bottom: 15px !important;padding-left: 15px !important;background-color: #77aab6 !important;}&#8221; el_class=&#8221;round_corners&#8221;][vc_column_text css=&#8221;&#8221;]<\/p>\n<ul>\n<li>1881: Grundlagt af Marianne S\u00f8rensens oldefar.<\/li>\n<li>1949: F\u00f8rste fjernvarmeprojekt i Tj\u00e6reborg.<\/li>\n<li>1960: Fjernvarme bliver forretningsgrundlaget.<\/li>\n<li>1964: Betonproduktion p\u00e5begyndes.<\/li>\n<li>1966: Eksport p\u00e5begyndes.<\/li>\n<li>1979: F\u00f8rste kulfyrede fjernvarmev\u00e6rk.<\/li>\n<li>1981: <a href=\"https:\/\/www.tji.dk\/wp-content\/uploads\/2021\/05\/Tji-Jubilaeum.pdf\" target=\"_blank\" rel=\"noopener\">100 \u00e5r jubil\u00e6um<\/a>.<\/li>\n<li>1986: Produktion af st\u00e5lkompensatorer p\u00e5begyndes.<\/li>\n<li>1987: F\u00f8rste flisfyrede fjernvarmev\u00e6rk.<\/li>\n<li>1988: F\u00f8rste SRO-anl\u00e6g.<\/li>\n<li>1989: F\u00f8rste Kraftvarmeanl\u00e6g.<\/li>\n<li>2001: F\u00f8rste projekt udenfor Europa.<\/li>\n<li>2007: F\u00f8rste solvarmeprojekt.<\/li>\n<li>2008: Marianne S\u00f8rensen overtager ledelsen af firmaet.<\/li>\n<li>2008: F\u00f8rste el-kedel.<\/li>\n<li>2008: F\u00f8rste varmepumpeprojekt.<\/li>\n<li>2014: F\u00f8rste halmkedel.<\/li>\n<li>2017: F\u00f8rste luft til vand varmepumpe.<\/li>\n<li>2025: Egenproduktion af beton stoppes.<\/li>\n<\/ul>\n<p>[\/vc_column_text][\/vc_column][\/vc_row][vc_row type=&#8221;vc_default&#8221; css=&#8221;.vc_custom_1714573349618{margin-bottom: 30px !important;}&#8221;][vc_column][vc_custom_heading text=&#8221;Anden Information&#8221; font_container=&#8221;tag:h3|text_align:left&#8221; google_fonts=&#8221;font_family:Arimo%3Aregular%2Citalic%2C700%2C700italic|font_style:400%20regular%3A400%3Anormal&#8221; css=&#8221;.vc_custom_1453910865617{margin-top: 15px !important;margin-bottom: 15px !important;padding-left: 15px !important;background-color: #77aab6 !important;}&#8221; el_class=&#8221;round_corners&#8221;][vc_tta_tour][vc_tta_section title=&#8221;\u00d8konomiske N\u00f8gletal&#8221; tab_id=&#8221;1455026496187-3ab11188-0bcc&#8221;][vc_column_text css=&#8221;&#8221;]<\/p>\n<p style=\"text-align: right;\">\u00d8konomiske n\u00f8gletal i mio. kr.<\/p>\n<div style=\"overflow-x: auto;\">\n<table class=\"standardtable\">\n<tbody>\n<tr>\n<th style=\"width: 25%;\">Tj\u00e6reborg Industri A\/S<\/th>\n<th style=\"text-align: right;\">2020<\/th>\n<th style=\"text-align: right;\">2021<\/th>\n<th style=\"text-align: right;\">2022<\/th>\n<th style=\"text-align: right;\">2023<\/th>\n<th style=\"text-align: right;\">2024<\/th>\n<th style=\"text-align: right;\"><\/th>\n<\/tr>\n<tr>\n<td>Driftsresultat<\/td>\n<td style=\"text-align: right;\">11,1<\/td>\n<td style=\"text-align: right;\">1,8<\/td>\n<td style=\"text-align: right;\">17,3<\/td>\n<td style=\"text-align: right;\">22,5<\/td>\n<td style=\"text-align: right;\">11,4<\/td>\n<td style=\"text-align: right;\"><\/td>\n<\/tr>\n<tr>\n<td>Resultat f\u00f8r skat<\/td>\n<td style=\"text-align: right;\">9,5<\/td>\n<td style=\"text-align: right;\">0,3<\/td>\n<td style=\"text-align: right;\">17,0<\/td>\n<td style=\"text-align: right;\">22,1<\/td>\n<td style=\"text-align: right;\">10,6<\/td>\n<td style=\"text-align: right;\"><\/td>\n<\/tr>\n<tr>\n<td>\u00c5rsresultat<\/td>\n<td style=\"text-align: right;\">7,3<\/td>\n<td style=\"text-align: right;\">0,1<\/td>\n<td style=\"text-align: right;\">13,6<\/td>\n<td style=\"text-align: right;\">17,5<\/td>\n<td style=\"text-align: right;\">8,4<\/td>\n<td style=\"text-align: right;\"><\/td>\n<\/tr>\n<tr>\n<td>Egenkapital<\/td>\n<td style=\"text-align: right;\">38,5<\/td>\n<td style=\"text-align: right;\">36,7<\/td>\n<td style=\"text-align: right;\">50,3<\/td>\n<td style=\"text-align: right;\">62,8<\/td>\n<td style=\"text-align: right;\">63,7<\/td>\n<td style=\"text-align: right;\"><\/td>\n<\/tr>\n<tr>\n<td>Balance<\/td>\n<td style=\"text-align: right;\">150,6<\/td>\n<td style=\"text-align: right;\">130,4<\/td>\n<td style=\"text-align: right;\">152,3<\/td>\n<td style=\"text-align: right;\">181,7<\/td>\n<td style=\"text-align: right;\">155,5<\/td>\n<td style=\"text-align: right;\"><\/td>\n<\/tr>\n<tr>\n<td style=\"text-align: left;\">Antal ansatte<\/td>\n<td style=\"text-align: right;\">163<\/td>\n<td style=\"text-align: right;\">161<\/td>\n<td style=\"text-align: right;\">158<\/td>\n<td style=\"text-align: right;\">156<\/td>\n<td style=\"text-align: right;\">150<\/td>\n<td style=\"text-align: right;\"><\/td>\n<\/tr>\n<\/tbody>\n<\/table>\n<\/div>\n<p>&nbsp;<\/p>\n<p>[\/vc_column_text][\/vc_tta_section][vc_tta_section title=&#8221;Strategi&#8221; tab_id=&#8221;1455026496260-0743a2ec-f76c&#8221;][vc_text_separator title=&#8221;Mission&#8221; title_align=&#8221;separator_align_left&#8221; color=&#8221;peacoc&#8221; border_width=&#8221;3&#8243; css=&#8221;.vc_custom_1453905787432{margin-top: 10px !important;margin-bottom: 10px !important;}&#8221; el_class=&#8221;head1&#8243;][vc_column_text css=&#8221;&#8221;]Med udgangspunkt i kundernes behov vil Tj\u00e6reborg Industri tilbyde energi- og milj\u00f8rigtige l\u00f8sninger til energisektoren fra ide til f\u00e6rdigt projekt og efterf\u00f8lgende service.<\/p>\n<p>Tj\u00e6reborg Industri har de rigtige l\u00f8sninger p.g.a. stort knowhow, levering til aftalt tid, pris og kvalitet, samt et langvarigt samarbejde med kunder og leverand\u00f8rer baseret p\u00e5 gensidig tillid.[\/vc_column_text][vc_text_separator title=&#8221;Vision&#8221; title_align=&#8221;separator_align_left&#8221; color=&#8221;peacoc&#8221; border_width=&#8221;3&#8243; css=&#8221;.vc_custom_1453905814055{margin-top: 10px !important;margin-bottom: 10px !important;}&#8221; el_class=&#8221;head1&#8243;][vc_column_text css=&#8221;&#8221;]Tj\u00e6reborg Industri \u00f8nsker at fastholde sin position som markedsf\u00f8rende i Danmark indenfor levering af komplette l\u00f8sninger til fjernvarmesektoren[\/vc_column_text][vc_text_separator title=&#8221;V\u00e6rdier&#8221; title_align=&#8221;separator_align_left&#8221; color=&#8221;peacoc&#8221; border_width=&#8221;3&#8243; css=&#8221;.vc_custom_1453905820127{margin-top: 10px !important;margin-bottom: 10px !important;}&#8221; el_class=&#8221;head1&#8243;][vc_column_text css=&#8221;&#8221;]Tj\u00e6reborg Industri er baseret p\u00e5 solide vestjyske traditioner, hvor n\u00f8gleordene er stabilitet, tillid, trov\u00e6rdighed og social ansvarlighed.<\/p>\n<p>Tj\u00e6reborg Industri v\u00e6rds\u00e6tter at have gode personlige relationer i forhold til kunder, leverand\u00f8rer og medarbejdere.<\/p>\n<p>&nbsp;<\/p>\n<p>[\/vc_column_text][\/vc_tta_section][vc_tta_section title=&#8221;Bestyrelsen&#8221; tab_id=&#8221;1455026534966-afe30e46-6daa&#8221;][vc_column_text css=&#8221;&#8221;]Bestyrelsen i Tj\u00e6reborg Industri A\/S best\u00e5r af:<\/p>\n<div style=\"overflow-x: auto;\">\n<table class=\"standardtable\">\n<tbody>\n<tr>\n<th style=\"width: 30%;\">Stilling<\/th>\n<th style=\"width: 30%;\">Navn<\/th>\n<th style=\"width: 20%;\">Telefon<\/th>\n<th style=\"width: 20%;\">Email<\/th>\n<\/tr>\n<tr>\n<td>Direkt\u00f8r<\/td>\n<td>Marianne S\u00f8rensen<\/td>\n<td>2428 7880<\/td>\n<td><a href=\"&#x6d;&#x61;&#x69;&#x6c;&#116;&#111;&#58;&#109;&#46;so&#x72;&#x65;&#x6e;&#x73;&#x65;&#110;&#64;&#116;ji&#46;&#x64;&#x6b;\">m&#46;&#x73;&#x6f;&#x72;e&#110;&#115;&#x65;&#x6e;&#64;&#116;&#106;&#x69;&#x2e;dk<\/a><\/td>\n<\/tr>\n<tr>\n<td>Afdelingschef<\/td>\n<td>Niels S\u00f8rensen<\/td>\n<td>2428 7820<\/td>\n<td><a href=\"&#109;&#x61;&#x69;l&#116;&#x6f;:&#110;&#x2e;&#x73;o&#114;&#x65;n&#115;&#x65;&#x6e;&#64;&#116;&#x6a;i&#46;&#x64;&#x6b;\">&#x6e;&#x2e;&#115;&#111;r&#x65;&#x6e;&#x73;&#101;n&#64;&#x74;&#x6a;&#105;&#46;d&#x6b;<\/a><\/td>\n<\/tr>\n<tr>\n<td>Organisationsansvarlig, civilingeni\u00f8r<\/td>\n<td>Anders S\u00f8rensen<\/td>\n<td>2428 7838<\/td>\n<td><a href=\"&#x6d;&#97;&#105;l&#x74;&#x6f;&#58;a&#x2e;&#x73;&#111;re&#x6e;&#115;&#101;n&#x40;&#x74;&#106;i&#x2e;&#x64;&#107;\">a&#46;so&#114;&#101;&#110;&#115;&#101;&#110;&#64;&#x74;&#x6a;&#x69;&#x2e;&#x64;&#x6b;<\/a><\/td>\n<\/tr>\n<tr>\n<td>Controller, civil\u00f8konom<\/td>\n<td>Sandra S\u00f8rensen<\/td>\n<td>2428 7839<\/td>\n<td><a href=\"&#109;&#97;&#x69;l&#116;&#x6f;&#x3a;s&#46;&#x73;&#x6f;r&#101;&#x6e;s&#101;&#x6e;&#x40;t&#106;&#x69;&#x2e;d&#107;\">&#x73;&#x2e;&#x73;&#x6f;&#114;&#101;&#110;&#115;en&#64;&#x74;&#x6a;&#x69;&#x2e;&#x64;&#107;<\/a><\/td>\n<\/tr>\n<\/tbody>\n<\/table>\n<p>&nbsp;<\/p>\n<\/div>\n<p>[\/vc_column_text][\/vc_tta_section][vc_tta_section title=&#8221;Socialt arrangement&#8221; tab_id=&#8221;1455026557381-afec7fa6-5687&#8243;][vc_column_text css=&#8221;&#8221;]Tj\u00e6reborg Industri st\u00f8tter Kr\u00e6ftens Bek\u00e6mpelse.<\/p>\n<p><img decoding=\"async\" class=\"image\" src=\"https:\/\/www.tji.dk\/wp-content\/uploads\/2025\/05\/EM_LOGO_BS-1.png\" alt=\"\" \/><\/p>\n<p>Tj\u00e6reborg Industri st\u00f8tter endvidere en institution i lokalomr\u00e5det:<\/p>\n<ul>\n<li>Tj\u00e6reborg Rideskole &#8211; for mere information <a href=\"http:\/\/www.tjrideskole.dk\" target=\"_blank\" rel=\"noopener noreferrer\">klik her<\/a><\/li>\n<\/ul>\n<p>[\/vc_column_text][\/vc_tta_section][\/vc_tta_tour][\/vc_column][\/vc_row]<\/p>\n<\/div>","protected":false},"excerpt":{"rendered":"<p>[vc_row][vc_column][vc_custom_heading text=&#8221;Profil&#8221; font_container=&#8221;tag:h3|text_align:left&#8221; google_fonts=&#8221;font_family:Arimo%3Aregular%2Citalic%2C700%2C700italic|font_style:400%20regular%3A400%3Anormal&#8221; css=&#8221;.vc_custom_1453910813402{margin-top: 15px !important;margin-bottom: 15px !important;padding-left: 15px !important;background-color: #77aab6 !important;}&#8221; el_class=&#8221;round_corners&#8221;][vc_row_inner][vc_column_inner width=&#8221;2\/3&#8243;][vc_column_text css=&#8221;&#8221;]Tj\u00e6reborg Industri er en familiejet virksomhed, der i dag ledes af direkt\u00f8r Marianne S\u00f8rensen, som er 4. generation og oldebarn af Peder Christian Pedersen, som grundlagde virksomheden helt tilbage i 1881 som en lille traditionel landsbysmedje. Siden har den familieejede&hellip;<\/p>\n","protected":false},"author":6,"featured_media":0,"parent":0,"menu_order":0,"comment_status":"closed","ping_status":"closed","template":"","meta":{"_sitemap_exclude":false,"_sitemap_priority":"","_sitemap_frequency":"","footnotes":""},"class_list":["post-142","page","type-page","status-publish","hentry","description-off"],"_links":{"self":[{"href":"https:\/\/www.tji.dk\/index.php\/wp-json\/wp\/v2\/pages\/142","targetHints":{"allow":["GET"]}}],"collection":[{"href":"https:\/\/www.tji.dk\/index.php\/wp-json\/wp\/v2\/pages"}],"about":[{"href":"https:\/\/www.tji.dk\/index.php\/wp-json\/wp\/v2\/types\/page"}],"author":[{"embeddable":true,"href":"https:\/\/www.tji.dk\/index.php\/wp-json\/wp\/v2\/users\/6"}],"replies":[{"embeddable":true,"href":"https:\/\/www.tji.dk\/index.php\/wp-json\/wp\/v2\/comments?post=142"}],"version-history":[{"count":23,"href":"https:\/\/www.tji.dk\/index.php\/wp-json\/wp\/v2\/pages\/142\/revisions"}],"predecessor-version":[{"id":14598,"href":"https:\/\/www.tji.dk\/index.php\/wp-json\/wp\/v2\/pages\/142\/revisions\/14598"}],"wp:attachment":[{"href":"https:\/\/www.tji.dk\/index.php\/wp-json\/wp\/v2\/media?parent=142"}],"curies":[{"name":"wp","href":"https:\/\/api.w.org\/{rel}","templated":true}]}}