{"id":1460,"date":"2016-01-28T13:43:24","date_gmt":"2016-01-28T12:43:24","guid":{"rendered":"http:\/\/172.18.1.137\/?page_id=1460"},"modified":"2024-05-01T13:43:28","modified_gmt":"2024-05-01T11:43:28","slug":"flex-vogne","status":"publish","type":"page","link":"https:\/\/www.tji.dk\/index.php\/flex-vogne\/","title":{"rendered":"Flex-vogne"},"content":{"rendered":"<div class=\"wpb-content-wrapper\"><p>[vc_row][vc_column width=&#8221;2\/3&#8243;][vc_custom_heading text=&#8221;Flex-vogne&#8221; google_fonts=&#8221;font_family:Arimo%3Aregular%2Citalic%2C700%2C700italic|font_style:400%20regular%3A400%3Anormal&#8221;][vc_column_text]Tj\u00e6reborg Industri har sin egen produktion af Flex-vogne til brug for nedl\u00e6gning af fleksible fjernvarmer\u00f8r.<\/p>\n<p>Flex-vognen bruges af Tj\u00e6reborg Industris egne medarbejdere, som har mange\u00e5rige erfaringer med nedl\u00e6gning af fleksible fjernvarmer\u00f8r.<\/p>\n<p>Flex-vognen er en arbejdsvogn, og m\u00e5 k\u00f8re p\u00e5 offentlig vej, hvis den er forsynet med lygtebom og skilt med 30 km\/h. (ekstraudstyr)<\/p>\n<p>Flex-vognen er beregnet til r\u00f8r op til 200 mm i kappediameter og r\u00f8r-ruller op til 2.420 mm i udvendig diameter og 800 mm i h\u00f8jden.<\/p>\n<p>Flex-vognen er justerbar i b\u00e5de bredden og h\u00f8jden, s\u00e5ledes den kan tilpasses forskellige st\u00f8rrelser p\u00e5 r\u00f8r-rullerne.[\/vc_column_text][vc_custom_heading text=&#8221;Fordele&#8221; font_container=&#8221;tag:h3|text_align:left&#8221; google_fonts=&#8221;font_family:Arimo%3Aregular%2Citalic%2C700%2C700italic|font_style:400%20regular%3A400%3Anormal&#8221; css=&#8221;.vc_custom_1713777661353{margin-top: 50px !important;margin-bottom: 15px !important;padding-left: 15px !important;background-color: #77aab6 !important;}&#8221; el_class=&#8221;round_corners&#8221;][vc_column_text css=&#8221;.vc_custom_1714562644994{margin-bottom: 50px !important;}&#8221;]Fordelene ved brug af en Flex-vogn er mange:<\/p>\n<ul>\n<li class=\"bullet_list blue_sprite\">Nem at l\u00e6sse og nem at betjene.<\/li>\n<li class=\"bullet_list blue_sprite\">R\u00f8r kan nedl\u00e6gges af \u00e9n mand.<\/li>\n<li class=\"bullet_list blue_sprite\">Mindre materialespild da r\u00f8rl\u00e6ngden, som rulles ud, bedre kan styres.<\/li>\n<li class=\"bullet_list blue_sprite\">Hurtigere montage.<\/li>\n<li class=\"bullet_list blue_sprite\">Nemmere transport.<\/li>\n<\/ul>\n<p>En Flex-vogn kan desuden ogs\u00e5 bruges til f.eks. vandr\u00f8r og kabelr\u00f8r.[\/vc_column_text][\/vc_column][vc_column width=&#8221;1\/3&#8243;][vc_custom_heading text=&#8221;Eksempler&#8221; font_container=&#8221;tag:h3|text_align:left&#8221; google_fonts=&#8221;font_family:Arimo%3Aregular%2Citalic%2C700%2C700italic|font_style:400%20regular%3A400%3Anormal&#8221; css=&#8221;.vc_custom_1714562626055{margin-bottom: 15px !important;padding-left: 15px !important;background-color: #77aab6 !important;}&#8221; el_class=&#8221;round_corners&#8221;][vc_media_grid element_width=&#8221;12&#8243; gap=&#8221;25&#8243; item=&#8221;masonryMedia_SlideWithTitleAndCaption&#8221; css=&#8221;.vc_custom_1714562797523{margin-top: 10px !important;margin-bottom: 35px !important;}&#8221; grid_id=&#8221;vc_gid:1714562619447-04fca54d-2602-10&#8243; include=&#8221;514,629&#8243;][\/vc_column][\/vc_row][vc_row type=&#8221;vc_default&#8221;][vc_column][vc_custom_heading text=&#8221;Download&#8221; font_container=&#8221;tag:h3|text_align:left&#8221; google_fonts=&#8221;font_family:Arimo%3Aregular%2Citalic%2C700%2C700italic|font_style:400%20regular%3A400%3Anormal&#8221; css=&#8221;.vc_custom_1714562701703{margin-bottom: 35px !important;padding-left: 15px !important;background-color: #77aab6 !important;}&#8221; el_class=&#8221;round_corners&#8221;][vc_row_inner][vc_column_inner width=&#8221;1\/4&#8243;][vc_single_image image=&#8221;13296&#8243; img_size=&#8221;100&#215;100&#8243; alignment=&#8221;center&#8221; onclick=&#8221;custom_link&#8221; img_link_target=&#8221;_blank&#8221; css=&#8221;.vc_custom_1713777466217{margin-bottom: 10px !important;}&#8221; image_hovers=&#8221;false&#8221; link=&#8221;https:\/\/www.tji.dk\/wp-content\/uploads\/2020\/09\/Flex-vogn-brochure.pdf&#8221;][vc_column_text css=&#8221;&#8221;]<\/p>\n<p style=\"text-align: center;\"><strong>Brochureblad i PDF<\/strong><\/p>\n<p>[\/vc_column_text][\/vc_column_inner][vc_column_inner width=&#8221;1\/4&#8243;][\/vc_column_inner][vc_column_inner width=&#8221;1\/4&#8243;][\/vc_column_inner][vc_column_inner width=&#8221;1\/4&#8243;][\/vc_column_inner][\/vc_row_inner][vc_custom_heading text=&#8221;Dimensioner&#8221; font_container=&#8221;tag:h3|text_align:left&#8221; google_fonts=&#8221;font_family:Arimo%3Aregular%2Citalic%2C700%2C700italic|font_style:400%20regular%3A400%3Anormal&#8221; css=&#8221;.vc_custom_1713777721106{margin-top: 30px !important;margin-bottom: 15px !important;padding-left: 15px !important;background-color: #77aab6 !important;}&#8221; el_class=&#8221;round_corners&#8221;][vc_column_text css=&#8221;.vc_custom_1714562692916{margin-top: 25px !important;}&#8221;]<\/p>\n<div style=\"overflow-x: auto;\">\n<table class=\"standardtable\">\n<tbody>\n<tr>\n<th style=\"width: 30%;\">Specifikation<\/th>\n<th style=\"width: 35%;\">Lille: Til og med \u00d8 125 mm kapper\u00f8r<\/th>\n<th style=\"width: 35%;\">Stor: Til og med \u00d8 200 mm kapper\u00f8r<\/th>\n<\/tr>\n<tr>\n<td>Egenv\u00e6gt<\/td>\n<td>ca. 200 kg<\/td>\n<td>ca. 200 kg<\/td>\n<\/tr>\n<tr>\n<td>Hjul<\/td>\n<td>\u00f8 400 mm d\u00e6k p\u00e5 8\u201d f\u00e6lg<\/td>\n<td>\u00f8 500 mm d\u00e6k p\u00e5 8\u201d f\u00e6lg<\/td>\n<\/tr>\n<tr>\n<td>Mindste bredde<\/td>\n<td>1,50 meter<\/td>\n<td>1,50 meter<\/td>\n<\/tr>\n<tr>\n<td>St\u00f8rste bredde<\/td>\n<td>2,50 meter<\/td>\n<td>2,50 meter<\/td>\n<\/tr>\n<tr>\n<td>Mindste l\u00e6ngde<\/td>\n<td>2,80 meter<\/td>\n<td>2,80 meter<\/td>\n<\/tr>\n<tr>\n<td>St\u00f8rste l\u00e6ngde<\/td>\n<td>3,45 meter<\/td>\n<td>3,45 meter<\/td>\n<\/tr>\n<tr>\n<td>St\u00f8rste h\u00f8jde<\/td>\n<td>ca. 1,8 meter<\/td>\n<td>ca. 1,8 meter<\/td>\n<\/tr>\n<tr>\n<td>Max v\u00e6gt<\/td>\n<td>400 kg.<\/td>\n<td>600 kg.<\/td>\n<\/tr>\n<\/tbody>\n<\/table>\n<\/div>\n<p>[\/vc_column_text][\/vc_column][\/vc_row]<\/p>\n<\/div>","protected":false},"excerpt":{"rendered":"<p>[vc_row][vc_column width=&#8221;2\/3&#8243;][vc_custom_heading text=&#8221;Flex-vogne&#8221; google_fonts=&#8221;font_family:Arimo%3Aregular%2Citalic%2C700%2C700italic|font_style:400%20regular%3A400%3Anormal&#8221;][vc_column_text]Tj\u00e6reborg Industri har sin egen produktion af Flex-vogne til brug for nedl\u00e6gning af fleksible fjernvarmer\u00f8r. Flex-vognen bruges af Tj\u00e6reborg Industris egne medarbejdere, som har mange\u00e5rige erfaringer med nedl\u00e6gning af fleksible fjernvarmer\u00f8r. Flex-vognen er en arbejdsvogn, og m\u00e5 k\u00f8re p\u00e5 offentlig vej, hvis den er forsynet med lygtebom og skilt med 30 km\/h.&hellip;<\/p>\n","protected":false},"author":6,"featured_media":0,"parent":0,"menu_order":0,"comment_status":"closed","ping_status":"closed","template":"","meta":{"_sitemap_exclude":false,"_sitemap_priority":"","_sitemap_frequency":"","footnotes":""},"class_list":["post-1460","page","type-page","status-publish","hentry","description-off"],"_links":{"self":[{"href":"https:\/\/www.tji.dk\/index.php\/wp-json\/wp\/v2\/pages\/1460","targetHints":{"allow":["GET"]}}],"collection":[{"href":"https:\/\/www.tji.dk\/index.php\/wp-json\/wp\/v2\/pages"}],"about":[{"href":"https:\/\/www.tji.dk\/index.php\/wp-json\/wp\/v2\/types\/page"}],"author":[{"embeddable":true,"href":"https:\/\/www.tji.dk\/index.php\/wp-json\/wp\/v2\/users\/6"}],"replies":[{"embeddable":true,"href":"https:\/\/www.tji.dk\/index.php\/wp-json\/wp\/v2\/comments?post=1460"}],"version-history":[{"count":19,"href":"https:\/\/www.tji.dk\/index.php\/wp-json\/wp\/v2\/pages\/1460\/revisions"}],"predecessor-version":[{"id":13445,"href":"https:\/\/www.tji.dk\/index.php\/wp-json\/wp\/v2\/pages\/1460\/revisions\/13445"}],"wp:attachment":[{"href":"https:\/\/www.tji.dk\/index.php\/wp-json\/wp\/v2\/media?parent=1460"}],"curies":[{"name":"wp","href":"https:\/\/api.w.org\/{rel}","templated":true}]}}