{"id":1462,"date":"2016-01-28T13:49:11","date_gmt":"2016-01-28T12:49:11","guid":{"rendered":"http:\/\/172.18.1.137\/?page_id=1462"},"modified":"2025-05-09T10:49:17","modified_gmt":"2025-05-09T08:49:17","slug":"indfoeringsskabe","status":"publish","type":"page","link":"https:\/\/www.tji.dk\/index.php\/indfoeringsskabe\/","title":{"rendered":"Indf\u00f8ringsskabe"},"content":{"rendered":"<div class=\"wpb-content-wrapper\"><p>[vc_row][vc_column width=&#8221;2\/3&#8243;][vc_custom_heading text=&#8221;Indf\u00f8ringsskabe&#8221; google_fonts=&#8221;font_family:Arimo%3Aregular%2Citalic%2C700%2C700italic|font_style:400%20regular%3A400%3Anormal&#8221;][vc_column_text]Tj\u00e6reborg Industri har sin egen produktion af indf\u00f8ringsskabe til brug for indf\u00f8ring af fjernvarmeledninger til husstanden.<\/p>\n<p>Indf\u00f8ringsskabe fra Tj\u00e6reborg Industri f\u00e5s i forskellige udformninger, st\u00f8rrelser og farver.<br \/>\nLys gr\u00e5 er uden farvetill\u00e6g. Andre farver kan leveres mod till\u00e6g.[\/vc_column_text][vc_single_image image=&#8221;555&#8243; img_size=&#8221;full&#8221; alignment=&#8221;center&#8221; css=&#8221;.vc_custom_1706620572344{margin-top: 20px !important;margin-bottom: 40px !important;}&#8221;][vc_column_text css=&#8221;.vc_custom_1714560171367{margin-top: 40px !important;margin-bottom: 40px !important;}&#8221;]<\/p>\n<div style=\"overflow-x: auto;\">\n<table class=\"standardtable\">\n<tbody>\n<tr>\n<th>Type<\/th>\n<th>Form\u00e5l<\/th>\n<\/tr>\n<tr>\n<td>1<\/td>\n<td>Simpel installation uden ventiler.<\/td>\n<\/tr>\n<tr>\n<td>2 \u2013 4<\/td>\n<td>Simpel installation med mulighed for adgang til ventiler.<\/td>\n<\/tr>\n<tr>\n<td>5<\/td>\n<td>Samlet installation til vand.<\/td>\n<\/tr>\n<tr>\n<td>6 \u2013 8<\/td>\n<td>Simpel installation med mulighed for adgang til ventiler.<\/td>\n<\/tr>\n<\/tbody>\n<\/table>\n<\/div>\n<p>[\/vc_column_text][vc_custom_heading text=&#8221;Fordelene ved brug indf\u00f8ringsskabe er mange&#8221; font_container=&#8221;tag:h3|text_align:left&#8221; google_fonts=&#8221;font_family:Arimo%3Aregular%2Citalic%2C700%2C700italic|font_style:400%20regular%3A400%3Anormal&#8221; css=&#8221;.vc_custom_1714561754441{margin-top: 50px !important;padding-left: 15px !important;background-color: #77aab6 !important;}&#8221; el_class=&#8221;round_corners&#8221;][vc_column_text css=&#8221;.vc_custom_1714561772432{margin-bottom: 40px !important;}&#8221;]<\/p>\n<ul>\n<li class=\"bullet_list blue_sprite\">Let og hurtig montage.<\/li>\n<li class=\"bullet_list blue_sprite\">Kan monteres p\u00e5 alle typer huse.<\/li>\n<li class=\"bullet_list blue_sprite\">Ingen ned- eller gennembrydning af sokkel eller gulv.<\/li>\n<li class=\"bullet_list blue_sprite\">Ingen indtr\u00e6ngen af grundvand eller nedb\u00f8r i soklen.<\/li>\n<li class=\"bullet_list blue_sprite\">Nemmere transport.<\/li>\n<li class=\"bullet_list blue_sprite\">Aftapning\/udluftning foretages i skabet *.<\/li>\n<li class=\"bullet_list blue_sprite\">Varmetab minimeres, da skabet er isoleret *.<\/li>\n<li class=\"bullet_list blue_sprite\">Ventiler kan betjenes og serviceres igennem l\u00e5gen *.<\/li>\n<li class=\"bullet_list blue_sprite\">L\u00e5gen er fastgjort med l\u00e5s *.<\/li>\n<\/ul>\n<p><span class=\"notion\">* Kun for modeller med l\u00e5g, type 2 &#8211; 8. Mod till\u00e6g f\u00e5s type 1 ogs\u00e5 med isolering.<\/span>[\/vc_column_text][vc_row_inner css=&#8221;.vc_custom_1714561805695{margin-top: 50px !important;margin-right: 10px !important;margin-bottom: 30px !important;margin-left: 10px !important;}&#8221;][vc_column_inner width=&#8221;1\/3&#8243;][vc_single_image image=&#8221;12756&#8243; img_size=&#8221;medium&#8221; add_caption=&#8221;yes&#8221; alignment=&#8221;center&#8221; onclick=&#8221;link_image&#8221; image_hovers=&#8221;false&#8221;][\/vc_column_inner][vc_column_inner width=&#8221;1\/3&#8243;][vc_single_image image=&#8221;12757&#8243; img_size=&#8221;medium&#8221; add_caption=&#8221;yes&#8221; alignment=&#8221;center&#8221; onclick=&#8221;link_image&#8221; image_hovers=&#8221;false&#8221;][\/vc_column_inner][vc_column_inner width=&#8221;1\/3&#8243;][vc_single_image image=&#8221;12758&#8243; img_size=&#8221;medium&#8221; add_caption=&#8221;yes&#8221; alignment=&#8221;center&#8221; onclick=&#8221;link_image&#8221; image_hovers=&#8221;false&#8221;][\/vc_column_inner][\/vc_row_inner][vc_custom_heading text=&#8221;Download&#8221; font_container=&#8221;tag:h3|text_align:left&#8221; google_fonts=&#8221;font_family:Arimo%3Aregular%2Citalic%2C700%2C700italic|font_style:400%20regular%3A400%3Anormal&#8221; css=&#8221;.vc_custom_1714561813010{margin-top: 20px !important;margin-bottom: 30px !important;padding-left: 15px !important;background-color: #77aab6 !important;}&#8221; el_class=&#8221;round_corners&#8221;][vc_row_inner css=&#8221;.vc_custom_1714560262006{margin-bottom: 30px !important;}&#8221;][vc_column_inner width=&#8221;1\/3&#8243;][vc_single_image image=&#8221;13296&#8243; img_size=&#8221;100&#215;100&#8243; alignment=&#8221;center&#8221; onclick=&#8221;custom_link&#8221; img_link_target=&#8221;_blank&#8221; css=&#8221;.vc_custom_1713767652466{margin-bottom: 10px !important;}&#8221; image_hovers=&#8221;false&#8221; link=&#8221;https:\/\/www.tji.dk\/wp-content\/uploads\/2016\/01\/Referenceliste-indf%C3%B8ringsskabe.pdf&#8221;][vc_column_text css=&#8221;&#8221;]<\/p>\n<p style=\"text-align: center;\"><strong>Referenceliste<\/strong><\/p>\n<p>[\/vc_column_text][\/vc_column_inner][vc_column_inner width=&#8221;1\/3&#8243;][vc_single_image image=&#8221;13296&#8243; img_size=&#8221;100&#215;100&#8243; alignment=&#8221;center&#8221; onclick=&#8221;custom_link&#8221; img_link_target=&#8221;_blank&#8221; css=&#8221;.vc_custom_1713767703621{margin-bottom: 10px !important;}&#8221; image_hovers=&#8221;false&#8221; link=&#8221;https:\/\/www.tji.dk\/wp-content\/uploads\/2024\/02\/Indfoeringsskab-brochure-ny-2024.pdf&#8221;][vc_column_text css=&#8221;&#8221;]<\/p>\n<div class=\"wpb_text_column wpb_content_element vc_custom_1713767303735\">\n<div class=\"wpb_wrapper\">\n<p style=\"text-align: center;\"><strong>Brochureblad i PDF<\/strong><em><br \/>\n<\/em><\/p>\n<\/div>\n<\/div>\n<p>[\/vc_column_text][\/vc_column_inner][vc_column_inner width=&#8221;1\/3&#8243;][\/vc_column_inner][\/vc_row_inner][\/vc_column][vc_column width=&#8221;1\/3&#8243;][vc_custom_heading text=&#8221;Eksempler&#8221; font_container=&#8221;tag:h3|text_align:left&#8221; google_fonts=&#8221;font_family:Arimo%3Aregular%2Citalic%2C700%2C700italic|font_style:400%20regular%3A400%3Anormal&#8221; css=&#8221;.vc_custom_1714559989111{margin-bottom: 15px !important;padding-left: 15px !important;background-color: #77aab6 !important;}&#8221; el_class=&#8221;round_corners&#8221;][vc_media_grid element_width=&#8221;12&#8243; gap=&#8221;25&#8243; item=&#8221;masonryMedia_SlideWithTitleAndCaption&#8221; css=&#8221;.vc_custom_1714559999014{margin-top: 10px !important;}&#8221; grid_id=&#8221;vc_gid:1746780297164-6dea3110-ba55-7&#8243; include=&#8221;3966,3964,3965,3967&#8243;][\/vc_column][\/vc_row][vc_row type=&#8221;vc_default&#8221;][vc_column][vc_custom_heading text=&#8221;Dimensioner&#8221; font_container=&#8221;tag:h3|text_align:left&#8221; google_fonts=&#8221;font_family:Arimo%3Aregular%2Citalic%2C700%2C700italic|font_style:400%20regular%3A400%3Anormal&#8221; css=&#8221;.vc_custom_1746780319480{margin-top: 30px !important;margin-bottom: 15px !important;padding-left: 15px !important;background-color: #77aab6 !important;}&#8221; el_class=&#8221;round_corners&#8221;][\/vc_column][\/vc_row][vc_row type=&#8221;vc_default&#8221; content_placement=&#8221;middle&#8221;][vc_column width=&#8221;1\/3&#8243;][vc_single_image image=&#8221;673&#8243; img_size=&#8221;full&#8221; alignment=&#8221;center&#8221; css=&#8221;&#8221; image_hovers=&#8221;false&#8221;][\/vc_column][vc_column width=&#8221;2\/3&#8243;][vc_column_text css=&#8221;&#8221;]<\/p>\n<div style=\"overflow-x: auto;\">\n<table class=\"standardtable\">\n<tbody>\n<tr>\n<th style=\"width: 20%;\">Type<\/th>\n<th style=\"text-align: center; width: 10%;\">1<\/th>\n<th style=\"text-align: center; width: 10%;\">2<\/th>\n<th style=\"text-align: center; width: 10%;\">3<\/th>\n<th style=\"text-align: center; width: 10%;\">4<\/th>\n<th style=\"text-align: center; width: 10%;\">5<\/th>\n<th style=\"text-align: center; width: 10%;\">6<\/th>\n<th style=\"text-align: center; width: 10%;\">7<\/th>\n<th style=\"text-align: center; width: 10%;\">8<\/th>\n<\/tr>\n<tr>\n<td>Side A (mm)<\/td>\n<td style=\"text-align: center;\">716<\/td>\n<td style=\"text-align: center;\">716<\/td>\n<td style=\"text-align: center;\">850<\/td>\n<td style=\"text-align: center;\">1.000<\/td>\n<td style=\"text-align: center;\">900<\/td>\n<td style=\"text-align: center;\">716<\/td>\n<td style=\"text-align: center;\">1.550<\/td>\n<td style=\"text-align: center;\">1.550<\/td>\n<\/tr>\n<tr>\n<td>Side B (mm)<\/td>\n<td style=\"text-align: center;\">290<\/td>\n<td style=\"text-align: center;\">290<\/td>\n<td style=\"text-align: center;\">350<\/td>\n<td style=\"text-align: center;\">350<\/td>\n<td style=\"text-align: center;\">640<\/td>\n<td style=\"text-align: center;\">290<\/td>\n<td style=\"text-align: center;\">290<\/td>\n<td style=\"text-align: center;\">290<\/td>\n<\/tr>\n<tr>\n<td>Side C (mm)<\/td>\n<td style=\"text-align: center;\">195<\/td>\n<td style=\"text-align: center;\">195<\/td>\n<td style=\"text-align: center;\">220<\/td>\n<td style=\"text-align: center;\">300<\/td>\n<td style=\"text-align: center;\">350<\/td>\n<td style=\"text-align: center;\">195<\/td>\n<td style=\"text-align: center;\">195<\/td>\n<td style=\"text-align: center;\">195<\/td>\n<\/tr>\n<tr>\n<td>Side D (mm)<\/td>\n<td style=\"text-align: center;\">574<\/td>\n<td style=\"text-align: center;\">574<\/td>\n<td style=\"text-align: center;\">708<\/td>\n<td style=\"text-align: center;\">858<\/td>\n<td style=\"text-align: center;\">885<\/td>\n<td style=\"text-align: center;\">574<\/td>\n<td style=\"text-align: center;\">1408<\/td>\n<td style=\"text-align: center;\">1408<\/td>\n<\/tr>\n<tr>\n<td>Side E (mm)<\/td>\n<td style=\"text-align: center;\">142<\/td>\n<td style=\"text-align: center;\">142<\/td>\n<td style=\"text-align: center;\">142<\/td>\n<td style=\"text-align: center;\">142<\/td>\n<td style=\"text-align: center;\">15<\/td>\n<td style=\"text-align: center;\">142<\/td>\n<td style=\"text-align: center;\">142<\/td>\n<td style=\"text-align: center;\">142<\/td>\n<\/tr>\n<\/tbody>\n<\/table>\n<\/div>\n<table>\n<tbody>\n<tr>\n<td style=\"text-align: left;\">Prisen er ab fabrik, i standard gr\u00e5 farve og<strong> excl. <\/strong>moms g\u00e6ldende fra den 01.01.2023.<br \/>\nAlle leverancer og ydelser sker i henhold til vores <a class=\"fancy_link_a\" href=\"https:\/\/www.tji.dk\/wp-content\/uploads\/2016\/01\/Salgs-og-leveringsbetingelser-fra-TI-19-1.pdf\" target=\"_blank\" rel=\"noopener noreferrer\">salgs- og leveringsbetingelser.<\/a><\/td>\n<\/tr>\n<\/tbody>\n<\/table>\n<p>[\/vc_column_text][\/vc_column][\/vc_row][vc_row type=&#8221;vc_default&#8221; disable_element=&#8221;yes&#8221;][vc_column][vc_custom_heading text=&#8221;Dimensioner og priser&#8221; font_container=&#8221;tag:h3|text_align:left&#8221; google_fonts=&#8221;font_family:Arimo%3Aregular%2Citalic%2C700%2C700italic|font_style:400%20regular%3A400%3Anormal&#8221; css=&#8221;.vc_custom_1713768218910{margin-top: 30px !important;margin-bottom: 15px !important;padding-left: 15px !important;background-color: #77aab6 !important;}&#8221; el_class=&#8221;round_corners&#8221;][\/vc_column][\/vc_row][vc_row type=&#8221;vc_default&#8221; content_placement=&#8221;middle&#8221; disable_element=&#8221;yes&#8221;][vc_column width=&#8221;1\/3&#8243;][vc_single_image image=&#8221;673&#8243; img_size=&#8221;full&#8221; alignment=&#8221;center&#8221; css=&#8221;&#8221; image_hovers=&#8221;false&#8221;][\/vc_column][vc_column width=&#8221;2\/3&#8243;][vc_column_text css=&#8221;&#8221;]<\/p>\n<div style=\"overflow-x: auto;\">\n<table class=\"standardtable\">\n<tbody>\n<tr>\n<th>Type<\/th>\n<th style=\"text-align: center;\">1<\/th>\n<th style=\"text-align: center;\">2<\/th>\n<th style=\"text-align: center;\">3<\/th>\n<th style=\"text-align: center;\">4<\/th>\n<th style=\"text-align: center;\">5<\/th>\n<th style=\"text-align: center;\">6<\/th>\n<th style=\"text-align: center;\">7<\/th>\n<th style=\"text-align: center;\">8<\/th>\n<\/tr>\n<tr>\n<td>Side A (mm)<\/td>\n<td style=\"text-align: center;\">716<\/td>\n<td style=\"text-align: center;\">716<\/td>\n<td style=\"text-align: center;\">850<\/td>\n<td style=\"text-align: center;\">1.000<\/td>\n<td style=\"text-align: center;\">900<\/td>\n<td style=\"text-align: center;\">716<\/td>\n<td style=\"text-align: center;\">1.550<\/td>\n<td style=\"text-align: center;\">1.550<\/td>\n<\/tr>\n<tr>\n<td>Side B (mm)<\/td>\n<td style=\"text-align: center;\">290<\/td>\n<td style=\"text-align: center;\">290<\/td>\n<td style=\"text-align: center;\">350<\/td>\n<td style=\"text-align: center;\">350<\/td>\n<td style=\"text-align: center;\">640<\/td>\n<td style=\"text-align: center;\">290<\/td>\n<td style=\"text-align: center;\">290<\/td>\n<td style=\"text-align: center;\">290<\/td>\n<\/tr>\n<tr>\n<td>Side C (mm)<\/td>\n<td style=\"text-align: center;\">195<\/td>\n<td style=\"text-align: center;\">195<\/td>\n<td style=\"text-align: center;\">220<\/td>\n<td style=\"text-align: center;\">300<\/td>\n<td style=\"text-align: center;\">350<\/td>\n<td style=\"text-align: center;\">195<\/td>\n<td style=\"text-align: center;\">195<\/td>\n<td style=\"text-align: center;\">195<\/td>\n<\/tr>\n<tr>\n<td>Side D (mm)<\/td>\n<td style=\"text-align: center;\">574<\/td>\n<td style=\"text-align: center;\">574<\/td>\n<td style=\"text-align: center;\">708<\/td>\n<td style=\"text-align: center;\">858<\/td>\n<td style=\"text-align: center;\">885<\/td>\n<td style=\"text-align: center;\">574<\/td>\n<td style=\"text-align: center;\">1408<\/td>\n<td style=\"text-align: center;\">1408<\/td>\n<\/tr>\n<tr>\n<td>Side E (mm)<\/td>\n<td style=\"text-align: center;\">142<\/td>\n<td style=\"text-align: center;\">142<\/td>\n<td style=\"text-align: center;\">142<\/td>\n<td style=\"text-align: center;\">142<\/td>\n<td style=\"text-align: center;\">15<\/td>\n<td style=\"text-align: center;\">142<\/td>\n<td style=\"text-align: center;\">142<\/td>\n<td style=\"text-align: center;\">142<\/td>\n<\/tr>\n<tr class=\"no-print\">\n<td>Pris (D.kr.)<\/td>\n<td style=\"text-align: center;\">1.390,-<\/td>\n<td style=\"text-align: center;\">2.114,-<\/td>\n<td style=\"text-align: center;\">3.165,-<\/td>\n<td style=\"text-align: center;\">3.197,-<\/td>\n<td style=\"text-align: center;\">5.403,-<\/td>\n<td style=\"text-align: center;\">2.114,-<\/td>\n<td style=\"text-align: center;\">3.625,-<\/td>\n<td style=\"text-align: center;\">3.625,-<\/td>\n<\/tr>\n<\/tbody>\n<\/table>\n<\/div>\n<table>\n<tbody>\n<tr>\n<td style=\"text-align: left;\">Prisen er ab fabrik, i standard gr\u00e5 farve og<strong> excl. <\/strong>moms g\u00e6ldende fra den 01.01.2023.<br \/>\nAlle leverancer og ydelser sker i henhold til vores <a class=\"fancy_link_a\" href=\"https:\/\/www.tji.dk\/wp-content\/uploads\/2016\/01\/Salgs-og-leveringsbetingelser-fra-TI-19-1.pdf\" target=\"_blank\" rel=\"noopener noreferrer\">salgs- og leveringsbetingelser.<\/a><\/td>\n<\/tr>\n<\/tbody>\n<\/table>\n<p>[\/vc_column_text][\/vc_column][\/vc_row]<\/p>\n<\/div>","protected":false},"excerpt":{"rendered":"<p>[vc_row][vc_column width=&#8221;2\/3&#8243;][vc_custom_heading text=&#8221;Indf\u00f8ringsskabe&#8221; google_fonts=&#8221;font_family:Arimo%3Aregular%2Citalic%2C700%2C700italic|font_style:400%20regular%3A400%3Anormal&#8221;][vc_column_text]Tj\u00e6reborg Industri har sin egen produktion af indf\u00f8ringsskabe til brug for indf\u00f8ring af fjernvarmeledninger til husstanden. Indf\u00f8ringsskabe fra Tj\u00e6reborg Industri f\u00e5s i forskellige udformninger, st\u00f8rrelser og farver. Lys gr\u00e5 er uden farvetill\u00e6g. Andre farver kan leveres mod till\u00e6g.[\/vc_column_text][vc_single_image image=&#8221;555&#8243; img_size=&#8221;full&#8221; alignment=&#8221;center&#8221; css=&#8221;.vc_custom_1706620572344{margin-top: 20px !important;margin-bottom: 40px !important;}&#8221;][vc_column_text css=&#8221;.vc_custom_1714560171367{margin-top: 40px !important;margin-bottom: 40px !important;}&#8221;] Type&hellip;<\/p>\n","protected":false},"author":6,"featured_media":0,"parent":0,"menu_order":0,"comment_status":"closed","ping_status":"closed","template":"","meta":{"_sitemap_exclude":false,"_sitemap_priority":"","_sitemap_frequency":"","footnotes":""},"class_list":["post-1462","page","type-page","status-publish","hentry","description-off"],"_links":{"self":[{"href":"https:\/\/www.tji.dk\/index.php\/wp-json\/wp\/v2\/pages\/1462","targetHints":{"allow":["GET"]}}],"collection":[{"href":"https:\/\/www.tji.dk\/index.php\/wp-json\/wp\/v2\/pages"}],"about":[{"href":"https:\/\/www.tji.dk\/index.php\/wp-json\/wp\/v2\/types\/page"}],"author":[{"embeddable":true,"href":"https:\/\/www.tji.dk\/index.php\/wp-json\/wp\/v2\/users\/6"}],"replies":[{"embeddable":true,"href":"https:\/\/www.tji.dk\/index.php\/wp-json\/wp\/v2\/comments?post=1462"}],"version-history":[{"count":32,"href":"https:\/\/www.tji.dk\/index.php\/wp-json\/wp\/v2\/pages\/1462\/revisions"}],"predecessor-version":[{"id":14524,"href":"https:\/\/www.tji.dk\/index.php\/wp-json\/wp\/v2\/pages\/1462\/revisions\/14524"}],"wp:attachment":[{"href":"https:\/\/www.tji.dk\/index.php\/wp-json\/wp\/v2\/media?parent=1462"}],"curies":[{"name":"wp","href":"https:\/\/api.w.org\/{rel}","templated":true}]}}