{"id":14719,"date":"2025-06-25T09:37:04","date_gmt":"2025-06-25T07:37:04","guid":{"rendered":"https:\/\/www.tji.dk\/?page_id=14719"},"modified":"2026-03-30T15:04:08","modified_gmt":"2026-03-30T13:04:08","slug":"job15-gravemester-til-soenderjylland","status":"publish","type":"page","link":"https:\/\/www.tji.dk\/index.php\/jobs\/job15-gravemester-til-soenderjylland\/","title":{"rendered":"Gravemester til S\u00f8nderjylland"},"content":{"rendered":"<div class=\"wpb-content-wrapper\"><p>[vc_row type=&#8221;vc_default&#8221; css=&#8221;.vc_custom_1747913964900{margin-right: 5px !important;margin-left: 5px !important;}&#8221;][vc_column width=&#8221;3\/4&#8243;][vc_column_text css=&#8221;&#8221;]<\/p>\n<h3><strong>Gravemester til S\u00f8nderjylland<\/strong><\/h3>\n<p>I forbindelse med vores forsatte travlhed s\u00f8ger vi en gravemester\/maskinf\u00f8rer til gravearbejde til fjernvarme i S\u00f8nderjylland og op til Esbjerg-omr\u00e5det.<\/p>\n<p>Som gravemester forventes det, at du indg\u00e5r som en aktiv del i dit sjak, mens du samtidig st\u00e5r for kommunikation med projektlederen, r\u00f8rl\u00e6ggere og eventuelt myndigheder.<\/p>\n<h4><strong>Arbejdsopgaver\u00a0 <\/strong><\/h4>\n<p>Arbejdsopgaverne sp\u00e6nder vidt, og omfatter bl.a.:<\/p>\n<ul>\n<li>gravearbejde i forbindelse med fjernvarmeledninger<\/li>\n<li>styring af sjak<\/li>\n<li>indsamling af dokumentation til kvalitetssikring<\/li>\n<li>koordinering med kunder og projektleder<\/li>\n<\/ul>\n<h4><strong>Kvalifikationer <\/strong><\/h4>\n<p>Arbejdet kr\u00e6ver, at du som minimum har k\u00f8rekort til almindelig bil (B+BE).<\/p>\n<p>Derudover vil det v\u00e6re en fordel, hvis du:<\/p>\n<ul>\n<li>har erfaring som maskinf\u00f8rer.<\/li>\n<li>er selvst\u00e6ndig med mod p\u00e5 udfordringer.<\/li>\n<li>er flexibel, m\u00f8destabil, samarbejdsvillig og kvalitetsbevidst.<\/li>\n<li>har god tegningsforst\u00e5else.<\/li>\n<li>har et godt overblik i en til tider travl hverdag.<\/li>\n<li>har certifikatet Vejen som Arbejdsplan Trin 1 eller Vejen som Arbejdsplads \u2013 Certifikat (AMU)<\/li>\n<\/ul>\n<p>Det vigtigste er dog, at du er villig til at l\u00e6re og tage fat.<\/p>\n<h4><strong>Vi kan tilbyde <\/strong><\/h4>\n<ul>\n<li>Alsidige arbejdsopgaver.<\/li>\n<li>Gode arbejdsforhold i et uformelt arbejdsklima.<\/li>\n<li>L\u00f8n efter kvalifikationer.<\/li>\n<li>Egen firmabil pr. sjak.<\/li>\n<\/ul>\n<h4><strong>Om Tj\u00e6reborg Industri<\/strong><\/h4>\n<p>Tj\u00e6reborg Industri A\/S er en familieejet virksomhed med hovedkontor beliggende i Tj\u00e6reborg. Virksomheden besk\u00e6ftiger sig med fjernvarme, hvor vi som totalleverand\u00f8r, b\u00e5de arbejder med fjernvarmer\u00f8r, installationer og avanceret styring.<\/p>\n<p>Yderligere oplysninger om stillingen kan f\u00e5s ved henvendelse til Micheal M\u00e6tzke p\u00e5 telefon +45 2774 7838 i tidsrummet 07.00-15.45.<\/p>\n<p>F\u00e5 yderligere information om arbejdskulturen hos Tj\u00e6reborg Industri via dette <a href=\"https:\/\/www.tji.dk\/index.php\/info\/jobs\/#kultur\">link<\/a><\/p>\n<p>Skriftlig ans\u00f8gning med oplysninger om uddannelse og tidligere besk\u00e6ftigelse bedes fremsendt via online jobans\u00f8gning.<\/p>\n<p>[\/vc_column_text][vc_row_inner][vc_column_inner]<style type=\"text\/css\" data-type=\"the7_shortcodes-inline-css\">#default-btn-a4efa45d443480ee6be3e0d3b655d8db {\n  border-radius: 3px;\n  font-size: 14px;\n  line-height: 16px;\n}\n.btn-shadow#default-btn-a4efa45d443480ee6be3e0d3b655d8db {\n  box-shadow: 0 1px 6px rgba(0,0,0,0.12);\n  transition: box-shadow 0.2s ease-out, opacity 0.45s;\n}\n.btn-shadow#default-btn-a4efa45d443480ee6be3e0d3b655d8db:hover {\n  box-shadow: 0 5px 11px 0 rgba(0,0,0,0.18), 0 4px 15px 0 rgba(0,0,0,0.15);\n}\n.btn-3d#default-btn-a4efa45d443480ee6be3e0d3b655d8db {\n  box-shadow: 0px 2px 0px 0px #6c7f84;\n}\n.btn-3d#default-btn-a4efa45d443480ee6be3e0d3b655d8db:hover {\n  box-shadow: 0px 2px 0px 0px #b45f23;\n}\n.btn-flat#default-btn-a4efa45d443480ee6be3e0d3b655d8db {\n  box-shadow: none;\n}\n.btn-flat#default-btn-a4efa45d443480ee6be3e0d3b655d8db:hover {\n  box-shadow: none;\n}\n#default-btn-a4efa45d443480ee6be3e0d3b655d8db.ico-right-side > i {\n  margin-right: 0px;\n  margin-left: 8px;\n}\n#default-btn-a4efa45d443480ee6be3e0d3b655d8db > i {\n  margin-right: 8px;\n  font-size: 14px;\n}\n#default-btn-a4efa45d443480ee6be3e0d3b655d8db:not(:hover) {\n  border-width: 0px;\n  background: #77aab6 !important;\n  padding: 12px 18px 11px 18px;\n}\n#default-btn-a4efa45d443480ee6be3e0d3b655d8db:hover {\n  border-width: 0px;\n  background: #f07924 !important;\n  padding: 12px 18px 11px 18px;\n}\n#default-btn-a4efa45d443480ee6be3e0d3b655d8db.ico-right-side > i {\n  margin-right: 0px;\n  margin-left: 8px;\n}\n#default-btn-a4efa45d443480ee6be3e0d3b655d8db > i {\n  margin-right: 8px;\n}<\/style><a href=\"https:\/\/www.tji.dk\/index.php\/online-jobansoegning-ti\/?job=Gravemester+til+S\u00f8nderjylland\" class=\"default-btn-shortcode dt-btn fadeIn animate-element animation-builder link-hover-off btn-inline-left btn-shadow \" id=\"default-btn-a4efa45d443480ee6be3e0d3b655d8db\"><i class=\"fas fa-pencil-alt\"><\/i><span>Ans\u00f8g job hos Tj\u00e6reborg Industri<\/span><\/a>[\/vc_column_inner][\/vc_row_inner][vc_row_inner css=&#8221;.vc_custom_1677504062889{margin-top: 15px !important;margin-bottom: 30px !important;}&#8221;][vc_column_inner]<style type=\"text\/css\" data-type=\"the7_shortcodes-inline-css\">#default-btn-5f059314b2819192e02d145f806b48a7 {\n  border-radius: 3px;\n  font-size: 14px;\n  line-height: 16px;\n}\n.btn-shadow#default-btn-5f059314b2819192e02d145f806b48a7 {\n  box-shadow: 0 1px 6px rgba(0,0,0,0.12);\n  transition: box-shadow 0.2s ease-out, opacity 0.45s;\n}\n.btn-shadow#default-btn-5f059314b2819192e02d145f806b48a7:hover {\n  box-shadow: 0 5px 11px 0 rgba(0,0,0,0.18), 0 4px 15px 0 rgba(0,0,0,0.15);\n}\n.btn-3d#default-btn-5f059314b2819192e02d145f806b48a7 {\n  box-shadow: 0px 2px 0px 0px #6c7f84;\n}\n.btn-3d#default-btn-5f059314b2819192e02d145f806b48a7:hover {\n  box-shadow: 0px 2px 0px 0px #b45f23;\n}\n.btn-flat#default-btn-5f059314b2819192e02d145f806b48a7 {\n  box-shadow: none;\n}\n.btn-flat#default-btn-5f059314b2819192e02d145f806b48a7:hover {\n  box-shadow: none;\n}\n#default-btn-5f059314b2819192e02d145f806b48a7.ico-right-side > i {\n  margin-right: 0px;\n  margin-left: 8px;\n}\n#default-btn-5f059314b2819192e02d145f806b48a7 > i {\n  margin-right: 8px;\n  font-size: 14px;\n}\n#default-btn-5f059314b2819192e02d145f806b48a7:not(:hover) {\n  border-width: 0px;\n  background: #77aab6 !important;\n  padding: 12px 18px 11px 18px;\n}\n#default-btn-5f059314b2819192e02d145f806b48a7:hover {\n  border-width: 0px;\n  background: #f07924 !important;\n  padding: 12px 18px 11px 18px;\n}\n#default-btn-5f059314b2819192e02d145f806b48a7.ico-right-side > i {\n  margin-right: 0px;\n  margin-left: 8px;\n}\n#default-btn-5f059314b2819192e02d145f806b48a7 > i {\n  margin-right: 8px;\n}<\/style><a href=\"https:\/\/www.tji.dk\/index.php\/info\/jobs\/\" class=\"default-btn-shortcode dt-btn fadeIn animate-element animation-builder link-hover-off btn-inline-left btn-shadow \" id=\"default-btn-5f059314b2819192e02d145f806b48a7\"><i class=\"Defaults-search\"><\/i><span>Se flere jobs<\/span><\/a>[\/vc_column_inner][\/vc_row_inner][\/vc_column][vc_column width=&#8221;1\/4&#8243; css=&#8221;.vc_custom_1747913990066{padding-bottom: 30px !important;padding-left: 50px !important;background-color: #F0F0F0 !important;}&#8221;]<div class=\"smile_icon_list_wrap ult_info_list_container ult-adjust-bottom-margin   vc_custom_1747914020998\"><ul class=\"smile_icon_list left circle with_bg\"><li class=\"icon_list_item\" style=\" font-size:60px;\"><div class=\"icon_list_icon\" data-animation=\"\" data-animation-delay=\"03\" style=\"font-size:20px;border-width:1px;border-style:none;background:#ffffff;color:#505050;border-color:#333333;\"><i class=\"fas fa-map-marked-alt\" ><\/i><\/div><div class=\"icon_description\" id=\"Info-list-wrap-6869\" style=\"font-size:20px;\"><h3 class=\"ult-responsive info-list-heading\"  data-ultimate-target='#Info-list-wrap-6869 h3'  data-responsive-json-new='{\"font-size\":\"desktop:16px;\",\"line-height\":\"desktop:24px;\"}'  style=\"\">Omr\u00e5de<\/h3><div class=\"icon_description_text ult-responsive\"  data-ultimate-target='#Info-list-wrap-6869 .icon_description_text'  data-responsive-json-new='{\"font-size\":\"desktop:15px;\",\"line-height\":\"desktop:18px;\"}'  style=\"\"><p>Sydjylland<\/p>\n<\/div><\/div><div class=\"icon_list_connector\"  style=\"border: none !important;\"><\/div><\/li><li class=\"icon_list_item\" style=\" font-size:60px;\"><div class=\"icon_list_icon\" data-animation=\"\" data-animation-delay=\"03\" style=\"font-size:20px;border-width:1px;border-style:none;background:#ffffff;color:#505050;border-color:#333333;\"><i class=\"fas fa-users\" ><\/i><\/div><div class=\"icon_description\" id=\"Info-list-wrap-3598\" style=\"font-size:20px;\"><h3 class=\"ult-responsive info-list-heading\"  data-ultimate-target='#Info-list-wrap-3598 h3'  data-responsive-json-new='{\"font-size\":\"desktop:16px;\",\"line-height\":\"desktop:24px;\"}'  style=\"\">Afdeling<\/h3><div class=\"icon_description_text ult-responsive\"  data-ultimate-target='#Info-list-wrap-3598 .icon_description_text'  data-responsive-json-new='{\"font-size\":\"desktop:15px;\",\"line-height\":\"desktop:18px;\"}'  style=\"\"><p>R\u00f8rafdelingen<\/p>\n<\/div><\/div><div class=\"icon_list_connector\"  style=\"border: none !important;\"><\/div><\/li><li class=\"icon_list_item\" style=\" font-size:60px;\"><div class=\"icon_list_icon\" data-animation=\"\" data-animation-delay=\"03\" style=\"font-size:20px;border-width:1px;border-style:none;background:#ffffff;color:#505050;border-color:#333333;\"><i class=\"fas fa-hourglass-half\" ><\/i><\/div><div class=\"icon_description\" id=\"Info-list-wrap-6496\" style=\"font-size:20px;\"><h3 class=\"ult-responsive info-list-heading\"  data-ultimate-target='#Info-list-wrap-6496 h3'  data-responsive-json-new='{\"font-size\":\"desktop:16px;\",\"line-height\":\"desktop:24px;\"}'  style=\"\">Ans\u00f8gningsfrist<\/h3><div class=\"icon_description_text ult-responsive\"  data-ultimate-target='#Info-list-wrap-6496 .icon_description_text'  data-responsive-json-new='{\"font-size\":\"desktop:15px;\",\"line-height\":\"desktop:18px;\"}'  style=\"\"><p>L\u00f8bende<\/p>\n<\/div><\/div><div class=\"icon_list_connector\"  style=\"border: none !important;\"><\/div><\/li><li class=\"icon_list_item\" style=\" font-size:60px;\"><div class=\"icon_list_icon\" data-animation=\"\" data-animation-delay=\"03\" style=\"font-size:20px;border-width:1px;border-style:none;background:#ffffff;color:#505050;border-color:#333333;\"><i class=\"Defaults-calendar\" ><\/i><\/div><div class=\"icon_description\" id=\"Info-list-wrap-3076\" style=\"font-size:20px;\"><h3 class=\"ult-responsive info-list-heading\"  data-ultimate-target='#Info-list-wrap-3076 h3'  data-responsive-json-new='{\"font-size\":\"desktop:16px;\",\"line-height\":\"desktop:24px;\"}'  style=\"\">Tiltr\u00e6delse<\/h3><div class=\"icon_description_text ult-responsive\"  data-ultimate-target='#Info-list-wrap-3076 .icon_description_text'  data-responsive-json-new='{\"font-size\":\"desktop:15px;\",\"line-height\":\"desktop:18px;\"}'  style=\"\"><p>Hurtigst muligt<\/p>\n<\/div><\/div><div class=\"icon_list_connector\"  style=\"border: none !important;\"><\/div><\/li><\/ul><\/div>[\/vc_column][\/vc_row]<\/p>\n<\/div>","protected":false},"excerpt":{"rendered":"<p>[vc_row type=&#8221;vc_default&#8221; css=&#8221;.vc_custom_1747913964900{margin-right: 5px !important;margin-left: 5px !important;}&#8221;][vc_column width=&#8221;3\/4&#8243;][vc_column_text css=&#8221;&#8221;] Gravemester til S\u00f8nderjylland I forbindelse med vores forsatte travlhed s\u00f8ger vi en gravemester\/maskinf\u00f8rer til gravearbejde til fjernvarme i S\u00f8nderjylland og op til Esbjerg-omr\u00e5det. Som gravemester forventes det, at du indg\u00e5r som en aktiv del i dit sjak, mens du samtidig st\u00e5r for kommunikation med projektlederen, r\u00f8rl\u00e6ggere&hellip;<\/p>\n","protected":false},"author":7,"featured_media":0,"parent":111,"menu_order":0,"comment_status":"closed","ping_status":"closed","template":"","meta":{"_sitemap_exclude":false,"_sitemap_priority":"","_sitemap_frequency":"","footnotes":""},"class_list":["post-14719","page","type-page","status-publish","hentry","description-off"],"_links":{"self":[{"href":"https:\/\/www.tji.dk\/index.php\/wp-json\/wp\/v2\/pages\/14719","targetHints":{"allow":["GET"]}}],"collection":[{"href":"https:\/\/www.tji.dk\/index.php\/wp-json\/wp\/v2\/pages"}],"about":[{"href":"https:\/\/www.tji.dk\/index.php\/wp-json\/wp\/v2\/types\/page"}],"author":[{"embeddable":true,"href":"https:\/\/www.tji.dk\/index.php\/wp-json\/wp\/v2\/users\/7"}],"replies":[{"embeddable":true,"href":"https:\/\/www.tji.dk\/index.php\/wp-json\/wp\/v2\/comments?post=14719"}],"version-history":[{"count":1,"href":"https:\/\/www.tji.dk\/index.php\/wp-json\/wp\/v2\/pages\/14719\/revisions"}],"predecessor-version":[{"id":14720,"href":"https:\/\/www.tji.dk\/index.php\/wp-json\/wp\/v2\/pages\/14719\/revisions\/14720"}],"up":[{"embeddable":true,"href":"https:\/\/www.tji.dk\/index.php\/wp-json\/wp\/v2\/pages\/111"}],"wp:attachment":[{"href":"https:\/\/www.tji.dk\/index.php\/wp-json\/wp\/v2\/media?parent=14719"}],"curies":[{"name":"wp","href":"https:\/\/api.w.org\/{rel}","templated":true}]}}