{"id":15236,"date":"2026-02-06T12:01:03","date_gmt":"2026-02-06T11:01:03","guid":{"rendered":"https:\/\/www.tji.dk\/?page_id=15236"},"modified":"2026-02-11T07:19:26","modified_gmt":"2026-02-11T06:19:26","slug":"pumpestationer","status":"publish","type":"page","link":"https:\/\/www.tji.dk\/index.php\/pumpestationer\/","title":{"rendered":"Pumpestationer"},"content":{"rendered":"<div class=\"wpb-content-wrapper\"><p>[vc_row][vc_column width=&#8221;2\/3&#8243;][vc_custom_heading text=&#8221;Pumpestationer&#8221; google_fonts=&#8221;font_family:Arimo%3Aregular%2Citalic%2C700%2C700italic|font_style:400%20regular%3A400%3Anormal&#8221; css=&#8221;&#8221;][vc_column_text css=&#8221;&#8221;]Tj\u00e6reborg Industri etablerer pumpestationer til fjernvarmesektoren. De helt store pumpestationer bygges typisk on-site, mens de mindre pumpestationer laves pr\u00e6fabrikeret p\u00e5 vores v\u00e6rksted og leveres ab fabrik eller monteres efterf\u00f8lgende hos kunden. Pumpestationerne kan leveres b\u00e5de med og uden styring, ligesom de kan leveres inkl. varmeveksler mv.<\/p>\n<p>De pr\u00e6fabrikerede pumpestationer opbygges p\u00e5 en betonplade med et pr\u00e6fabrikeret hus ovenp\u00e5. Afh\u00e6ngig af st\u00f8rrelse opbygges pumpestationerne enten, s\u00e5 de kan betjenes og serviceres via d\u00f8re\/lemme i husets sider, eller i fuld h\u00f8jde s\u00e5 man kan g\u00e5 ind i pumpestationen og st\u00e5 oprejst. El- og styretavler placeres enten inde i pumpestationen eller i den ene ende af pumpestationen med separat betjening via l\u00e5ger\/d\u00f8re.<\/p>\n<p>De pr\u00e6fabrikerede pumpestationer placeres typisk p\u00e5 en komprimeret sandpude, hvor fjernvarmer\u00f8r og elkabler stikker op igennem bunden p\u00e5 betonpladen.<\/p>\n<p>Pumpestationer etableres b\u00e5de som leverance, delentreprise, hovedentreprise eller totalentreprise, og vi er gerne behj\u00e6lpelig med design af pumper, styringsprincipper mv.[\/vc_column_text][\/vc_column][vc_column width=&#8221;1\/3&#8243;][vc_media_grid element_width=&#8221;6&#8243; gap=&#8221;15&#8243; item=&#8221;masonryMedia_SlideWithTitleAndCaption&#8221; css=&#8221;.vc_custom_1770370909539{margin-top: 35px !important;}&#8221; grid_id=&#8221;vc_gid:1770790527620-d1c40556-d136-10&#8243; include=&#8221;15250,15251,15252,15253&#8243;][\/vc_column][\/vc_row][vc_row][vc_column][vc_custom_heading text=&#8221;Eksempler p\u00e5 pr\u00e6fabrikerede pumpestationer&#8221; font_container=&#8221;tag:h3|text_align:left&#8221; google_fonts=&#8221;font_family:Arimo%3Aregular%2Citalic%2C700%2C700italic|font_style:400%20regular%3A400%3Anormal&#8221; css=&#8221;.vc_custom_1770370735468{margin-top: 15px !important;margin-bottom: 15px !important;padding-left: 15px !important;background-color: #77aab6 !important;}&#8221; el_class=&#8221;round_corners&#8221;][vc_media_grid gap=&#8221;15&#8243; item=&#8221;masonryMedia_SlideWithTitleAndCaption&#8221; css=&#8221;&#8221; grid_id=&#8221;vc_gid:1770790527620-055f422f-fe09-2&#8243; include=&#8221;15260,15261,15262,15263,15264,15265,15266,15267,15268&#8243;][\/vc_column][\/vc_row][vc_row][vc_column][vc_custom_heading text=&#8221;Eksempler p\u00e5 pumpestationer bygget on-site&#8221; font_container=&#8221;tag:h3|text_align:left&#8221; google_fonts=&#8221;font_family:Arimo%3Aregular%2Citalic%2C700%2C700italic|font_style:400%20regular%3A400%3Anormal&#8221; css=&#8221;.vc_custom_1770374901473{margin-top: 15px !important;margin-bottom: 15px !important;padding-left: 15px !important;background-color: #77aab6 !important;}&#8221; el_class=&#8221;round_corners&#8221;][vc_media_grid gap=&#8221;15&#8243; item=&#8221;masonryMedia_SlideWithTitleAndCaption&#8221; css=&#8221;&#8221; grid_id=&#8221;vc_gid:1770790527621-aecfe740-2da3-10&#8243; include=&#8221;15269,15270,15271&#8243;][\/vc_column][\/vc_row]<\/p>\n<\/div>","protected":false},"excerpt":{"rendered":"<p>[vc_row][vc_column width=&#8221;2\/3&#8243;][vc_custom_heading text=&#8221;Pumpestationer&#8221; google_fonts=&#8221;font_family:Arimo%3Aregular%2Citalic%2C700%2C700italic|font_style:400%20regular%3A400%3Anormal&#8221; css=&#8221;&#8221;][vc_column_text css=&#8221;&#8221;]Tj\u00e6reborg Industri etablerer pumpestationer til fjernvarmesektoren. De helt store pumpestationer bygges typisk on-site, mens de mindre pumpestationer laves pr\u00e6fabrikeret p\u00e5 vores v\u00e6rksted og leveres ab fabrik eller monteres efterf\u00f8lgende hos kunden. Pumpestationerne kan leveres b\u00e5de med og uden styring, ligesom de kan leveres inkl. varmeveksler mv. De pr\u00e6fabrikerede pumpestationer opbygges&hellip;<\/p>\n","protected":false},"author":7,"featured_media":0,"parent":0,"menu_order":0,"comment_status":"closed","ping_status":"closed","template":"","meta":{"_sitemap_exclude":false,"_sitemap_priority":"","_sitemap_frequency":"","footnotes":""},"class_list":["post-15236","page","type-page","status-publish","hentry","description-off"],"_links":{"self":[{"href":"https:\/\/www.tji.dk\/index.php\/wp-json\/wp\/v2\/pages\/15236","targetHints":{"allow":["GET"]}}],"collection":[{"href":"https:\/\/www.tji.dk\/index.php\/wp-json\/wp\/v2\/pages"}],"about":[{"href":"https:\/\/www.tji.dk\/index.php\/wp-json\/wp\/v2\/types\/page"}],"author":[{"embeddable":true,"href":"https:\/\/www.tji.dk\/index.php\/wp-json\/wp\/v2\/users\/7"}],"replies":[{"embeddable":true,"href":"https:\/\/www.tji.dk\/index.php\/wp-json\/wp\/v2\/comments?post=15236"}],"version-history":[{"count":18,"href":"https:\/\/www.tji.dk\/index.php\/wp-json\/wp\/v2\/pages\/15236\/revisions"}],"predecessor-version":[{"id":15277,"href":"https:\/\/www.tji.dk\/index.php\/wp-json\/wp\/v2\/pages\/15236\/revisions\/15277"}],"wp:attachment":[{"href":"https:\/\/www.tji.dk\/index.php\/wp-json\/wp\/v2\/media?parent=15236"}],"curies":[{"name":"wp","href":"https:\/\/api.w.org\/{rel}","templated":true}]}}