{"id":15350,"date":"2026-04-08T07:21:09","date_gmt":"2026-04-08T05:21:09","guid":{"rendered":"https:\/\/www.tji.dk\/?page_id=15350"},"modified":"2026-04-08T07:21:19","modified_gmt":"2026-04-08T05:21:19","slug":"job1-elektriker-til-planlagte-serviceopgaver","status":"publish","type":"page","link":"https:\/\/www.tji.dk\/index.php\/jobs\/job1-elektriker-til-planlagte-serviceopgaver\/","title":{"rendered":"Elektriker til planlagte serviceopgaver"},"content":{"rendered":"<div class=\"wpb-content-wrapper\"><p>[vc_row type=&#8221;vc_default&#8221; css=&#8221;.vc_custom_1747913964900{margin-right: 5px !important;margin-left: 5px !important;}&#8221;][vc_column width=&#8221;3\/4&#8243;][vc_column_text css=&#8221;&#8221;]<\/p>\n<h3><strong>Elektriker til planlagte serviceopgaver<\/strong><\/h3>\n<p>Tj\u00e6reborg Industri s\u00f8ger en dygtig og serviceminded elektriker til service og vedligeholdelse af vores elektriske industri-installationer med prim\u00e6rt fokus p\u00e5 energisektoren i Danmark. Vi tilbyder dig en sp\u00e6ndende hverdag, hvor du f\u00e5r ansvar for selvst\u00e6ndige opgaver i et professionelt milj\u00f8 med gode udviklingsmuligheder. Jobbet er blevet ledigt, da vores mange\u00e5rige medarbejder har valgt at g\u00e5 p\u00e5 pension.<\/p>\n<h4><strong>Om jobbet<\/strong><\/h4>\n<p>Som elektriker hos Tj\u00e6reborg Industri bliver du en del af et dedikeret team, der h\u00e5ndterer b\u00e5de svagstr\u00f8m, lavsp\u00e6nding og mellemsp\u00e6nding op til 20 kV. Dine opgaver vil blandt andet best\u00e5 af planlagt servicering og vedligeholdelse af elektriske industri-installationer, kontrol og test af systemer samt afrapportering af dine resultater. Du vil ogs\u00e5 arbejde med termofotografering og fungere som sparringspartner i kontakten til kunder og leverand\u00f8rer. Stillingen indeb\u00e6rer k\u00f8rsel rundt i Danmark, og enkelte overnatninger m\u00e5 p\u00e5regnes.<\/p>\n<h4><strong>Din profil<\/strong><\/h4>\n<p>Vi forventer, at du er uddannet elektriker og har erfaring med industri-installationer. Du er serviceminded, struktureret og fleksibel i dit arbejde og tager ansvar for en grundig og professionel afrapportering. Det er et krav, at du har k\u00f8rekort og kan v\u00e6re indstillet p\u00e5 at v\u00e6re ude af huset i perioder efter behov. Din evne til at kommunikere med b\u00e5de kunder og kollegaer er vigtig for at sikre et godt samarbejde.<\/p>\n<h4><strong>Derfor skal du v\u00e6lge Tj\u00e6reborg Industri<\/strong><\/h4>\n<p>Hos Tj\u00e6reborg Industri f\u00e5r du gode udviklingsmuligheder og en attraktiv l\u00f8npakke, der matcher dine kvalifikationer samt dine resultater. Vi l\u00e6gger stor v\u00e6gt p\u00e5 et godt arbejdsmilj\u00f8 og tilbyder en aktiv personaleforening med regelm\u00e6ssige sociale arrangementer, hvor du kan styrke b\u00e5de netv\u00e6rk og trivsel i hverdagen.<\/p>\n<h4><strong>Praktisk information<\/strong><\/h4>\n<p><strong>Ans\u00e6ttelsessted:<\/strong> Tj\u00e6reborg.<br \/>\n<strong>Ans\u00e6ttelse:<\/strong> Fuldtid.<br \/>\n<strong>Forventet opstart:<\/strong> 1. juni 2026 eller evt. tidligere efter n\u00e6rmere aftale.<br \/>\n<strong>Ans\u00f8gningsfrist:<\/strong> 30. april 2026.<\/p>\n<h4><strong>S\u00e5dan s\u00f8ger du<\/strong><\/h4>\n<p>Send din ans\u00f8gning og CV online via vores hjemmeside. Har du sp\u00f8rgsm\u00e5l til stillingen, er du velkommen til at kontakte Carsten S\u00f8rensen p\u00e5 telefon 24 28 78 41.<\/p>\n<p>Vi ser frem til at modtage din ans\u00f8gning og byde dig velkommen til Tj\u00e6reborg Industri \u2013 en arbejdsplads, hvor faglighed, udvikling og f\u00e6llesskab g\u00e5r h\u00e5nd i h\u00e5nd.[\/vc_column_text][vc_row_inner][vc_column_inner]<style type=\"text\/css\" data-type=\"the7_shortcodes-inline-css\">#default-btn-21606a8613bb195e6cdb75cdec2b07e3 {\n  border-radius: 3px;\n  font-size: 14px;\n  line-height: 16px;\n}\n.btn-shadow#default-btn-21606a8613bb195e6cdb75cdec2b07e3 {\n  box-shadow: 0 1px 6px rgba(0,0,0,0.12);\n  transition: box-shadow 0.2s ease-out, opacity 0.45s;\n}\n.btn-shadow#default-btn-21606a8613bb195e6cdb75cdec2b07e3:hover {\n  box-shadow: 0 5px 11px 0 rgba(0,0,0,0.18), 0 4px 15px 0 rgba(0,0,0,0.15);\n}\n.btn-3d#default-btn-21606a8613bb195e6cdb75cdec2b07e3 {\n  box-shadow: 0px 2px 0px 0px #6c7f84;\n}\n.btn-3d#default-btn-21606a8613bb195e6cdb75cdec2b07e3:hover {\n  box-shadow: 0px 2px 0px 0px #b45f23;\n}\n.btn-flat#default-btn-21606a8613bb195e6cdb75cdec2b07e3 {\n  box-shadow: none;\n}\n.btn-flat#default-btn-21606a8613bb195e6cdb75cdec2b07e3:hover {\n  box-shadow: none;\n}\n#default-btn-21606a8613bb195e6cdb75cdec2b07e3.ico-right-side > i {\n  margin-right: 0px;\n  margin-left: 8px;\n}\n#default-btn-21606a8613bb195e6cdb75cdec2b07e3 > i {\n  margin-right: 8px;\n  font-size: 14px;\n}\n#default-btn-21606a8613bb195e6cdb75cdec2b07e3:not(:hover) {\n  border-width: 0px;\n  background: #77aab6 !important;\n  padding: 12px 18px 11px 18px;\n}\n#default-btn-21606a8613bb195e6cdb75cdec2b07e3:hover {\n  border-width: 0px;\n  background: #f07924 !important;\n  padding: 12px 18px 11px 18px;\n}\n#default-btn-21606a8613bb195e6cdb75cdec2b07e3.ico-right-side > i {\n  margin-right: 0px;\n  margin-left: 8px;\n}\n#default-btn-21606a8613bb195e6cdb75cdec2b07e3 > i {\n  margin-right: 8px;\n}<\/style><a href=\"https:\/\/www.tji.dk\/index.php\/online-jobansoegning-ti\/?job=Elektriker+til+planlagte+serviceopgaver\" class=\"default-btn-shortcode dt-btn fadeIn animate-element animation-builder link-hover-off btn-inline-left btn-shadow \" id=\"default-btn-21606a8613bb195e6cdb75cdec2b07e3\"><i class=\"fas fa-pencil-alt\"><\/i><span>Ans\u00f8g job hos Tj\u00e6reborg Industri<\/span><\/a>[\/vc_column_inner][\/vc_row_inner][vc_row_inner css=&#8221;.vc_custom_1677504062889{margin-top: 15px !important;margin-bottom: 30px !important;}&#8221;][vc_column_inner]<style type=\"text\/css\" data-type=\"the7_shortcodes-inline-css\">#default-btn-5f059314b2819192e02d145f806b48a7 {\n  border-radius: 3px;\n  font-size: 14px;\n  line-height: 16px;\n}\n.btn-shadow#default-btn-5f059314b2819192e02d145f806b48a7 {\n  box-shadow: 0 1px 6px rgba(0,0,0,0.12);\n  transition: box-shadow 0.2s ease-out, opacity 0.45s;\n}\n.btn-shadow#default-btn-5f059314b2819192e02d145f806b48a7:hover {\n  box-shadow: 0 5px 11px 0 rgba(0,0,0,0.18), 0 4px 15px 0 rgba(0,0,0,0.15);\n}\n.btn-3d#default-btn-5f059314b2819192e02d145f806b48a7 {\n  box-shadow: 0px 2px 0px 0px #6c7f84;\n}\n.btn-3d#default-btn-5f059314b2819192e02d145f806b48a7:hover {\n  box-shadow: 0px 2px 0px 0px #b45f23;\n}\n.btn-flat#default-btn-5f059314b2819192e02d145f806b48a7 {\n  box-shadow: none;\n}\n.btn-flat#default-btn-5f059314b2819192e02d145f806b48a7:hover {\n  box-shadow: none;\n}\n#default-btn-5f059314b2819192e02d145f806b48a7.ico-right-side > i {\n  margin-right: 0px;\n  margin-left: 8px;\n}\n#default-btn-5f059314b2819192e02d145f806b48a7 > i {\n  margin-right: 8px;\n  font-size: 14px;\n}\n#default-btn-5f059314b2819192e02d145f806b48a7:not(:hover) {\n  border-width: 0px;\n  background: #77aab6 !important;\n  padding: 12px 18px 11px 18px;\n}\n#default-btn-5f059314b2819192e02d145f806b48a7:hover {\n  border-width: 0px;\n  background: #f07924 !important;\n  padding: 12px 18px 11px 18px;\n}\n#default-btn-5f059314b2819192e02d145f806b48a7.ico-right-side > i {\n  margin-right: 0px;\n  margin-left: 8px;\n}\n#default-btn-5f059314b2819192e02d145f806b48a7 > i {\n  margin-right: 8px;\n}<\/style><a href=\"https:\/\/www.tji.dk\/index.php\/info\/jobs\/\" class=\"default-btn-shortcode dt-btn fadeIn animate-element animation-builder link-hover-off btn-inline-left btn-shadow \" id=\"default-btn-5f059314b2819192e02d145f806b48a7\"><i class=\"Defaults-search\"><\/i><span>Se flere jobs<\/span><\/a>[\/vc_column_inner][\/vc_row_inner][\/vc_column][vc_column width=&#8221;1\/4&#8243; css=&#8221;.vc_custom_1747913990066{padding-bottom: 30px !important;padding-left: 50px !important;background-color: #F0F0F0 !important;}&#8221;]<div class=\"smile_icon_list_wrap ult_info_list_container ult-adjust-bottom-margin   vc_custom_1747914020998\"><ul class=\"smile_icon_list left circle with_bg\"><li class=\"icon_list_item\" style=\" font-size:60px;\"><div class=\"icon_list_icon\" data-animation=\"\" data-animation-delay=\"03\" style=\"font-size:20px;border-width:1px;border-style:none;background:#ffffff;color:#505050;border-color:#333333;\"><i class=\"fas fa-map-marked-alt\" ><\/i><\/div><div class=\"icon_description\" id=\"Info-list-wrap-7671\" style=\"font-size:20px;\"><h3 class=\"ult-responsive info-list-heading\"  data-ultimate-target='#Info-list-wrap-7671 h3'  data-responsive-json-new='{\"font-size\":\"desktop:16px;\",\"line-height\":\"desktop:24px;\"}'  style=\"\">Omr\u00e5de<\/h3><div class=\"icon_description_text ult-responsive\"  data-ultimate-target='#Info-list-wrap-7671 .icon_description_text'  data-responsive-json-new='{\"font-size\":\"desktop:15px;\",\"line-height\":\"desktop:18px;\"}'  style=\"\"><p>Sydjylland<\/p>\n<\/div><\/div><div class=\"icon_list_connector\"  style=\"border: none !important;\"><\/div><\/li><li class=\"icon_list_item\" style=\" font-size:60px;\"><div class=\"icon_list_icon\" data-animation=\"\" data-animation-delay=\"03\" style=\"font-size:20px;border-width:1px;border-style:none;background:#ffffff;color:#505050;border-color:#333333;\"><i class=\"fas fa-users\" ><\/i><\/div><div class=\"icon_description\" id=\"Info-list-wrap-2235\" style=\"font-size:20px;\"><h3 class=\"ult-responsive info-list-heading\"  data-ultimate-target='#Info-list-wrap-2235 h3'  data-responsive-json-new='{\"font-size\":\"desktop:16px;\",\"line-height\":\"desktop:24px;\"}'  style=\"\">Afdeling<\/h3><div class=\"icon_description_text ult-responsive\"  data-ultimate-target='#Info-list-wrap-2235 .icon_description_text'  data-responsive-json-new='{\"font-size\":\"desktop:15px;\",\"line-height\":\"desktop:18px;\"}'  style=\"\"><p>Elafdelingen<\/p>\n<\/div><\/div><div class=\"icon_list_connector\"  style=\"border: none !important;\"><\/div><\/li><li class=\"icon_list_item\" style=\" font-size:60px;\"><div class=\"icon_list_icon\" data-animation=\"\" data-animation-delay=\"03\" style=\"font-size:20px;border-width:1px;border-style:none;background:#ffffff;color:#505050;border-color:#333333;\"><i class=\"fas fa-hourglass-half\" ><\/i><\/div><div class=\"icon_description\" id=\"Info-list-wrap-4668\" style=\"font-size:20px;\"><h3 class=\"ult-responsive info-list-heading\"  data-ultimate-target='#Info-list-wrap-4668 h3'  data-responsive-json-new='{\"font-size\":\"desktop:16px;\",\"line-height\":\"desktop:24px;\"}'  style=\"\">Ans\u00f8gningsfrist<\/h3><div class=\"icon_description_text ult-responsive\"  data-ultimate-target='#Info-list-wrap-4668 .icon_description_text'  data-responsive-json-new='{\"font-size\":\"desktop:15px;\",\"line-height\":\"desktop:18px;\"}'  style=\"\"><p>30. april 2026<\/p>\n<\/div><\/div><div class=\"icon_list_connector\"  style=\"border: none !important;\"><\/div><\/li><li class=\"icon_list_item\" style=\" font-size:60px;\"><div class=\"icon_list_icon\" data-animation=\"\" data-animation-delay=\"03\" style=\"font-size:20px;border-width:1px;border-style:none;background:#ffffff;color:#505050;border-color:#333333;\"><i class=\"Defaults-calendar\" ><\/i><\/div><div class=\"icon_description\" id=\"Info-list-wrap-1892\" style=\"font-size:20px;\"><h3 class=\"ult-responsive info-list-heading\"  data-ultimate-target='#Info-list-wrap-1892 h3'  data-responsive-json-new='{\"font-size\":\"desktop:16px;\",\"line-height\":\"desktop:24px;\"}'  style=\"\">Tiltr\u00e6delse<\/h3><div class=\"icon_description_text ult-responsive\"  data-ultimate-target='#Info-list-wrap-1892 .icon_description_text'  data-responsive-json-new='{\"font-size\":\"desktop:15px;\",\"line-height\":\"desktop:18px;\"}'  style=\"\"><p>1. juni 2026<\/p>\n<\/div><\/div><div class=\"icon_list_connector\"  style=\"border: none !important;\"><\/div><\/li><\/ul><\/div>[\/vc_column][\/vc_row]<\/p>\n<\/div>","protected":false},"excerpt":{"rendered":"<p>[vc_row type=&#8221;vc_default&#8221; css=&#8221;.vc_custom_1747913964900{margin-right: 5px !important;margin-left: 5px !important;}&#8221;][vc_column width=&#8221;3\/4&#8243;][vc_column_text css=&#8221;&#8221;] Elektriker til planlagte serviceopgaver Tj\u00e6reborg Industri s\u00f8ger en dygtig og serviceminded elektriker til service og vedligeholdelse af vores elektriske industri-installationer med prim\u00e6rt fokus p\u00e5 energisektoren i Danmark. Vi tilbyder dig en sp\u00e6ndende hverdag, hvor du f\u00e5r ansvar for selvst\u00e6ndige opgaver i et professionelt milj\u00f8 med gode&hellip;<\/p>\n","protected":false},"author":7,"featured_media":0,"parent":111,"menu_order":0,"comment_status":"closed","ping_status":"closed","template":"","meta":{"_sitemap_exclude":false,"_sitemap_priority":"","_sitemap_frequency":"","footnotes":""},"class_list":["post-15350","page","type-page","status-publish","hentry","description-off"],"_links":{"self":[{"href":"https:\/\/www.tji.dk\/index.php\/wp-json\/wp\/v2\/pages\/15350","targetHints":{"allow":["GET"]}}],"collection":[{"href":"https:\/\/www.tji.dk\/index.php\/wp-json\/wp\/v2\/pages"}],"about":[{"href":"https:\/\/www.tji.dk\/index.php\/wp-json\/wp\/v2\/types\/page"}],"author":[{"embeddable":true,"href":"https:\/\/www.tji.dk\/index.php\/wp-json\/wp\/v2\/users\/7"}],"replies":[{"embeddable":true,"href":"https:\/\/www.tji.dk\/index.php\/wp-json\/wp\/v2\/comments?post=15350"}],"version-history":[{"count":2,"href":"https:\/\/www.tji.dk\/index.php\/wp-json\/wp\/v2\/pages\/15350\/revisions"}],"predecessor-version":[{"id":15352,"href":"https:\/\/www.tji.dk\/index.php\/wp-json\/wp\/v2\/pages\/15350\/revisions\/15352"}],"up":[{"embeddable":true,"href":"https:\/\/www.tji.dk\/index.php\/wp-json\/wp\/v2\/pages\/111"}],"wp:attachment":[{"href":"https:\/\/www.tji.dk\/index.php\/wp-json\/wp\/v2\/media?parent=15350"}],"curies":[{"name":"wp","href":"https:\/\/api.w.org\/{rel}","templated":true}]}}