{"id":1631,"date":"2016-02-09T14:35:48","date_gmt":"2016-02-09T13:35:48","guid":{"rendered":"https:\/\/www.tji.dk\/?page_id=1631"},"modified":"2025-05-26T06:57:01","modified_gmt":"2025-05-26T04:57:01","slug":"ventilbroende-beton","status":"publish","type":"page","link":"https:\/\/www.tji.dk\/index.php\/ventilbroende-beton\/","title":{"rendered":"Ventilbr\u00f8nde, Beton"},"content":{"rendered":"<div class=\"wpb-content-wrapper\"><p>[vc_row][vc_column width=&#8221;2\/3&#8243;][vc_custom_heading text=&#8221;Ventilbr\u00f8nde, Beton&#8221; google_fonts=&#8221;font_family:Arimo%3Aregular%2Citalic%2C700%2C700italic|font_style:400%20regular%3A400%3Anormal&#8221;][vc_column_text css=&#8221;&#8221;]Tj\u00e6reborg Industri har udviklet en standardiseret serie af fjernvarmeventil-br\u00f8nde til forenklet etablering af ventils\u00e6t p\u00e5 fjernvarmeledningsnet.[\/vc_column_text][vc_custom_heading text=&#8221;Klare fordele&#8221; font_container=&#8221;tag:h3|text_align:left&#8221; google_fonts=&#8221;font_family:Arimo%3Aregular%2Citalic%2C700%2C700italic|font_style:400%20regular%3A400%3Anormal&#8221; css=&#8221;.vc_custom_1713773542126{margin-top: 40px !important;margin-bottom: 15px !important;padding-left: 15px !important;background-color: #77aab6 !important;}&#8221; el_class=&#8221;round_corners&#8221;][vc_column_text]<\/p>\n<ul>\n<li>Montagearbejdet forenkles og ventils\u00e6ttet beskyttes samtidig optimalt.<\/li>\n<li>Ventilbr\u00f8nden er forsynet med transport-\u00f8jer for pr\u00e6cis placering og tilpasning.<\/li>\n<li>Efter behov kan n\u00f8dvendige br\u00f8ndkarme og topringe leveres.<\/li>\n<li>Ventilbr\u00f8nden er st\u00f8bt i \u00e9n arbejdsgang og har en 10 cm bred bundkarm med armering.<\/li>\n<li>Byggeh\u00f8jden er lavere.<\/li>\n<li>Betonen har h\u00f8jere styrke end ved almindelige br\u00f8ndkegler.<\/li>\n<li>Ventilbr\u00f8nde inkl. tilbeh\u00f8r er lagervare, og leveres normalt fra dag til dag.<\/li>\n<li>Ventilbr\u00f8nde kan leveres i specialudgaver med kort leveringstid.<\/li>\n<\/ul>\n<p>[\/vc_column_text][vc_row_inner css=&#8221;.vc_custom_1692782266364{margin-top: 30px !important;margin-right: -25px !important;margin-left: -25px !important;}&#8221;][vc_column_inner width=&#8221;1\/3&#8243;][vc_custom_heading text=&#8221;Snittegning af ventilbr\u00f8nd<br \/>\nstr. \u00d8 60&#8243; font_container=&#8221;tag:h4|text_align:center&#8221; google_fonts=&#8221;font_family:Arimo%3Aregular%2Citalic%2C700%2C700italic|font_style:400%20regular%3A400%3Anormal&#8221; css=&#8221;&#8221;][vc_single_image image=&#8221;669&#8243; img_size=&#8221;full&#8221; add_caption=&#8221;yes&#8221; alignment=&#8221;center&#8221; onclick=&#8221;link_image&#8221; image_hovers=&#8221;false&#8221;][\/vc_column_inner][vc_column_inner width=&#8221;1\/3&#8243;][vc_custom_heading text=&#8221;Ventilbr\u00f8nd<br \/>\nstr. \u00d8 60 cm&#8221; font_container=&#8221;tag:h4|text_align:center&#8221; google_fonts=&#8221;font_family:Arimo%3Aregular%2Citalic%2C700%2C700italic|font_style:400%20regular%3A400%3Anormal&#8221; css=&#8221;&#8221;][vc_single_image image=&#8221;667&#8243; img_size=&#8221;full&#8221; add_caption=&#8221;yes&#8221; alignment=&#8221;center&#8221; onclick=&#8221;link_image&#8221; image_hovers=&#8221;false&#8221;][\/vc_column_inner][vc_column_inner width=&#8221;1\/3&#8243;][vc_custom_heading text=&#8221;Ventilbr\u00f8nd<br \/>\nstr. \u00d8 80 cm&#8221; font_container=&#8221;tag:h4|text_align:center&#8221; google_fonts=&#8221;font_family:Arimo%3Aregular%2Citalic%2C700%2C700italic|font_style:400%20regular%3A400%3Anormal&#8221; css=&#8221;&#8221;][vc_single_image image=&#8221;665&#8243; img_size=&#8221;full&#8221; add_caption=&#8221;yes&#8221; alignment=&#8221;center&#8221; onclick=&#8221;link_image&#8221; image_hovers=&#8221;false&#8221;][\/vc_column_inner][\/vc_row_inner][vc_custom_heading text=&#8221;Download&#8221; font_container=&#8221;tag:h3|text_align:left&#8221; google_fonts=&#8221;font_family:Arimo%3Aregular%2Citalic%2C700%2C700italic|font_style:400%20regular%3A400%3Anormal&#8221; css=&#8221;.vc_custom_1713770445902{margin-top: 30px !important;margin-bottom: 30px !important;padding-left: 15px !important;background-color: #77aab6 !important;}&#8221; el_class=&#8221;round_corners no-print&#8221;][vc_row_inner][vc_column_inner width=&#8221;1\/3&#8243;][vc_single_image image=&#8221;13296&#8243; img_size=&#8221;100&#215;100&#8243; alignment=&#8221;center&#8221; onclick=&#8221;custom_link&#8221; img_link_target=&#8221;_blank&#8221; css=&#8221;.vc_custom_1713770354097{margin-bottom: 10px !important;}&#8221; image_hovers=&#8221;false&#8221; link=&#8221;https:\/\/www.tji.dk\/wp-content\/uploads\/2020\/05\/Ventilbr%C3%B8nde-brochure.pdf&#8221;][vc_column_text css=&#8221;&#8221;]<\/p>\n<p style=\"text-align: center;\"><strong>Brochureblad i PDF<\/strong><\/p>\n<p>[\/vc_column_text][\/vc_column_inner][vc_column_inner width=&#8221;1\/3&#8243;][\/vc_column_inner][vc_column_inner width=&#8221;1\/3&#8243;][\/vc_column_inner][\/vc_row_inner][vc_custom_heading text=&#8221;Dimensioner og v\u00e6gt&#8221; font_container=&#8221;tag:h3|text_align:left&#8221; google_fonts=&#8221;font_family:Arimo%3Aregular%2Citalic%2C700%2C700italic|font_style:400%20regular%3A400%3Anormal&#8221; css=&#8221;.vc_custom_1713770740449{margin-top: 30px !important;margin-bottom: 15px !important;padding-left: 15px !important;background-color: #77aab6 !important;}&#8221; el_class=&#8221;round_corners no-print&#8221;][vc_column_text css=&#8221;.vc_custom_1714564008395{margin-top: 25px !important;margin-bottom: 50px !important;}&#8221; el_class=&#8221;no-print&#8221;]<\/p>\n<div style=\"overflow-x: auto;\">\n<table class=\"standardtable\">\n<tbody>\n<tr>\n<th>Varenr.<\/th>\n<th>Emne<\/th>\n<th style=\"text-align: right;\">Ca v\u00e6gt i kg<\/th>\n<\/tr>\n<tr>\n<td>*0801<\/td>\n<td>Ventilbr\u00f8nd, \u00d8 60 cm<\/td>\n<td style=\"text-align: right;\">450<\/td>\n<\/tr>\n<tr>\n<td>*0802<\/td>\n<td>Ventilbr\u00f8nd, \u00d8 80 cm<\/td>\n<td style=\"text-align: right;\">480<\/td>\n<\/tr>\n<tr>\n<td>*0803<\/td>\n<td>Ventilbr\u00f8nd, \u00d8 90 cm<\/td>\n<td style=\"text-align: right;\">500<\/td>\n<\/tr>\n<tr>\n<td>*0580<\/td>\n<td>Br\u00f8ndkarm, rundt hul 110x110x20 cm<\/td>\n<td style=\"text-align: right;\">274<\/td>\n<\/tr>\n<tr>\n<td>*0581<\/td>\n<td>Br\u00f8ndkarm, firkantet hul 110x110x20 cm<\/td>\n<td style=\"text-align: right;\">285<\/td>\n<\/tr>\n<tr>\n<td>*0201<\/td>\n<td>Topring, \u00d8 30 cm, H= 5<\/td>\n<td style=\"text-align: right;\">21<\/td>\n<\/tr>\n<tr>\n<td>*0202<\/td>\n<td>Topring, \u00d8 30 cm, H= 8<\/td>\n<td style=\"text-align: right;\">33<\/td>\n<\/tr>\n<tr>\n<td>*0203<\/td>\n<td>Topring, \u00d8 60 cm, H= 3<\/td>\n<td style=\"text-align: right;\">12<\/td>\n<\/tr>\n<tr>\n<td>*0204<\/td>\n<td>Topring, \u00d8 60 cm, H= 5<\/td>\n<td style=\"text-align: right;\">20<\/td>\n<\/tr>\n<tr>\n<td>*0205<\/td>\n<td>Topring, \u00d8 60 cm, H=10<\/td>\n<td style=\"text-align: right;\">40<\/td>\n<\/tr>\n<tr>\n<td>*0206<\/td>\n<td>Topring, \u00d8 60 cm, H=15<\/td>\n<td style=\"text-align: right;\">60<\/td>\n<\/tr>\n<tr>\n<td>*0207<\/td>\n<td>Topring, \u00d8 60 cm, H=20<\/td>\n<td style=\"text-align: right;\">80<\/td>\n<\/tr>\n<tr>\n<td>*0208<\/td>\n<td>Topring, \u00d8 80 cm, H= 5<\/td>\n<td style=\"text-align: right;\">35<\/td>\n<\/tr>\n<tr>\n<td>*0209<\/td>\n<td>Topring, \u00d8 80 cm, H=10<\/td>\n<td style=\"text-align: right;\">70<\/td>\n<\/tr>\n<\/tbody>\n<\/table>\n<\/div>\n<div style=\"margin-top: 10px;\">Prislister kan rekvireres ved henvendelse til Tj\u00e6reborg Industri<\/div>\n<p>[\/vc_column_text][\/vc_column][vc_column width=&#8221;1\/3&#8243;][vc_custom_heading text=&#8221;Eksempler&#8221; font_container=&#8221;tag:h3|text_align:left&#8221; google_fonts=&#8221;font_family:Arimo%3Aregular%2Citalic%2C700%2C700italic|font_style:400%20regular%3A400%3Anormal&#8221; css=&#8221;.vc_custom_1714564001830{margin-bottom: 15px !important;padding-left: 15px !important;background-color: #77aab6 !important;}&#8221; el_class=&#8221;round_corners&#8221;][vc_media_grid element_width=&#8221;12&#8243; gap=&#8221;25&#8243; item=&#8221;masonryMedia_Default&#8221; css=&#8221;.vc_custom_1714551534494{margin-top: 10px !important;}&#8221; grid_id=&#8221;vc_gid:1748235398350-752386a2-53d3-0&#8243; include=&#8221;552,551,668,671,670,672,990&#8243;][\/vc_column][\/vc_row]<\/p>\n<\/div>","protected":false},"excerpt":{"rendered":"<p>[vc_row][vc_column width=&#8221;2\/3&#8243;][vc_custom_heading text=&#8221;Ventilbr\u00f8nde, Beton&#8221; google_fonts=&#8221;font_family:Arimo%3Aregular%2Citalic%2C700%2C700italic|font_style:400%20regular%3A400%3Anormal&#8221;][vc_column_text css=&#8221;&#8221;]Tj\u00e6reborg Industri har udviklet en standardiseret serie af fjernvarmeventil-br\u00f8nde til forenklet etablering af ventils\u00e6t p\u00e5 fjernvarmeledningsnet.[\/vc_column_text][vc_custom_heading text=&#8221;Klare fordele&#8221; font_container=&#8221;tag:h3|text_align:left&#8221; google_fonts=&#8221;font_family:Arimo%3Aregular%2Citalic%2C700%2C700italic|font_style:400%20regular%3A400%3Anormal&#8221; css=&#8221;.vc_custom_1713773542126{margin-top: 40px !important;margin-bottom: 15px !important;padding-left: 15px !important;background-color: #77aab6 !important;}&#8221; el_class=&#8221;round_corners&#8221;][vc_column_text] Montagearbejdet forenkles og ventils\u00e6ttet beskyttes samtidig optimalt. Ventilbr\u00f8nden er forsynet med transport-\u00f8jer for pr\u00e6cis placering og tilpasning. Efter behov kan&hellip;<\/p>\n","protected":false},"author":6,"featured_media":0,"parent":0,"menu_order":0,"comment_status":"closed","ping_status":"closed","template":"","meta":{"_sitemap_exclude":false,"_sitemap_priority":"","_sitemap_frequency":"","footnotes":""},"class_list":["post-1631","page","type-page","status-publish","hentry","description-off"],"_links":{"self":[{"href":"https:\/\/www.tji.dk\/index.php\/wp-json\/wp\/v2\/pages\/1631","targetHints":{"allow":["GET"]}}],"collection":[{"href":"https:\/\/www.tji.dk\/index.php\/wp-json\/wp\/v2\/pages"}],"about":[{"href":"https:\/\/www.tji.dk\/index.php\/wp-json\/wp\/v2\/types\/page"}],"author":[{"embeddable":true,"href":"https:\/\/www.tji.dk\/index.php\/wp-json\/wp\/v2\/users\/6"}],"replies":[{"embeddable":true,"href":"https:\/\/www.tji.dk\/index.php\/wp-json\/wp\/v2\/comments?post=1631"}],"version-history":[{"count":24,"href":"https:\/\/www.tji.dk\/index.php\/wp-json\/wp\/v2\/pages\/1631\/revisions"}],"predecessor-version":[{"id":14614,"href":"https:\/\/www.tji.dk\/index.php\/wp-json\/wp\/v2\/pages\/1631\/revisions\/14614"}],"wp:attachment":[{"href":"https:\/\/www.tji.dk\/index.php\/wp-json\/wp\/v2\/media?parent=1631"}],"curies":[{"name":"wp","href":"https:\/\/api.w.org\/{rel}","templated":true}]}}