{"id":1783,"date":"2016-04-27T14:42:25","date_gmt":"2016-04-27T13:42:25","guid":{"rendered":"https:\/\/www.tji.dk\/?page_id=1783"},"modified":"2016-04-28T06:17:28","modified_gmt":"2016-04-28T05:17:28","slug":"forbrugerklager","status":"publish","type":"page","link":"https:\/\/www.tji.dk\/index.php\/forbrugerklager\/","title":{"rendered":"Forbrugerklager"},"content":{"rendered":"<div class=\"wpb-content-wrapper\"><p>[vc_row][vc_column][vc_custom_heading text=&#8221;Forbrugerklager:&#8221; google_fonts=&#8221;font_family:Arimo%3Aregular%2Citalic%2C700%2C700italic|font_style:400%20regular%3A400%3Anormal&#8221;][vc_column_text]Private kunder kan, ved uenighed, v\u00e6lge at indgive klage til et af f\u00f8lgende klageorganer, afh\u00e6ngig af leverancen\/ydelsens art:[\/vc_column_text][vc_custom_heading text=&#8221;Anken\u00e6vnet for Tekniske Installationer&#8221; font_container=&#8221;tag:h3|text_align:left&#8221; google_fonts=&#8221;font_family:Arimo%3Aregular%2Citalic%2C700%2C700italic|font_style:400%20regular%3A400%3Anormal&#8221; css=&#8221;.vc_custom_1461764313324{margin-top: 15px !important;margin-bottom: 15px !important;padding-left: 15px !important;background-color: #77aab6 !important;}&#8221; el_class=&#8221;round_corners&#8221;][vc_column_text]Anken\u00e6vnet behandler klager fra forbrugere over el og vvs arbejder. L\u00e6s mere om Anken\u00e6vnet for Tekniske Installationer: <a href=\"http:\/\/www.el-vvs-anke.dk\/\" target=\"_blank\">www.el-vvs-anke.dk\/<\/a><strong><br \/>\n<\/strong><\/p>\n<p><strong>Kontaktoplysninger: <\/strong><\/p>\n<p>Anken\u00e6vnet for Tekniske Installationer, Skanderborgvej 238, 8260 Viby J.<br \/>\nMail: &#97;n&#107;e&#64;e&#x6c;-&#x76;v&#x73;-&#x61;n&#x6b;e&#x2e;d&#x6b;, <a href=\"http:\/\/www.el-vvs-anke.dk\/\" target=\"_blank\">www.el-vvs-anke.dk\/<\/a>[\/vc_column_text][vc_custom_heading text=&#8221;Byggeriets Anken\u00e6vn&#8221; font_container=&#8221;tag:h3|text_align:left&#8221; google_fonts=&#8221;font_family:Arimo%3Aregular%2Citalic%2C700%2C700italic|font_style:400%20regular%3A400%3Anormal&#8221; css=&#8221;.vc_custom_1461764345620{margin-top: 15px !important;margin-bottom: 15px !important;padding-left: 15px !important;background-color: #77aab6 !important;}&#8221; el_class=&#8221;round_corners&#8221;][vc_column_text]Byggeriets Anken\u00e6vn behandler klager fra forbrugere over maler-, murer-, t\u00f8mrer-, snedker-, gulv, k\u00f8kken-, stenhugger-, t\u00e6kke-, kloak-, brol\u00e6gger-, anl\u00e6gsgartner- og jordarbejder samt leverancer af vinduer, yderd\u00f8re og k\u00f8kkenelementer..<\/p>\n<p>L\u00e6s mere om Byggeriets Anken\u00e6vn: <a href=\"http:\/\/www.byggerietsankenaevn.dk\/\" target=\"_blank\">www.byggerietsankenaevn.dk\/<\/a><strong><br \/>\n<\/strong><\/p>\n<p><strong>Kontaktoplysninger:<\/strong><\/p>\n<p>Byggeriets Anken\u00e6vn, N\u00f8rre Voldgade 106, 1358 K\u00f8benhavn K<br \/>\nMail: &#x69;n&#x66;&#111;&#x40;&#98;y&#x67;g&#x65;&#114;&#x69;&#101;t&#x73;&#97;&#x6e;&#107;e&#x6e;a&#x65;&#118;&#x6e;&#46;d&#x6b;, <a href=\"http:\/\/www.byggerietsankenaevn.dk\/\" target=\"_blank\">www.byggerietsankenaevn.dk\/<\/a>[\/vc_column_text][vc_custom_heading text=&#8221;H\u00e5ndv\u00e6rkets Anken\u00e6vn&#8221; font_container=&#8221;tag:h3|text_align:left&#8221; google_fonts=&#8221;font_family:Arimo%3Aregular%2Citalic%2C700%2C700italic|font_style:400%20regular%3A400%3Anormal&#8221; css=&#8221;.vc_custom_1461764380639{margin-top: 15px !important;margin-bottom: 15px !important;padding-left: 15px !important;background-color: #77aab6 !important;}&#8221; el_class=&#8221;round_corners&#8221;][vc_column_text]H\u00e5ndv\u00e6rkets Anken\u00e6vn behandler klager fra forbrugere over nybygnings-, ombygnings-, tilbygnings- og reparationsarbejde vedr\u00f8rende vvs-, bygningssmede-, maler-, snedker-, t\u00f8mrer-, t\u00e6kke-, murer-, kloak-, bel\u00e6gnings-, anl\u00e6gsgartner, auto- og m\u00f8belpolstringsarbejde. H\u00e5ndv\u00e6rkets Anken\u00e6vn behandler endvidere klager over leverancer af vinduer, yderd\u00f8re og termoruder.<\/p>\n<p>L\u00e6s mere om H\u00e5ndv\u00e6rkets Anken\u00e6vn: <a href=\"http:\/\/www.hvanke.dk\/\" target=\"_blank\">www.hvanke.dk<\/a><strong><br \/>\n<\/strong><\/p>\n<p><strong>Kontaktoplysninger:<\/strong><\/p>\n<p>H\u00e5ndv\u00e6rkets Anken\u00e6vn, Islands Brygge 26, 2300 K\u00f8benhavn S<br \/>\nMail: i&#110;&#102;&#x6f;&#x40;hv&#97;&#110;&#x6b;&#x65;&#46;d&#107;, <a href=\"http:\/\/www.hvanke.dk\" target=\"_blank\">www.hvanke.dk<\/a>[\/vc_column_text][\/vc_column][\/vc_row]<\/p>\n<\/div>","protected":false},"excerpt":{"rendered":"<p>[vc_row][vc_column][vc_custom_heading text=&#8221;Forbrugerklager:&#8221; google_fonts=&#8221;font_family:Arimo%3Aregular%2Citalic%2C700%2C700italic|font_style:400%20regular%3A400%3Anormal&#8221;][vc_column_text]Private kunder kan, ved uenighed, v\u00e6lge at indgive klage til et af f\u00f8lgende klageorganer, afh\u00e6ngig af leverancen\/ydelsens art:[\/vc_column_text][vc_custom_heading text=&#8221;Anken\u00e6vnet for Tekniske Installationer&#8221; font_container=&#8221;tag:h3|text_align:left&#8221; google_fonts=&#8221;font_family:Arimo%3Aregular%2Citalic%2C700%2C700italic|font_style:400%20regular%3A400%3Anormal&#8221; css=&#8221;.vc_custom_1461764313324{margin-top: 15px !important;margin-bottom: 15px !important;padding-left: 15px !important;background-color: #77aab6 !important;}&#8221; el_class=&#8221;round_corners&#8221;][vc_column_text]Anken\u00e6vnet behandler klager fra forbrugere over el og vvs arbejder. L\u00e6s mere om Anken\u00e6vnet for Tekniske Installationer: www.el-vvs-anke.dk\/ Kontaktoplysninger: Anken\u00e6vnet&hellip;<\/p>\n","protected":false},"author":6,"featured_media":0,"parent":0,"menu_order":0,"comment_status":"closed","ping_status":"closed","template":"","meta":{"_sitemap_exclude":false,"_sitemap_priority":"","_sitemap_frequency":"","footnotes":""},"class_list":["post-1783","page","type-page","status-publish","hentry","description-off"],"_links":{"self":[{"href":"https:\/\/www.tji.dk\/index.php\/wp-json\/wp\/v2\/pages\/1783","targetHints":{"allow":["GET"]}}],"collection":[{"href":"https:\/\/www.tji.dk\/index.php\/wp-json\/wp\/v2\/pages"}],"about":[{"href":"https:\/\/www.tji.dk\/index.php\/wp-json\/wp\/v2\/types\/page"}],"author":[{"embeddable":true,"href":"https:\/\/www.tji.dk\/index.php\/wp-json\/wp\/v2\/users\/6"}],"replies":[{"embeddable":true,"href":"https:\/\/www.tji.dk\/index.php\/wp-json\/wp\/v2\/comments?post=1783"}],"version-history":[{"count":0,"href":"https:\/\/www.tji.dk\/index.php\/wp-json\/wp\/v2\/pages\/1783\/revisions"}],"wp:attachment":[{"href":"https:\/\/www.tji.dk\/index.php\/wp-json\/wp\/v2\/media?parent=1783"}],"curies":[{"name":"wp","href":"https:\/\/api.w.org\/{rel}","templated":true}]}}