{"id":1836,"date":"2016-05-30T11:50:48","date_gmt":"2016-05-30T10:50:48","guid":{"rendered":"https:\/\/www.tji.dk\/?page_id=1836"},"modified":"2025-10-21T09:42:09","modified_gmt":"2025-10-21T07:42:09","slug":"flangefittings","status":"publish","type":"page","link":"https:\/\/www.tji.dk\/index.php\/flangefittings\/","title":{"rendered":"Flangefittings"},"content":{"rendered":"<div class=\"wpb-content-wrapper\"><p>[vc_row][vc_column width=&#8221;2\/3&#8243;][vc_custom_heading text=&#8221;Flangefittings&#8221; google_fonts=&#8221;font_family:Arimo%3Aregular%2Citalic%2C700%2C700italic|font_style:400%20regular%3A400%3Anormal&#8221;][vc_column_text css=&#8221;&#8221;]Tj\u00e6reborg Industri har sit eget design og sin egen produktion af flangefittings til brug for samling af pr\u00e6isolerede fjernvarmer\u00f8r.<\/p>\n<p>Flangefittings fra Tj\u00e6reborg Industri tilbydes i forskellige udformninger i dimensionerne \u00f890 \u2013 \u00f8315 mm:<\/p>\n<ul>\n<li>B\u00f8jninger<\/li>\n<li>Muffer<\/li>\n<li>Brianmuffer<\/li>\n<li>Reduktioner<\/li>\n<li>T-muffe med lang- eller kort gren<\/li>\n<\/ul>\n<p>Flangefittings fra Tj\u00e6reborg Industri er fremstillet i rustfrit syrefast st\u00e5l AISI 316 L svarende til EN 1.4404 i 3 mm godstykkelse.<\/p>\n<p>Flangefittings leveres inklusiv propper\u00a0samt bolte, sp\u00e6ndskiver og m\u00f8trikker i varmgalvaniseret st\u00e5l.<\/p>\n<p>Kombinationen mellem galvaniserede bolte og m\u00f8trikker samt den rustfri syrefaste kvalitet i flangeproduktet er valgt for at optimere styrke og holdbarhed.[\/vc_column_text][vc_custom_heading text=&#8221;Fordele&#8221; font_container=&#8221;tag:h3|text_align:left&#8221; google_fonts=&#8221;font_family:Arimo%3Aregular%2Citalic%2C700%2C700italic|font_style:400%20regular%3A400%3Anormal&#8221; css=&#8221;.vc_custom_1713777267441{margin-top: 50px !important;margin-bottom: 15px !important;padding-left: 15px !important;background-color: #77aab6 !important;}&#8221;][vc_column_text css=&#8221;&#8221;]Fordelene ved flangefittings i rustfrit syrefast st\u00e5l fra Tj\u00e6reborg Industri er mange bl.a.:<\/p>\n<ul>\n<li>Lang levetid<\/li>\n<li>Kort fremstillingstid og hurtig levering<\/li>\n<li>Gunstige priser<\/li>\n<li>Let og hurtig montering<\/li>\n<li>Produktet kan afkortes p\u00e5 byggepladsen<\/li>\n<li>Ingen coating og ingen anode<\/li>\n<li>Produktet er ikke specielt pladskr\u00e6vende<\/li>\n<\/ul>\n<p>[\/vc_column_text][vc_custom_heading text=&#8221;Download&#8221; font_container=&#8221;tag:h3|text_align:left&#8221; google_fonts=&#8221;font_family:Arimo%3Aregular%2Citalic%2C700%2C700italic|font_style:400%20regular%3A400%3Anormal&#8221; css=&#8221;.vc_custom_1713776990419{margin-top: 50px !important;margin-bottom: 35px !important;padding-left: 15px !important;background-color: #77aab6 !important;}&#8221;][vc_row_inner css=&#8221;.vc_custom_1714562571821{margin-bottom: 50px !important;}&#8221;][vc_column_inner width=&#8221;1\/3&#8243;][vc_single_image image=&#8221;13296&#8243; img_size=&#8221;100&#215;100&#8243; alignment=&#8221;center&#8221; onclick=&#8221;custom_link&#8221; img_link_target=&#8221;_blank&#8221; css=&#8221;.vc_custom_1761032497238{margin-bottom: 10px !important;}&#8221; image_hovers=&#8221;false&#8221; link=&#8221;https:\/\/www.tji.dk\/wp-content\/uploads\/2025\/10\/Flangefittings-brochure.pdf&#8221;][vc_column_text css=&#8221;&#8221;]<\/p>\n<p style=\"text-align: center;\"><strong>Brochureblad i\u00a0PDF<\/strong><\/p>\n<p>[\/vc_column_text][\/vc_column_inner][vc_column_inner width=&#8221;1\/3&#8243;][vc_single_image image=&#8221;13296&#8243; img_size=&#8221;100&#215;100&#8243; alignment=&#8221;center&#8221; onclick=&#8221;custom_link&#8221; img_link_target=&#8221;_blank&#8221; css=&#8221;.vc_custom_1713777021555{margin-bottom: 10px !important;}&#8221; image_hovers=&#8221;false&#8221; link=&#8221;https:\/\/www.tji.dk\/wp-content\/uploads\/2020\/10\/Montering-af-syrefaste-rustfrie-flanger.pdf&#8221;][vc_column_text css=&#8221;&#8221;]<\/p>\n<p style=\"text-align: center;\"><strong>Monteringsvejledning<\/strong><\/p>\n<p>[\/vc_column_text][\/vc_column_inner][vc_column_inner width=&#8221;1\/3&#8243;][\/vc_column_inner][\/vc_row_inner][\/vc_column][vc_column width=&#8221;1\/3&#8243;][vc_custom_heading text=&#8221;Eksempler&#8221; font_container=&#8221;tag:h3|text_align:left&#8221; google_fonts=&#8221;font_family:Arimo%3Aregular%2Citalic%2C700%2C700italic|font_style:400%20regular%3A400%3Anormal&#8221; css=&#8221;.vc_custom_1714562578245{margin-bottom: 15px !important;padding-left: 15px !important;background-color: #77aab6 !important;}&#8221;][vc_media_grid element_width=&#8221;12&#8243; gap=&#8221;25&#8243; item=&#8221;masonryMedia_SlideWithTitleAndCaption&#8221; css=&#8221;.vc_custom_1714562554527{margin-top: 10px !important;}&#8221; grid_id=&#8221;vc_gid:1761032471772-703fd6c3-5443-2&#8243; include=&#8221;1847,1842,1841&#8243;][\/vc_column][\/vc_row]<\/p>\n<\/div>","protected":false},"excerpt":{"rendered":"<p>[vc_row][vc_column width=&#8221;2\/3&#8243;][vc_custom_heading text=&#8221;Flangefittings&#8221; google_fonts=&#8221;font_family:Arimo%3Aregular%2Citalic%2C700%2C700italic|font_style:400%20regular%3A400%3Anormal&#8221;][vc_column_text css=&#8221;&#8221;]Tj\u00e6reborg Industri har sit eget design og sin egen produktion af flangefittings til brug for samling af pr\u00e6isolerede fjernvarmer\u00f8r. Flangefittings fra Tj\u00e6reborg Industri tilbydes i forskellige udformninger i dimensionerne \u00f890 \u2013 \u00f8315 mm: B\u00f8jninger Muffer Brianmuffer Reduktioner T-muffe med lang- eller kort gren Flangefittings fra Tj\u00e6reborg Industri er fremstillet i rustfrit&hellip;<\/p>\n","protected":false},"author":6,"featured_media":0,"parent":0,"menu_order":0,"comment_status":"closed","ping_status":"closed","template":"","meta":{"_sitemap_exclude":false,"_sitemap_priority":"","_sitemap_frequency":"","footnotes":""},"class_list":["post-1836","page","type-page","status-publish","hentry","description-off"],"_links":{"self":[{"href":"https:\/\/www.tji.dk\/index.php\/wp-json\/wp\/v2\/pages\/1836","targetHints":{"allow":["GET"]}}],"collection":[{"href":"https:\/\/www.tji.dk\/index.php\/wp-json\/wp\/v2\/pages"}],"about":[{"href":"https:\/\/www.tji.dk\/index.php\/wp-json\/wp\/v2\/types\/page"}],"author":[{"embeddable":true,"href":"https:\/\/www.tji.dk\/index.php\/wp-json\/wp\/v2\/users\/6"}],"replies":[{"embeddable":true,"href":"https:\/\/www.tji.dk\/index.php\/wp-json\/wp\/v2\/comments?post=1836"}],"version-history":[{"count":6,"href":"https:\/\/www.tji.dk\/index.php\/wp-json\/wp\/v2\/pages\/1836\/revisions"}],"predecessor-version":[{"id":15027,"href":"https:\/\/www.tji.dk\/index.php\/wp-json\/wp\/v2\/pages\/1836\/revisions\/15027"}],"wp:attachment":[{"href":"https:\/\/www.tji.dk\/index.php\/wp-json\/wp\/v2\/media?parent=1836"}],"curies":[{"name":"wp","href":"https:\/\/api.w.org\/{rel}","templated":true}]}}