{"id":2082,"date":"2016-08-04T07:47:37","date_gmt":"2016-08-04T06:47:37","guid":{"rendered":"https:\/\/www.tji.dk\/?page_id=2082"},"modified":"2024-05-01T13:42:51","modified_gmt":"2024-05-01T11:42:51","slug":"murgennemfoeringer-med-link-seal","status":"publish","type":"page","link":"https:\/\/www.tji.dk\/index.php\/murgennemfoeringer-med-link-seal\/","title":{"rendered":"Murgennemf\u00f8ringer med LINK SEAL\u00ae"},"content":{"rendered":"<div class=\"wpb-content-wrapper\"><p>[vc_row][vc_column width=&#8221;2\/3&#8243;][vc_custom_heading text=&#8221;Murgennemf\u00f8ringer med LINK SEAL\u00ae&#8221; google_fonts=&#8221;font_family:Arimo%3Aregular%2Citalic%2C700%2C700italic|font_style:400%20regular%3A400%3Anormal&#8221;][vc_column_text css=&#8221;.vc_custom_1714563009081{margin-bottom: 50px !important;}&#8221;]Tj\u00e6reborg Industri er forhandler af den originale LINK SEAL\u00ae fra Cobalch.<\/p>\n<p>LINK SEAL\u00ae anvendes til murgennemf\u00f8ring af r\u00f8r, herunder pr\u00e6isolerede fjernvarmer\u00f8r.<\/p>\n<p>Fordelene ved LINK SEAL\u00ae er mange:<\/p>\n<ul>\n<li>Trykt\u00e6t fra begge sider, indvendig og udvendig<\/li>\n<li>Elektrisk isolerende<\/li>\n<li>Absorberer st\u00f8d, lyd og vibration<\/li>\n<li>Nem og hurtig installation p\u00e5 kun f\u00e5 minutter<\/li>\n<li>Man undg\u00e5r efterst\u00f8bning mellem r\u00f8r og mur<\/li>\n<\/ul>\n<p>LINK SEAL\u00ae er den bedste m\u00e5de at t\u00e6tne omkring r\u00f8r ved murgennemf\u00f8ringer. T\u00e6tningsk\u00e6den best\u00e5r af identiske massive gummiklodser i 21 forskellige dimensioner d\u00e6kkende alle r\u00f8rdimensioner.<\/p>\n<p>Leddene f\u00f8jes sammen ved hj\u00e6lp af\u00a0bolte. P\u00e5 hver bolt er der mellem bolt og gummiklods en trykplade. N\u00e5r bolten strammes overf\u00f8res trykket via trykpladen til gummileddet. Disse ekspanderer i ringspalten mellem r\u00f8r og hul. P\u00e5 den m\u00e5de f\u00e5r man helt t\u00e6tte gennemf\u00f8ringer mellem r\u00f8r og hul.<\/p>\n<ul>\n<li>LINK SEAL\u00ae kan anvendes p\u00e5 r\u00f8r fra en diameter p\u00e5 10 mm og op til uendeligt.<\/li>\n<li>LINK SEAL\u00ae i standard udf\u00f8relse klarer et temperaturomr\u00e5de fra -40\u00b0C til +80\u00b0C og i speciel udf\u00f8relse fra -55\u00b0C til +200\u00b0C.<\/li>\n<li>LINK SEAL\u00ae er T\u00dcV testet med 5 bars tryk. Rigtig monteret modst\u00e5r LINK SEAL\u00ae et tryk p\u00e5 op til 25 bar og radioaktiv str\u00e5ling op til 5 x 10<sup>8<\/sup> RAD.<\/li>\n<li>LINK SEAL\u00ae hindrer krybestr\u00f8mme og koronaeffekt, som kan forekomme p\u00e5 h\u00f8jsp\u00e6ndingskabler i jorden.<\/li>\n<li>LINK SEAL\u00ae er elastisk og er god til at absorbere chokp\u00e5virkninger, eliminere lyd og vibrationer fra r\u00f8rsystemet, som kan opst\u00e5 fra pumper og ved tryk\u00e6ndringer.<\/li>\n<\/ul>\n<p>Til pr\u00e6isolerede fjernvarmer\u00f8r, er det vigtigt at bruge den rigtige LINK SEAL\u00ae, hvilket afh\u00e6nger af r\u00f8rsystem (fast- eller fleksibelt) samt behovet for optagelse af aksiale bev\u00e6gelser. Ved fleksible fjernvarmer\u00f8r samt r\u00f8r, hvor kappen\/r\u00f8ret ikke kan t\u00e5le et tryk p\u00e5 6 bar eller derover anbefales COMPAKT SEAL. Vi hj\u00e6lper gerne med design.[\/vc_column_text][\/vc_column][vc_column width=&#8221;1\/3&#8243;][vc_custom_heading text=&#8221;Eksempler&#8221; font_container=&#8221;tag:h3|text_align:left&#8221; google_fonts=&#8221;font_family:Arimo%3Aregular%2Citalic%2C700%2C700italic|font_style:400%20regular%3A400%3Anormal&#8221; css=&#8221;.vc_custom_1714562984871{margin-bottom: 15px !important;padding-left: 15px !important;background-color: #77aab6 !important;}&#8221; el_class=&#8221;round_corners&#8221;][vc_media_grid element_width=&#8221;12&#8243; gap=&#8221;25&#8243; item=&#8221;masonryMedia_SlideWithTitleAndCaption&#8221; css=&#8221;.vc_custom_1714563023196{margin-top: 10px !important;margin-bottom: 50px !important;}&#8221; grid_id=&#8221;vc_gid:1714562977825-44207475-9df0-5&#8243; include=&#8221;2084&#8243;][\/vc_column][\/vc_row][vc_row type=&#8221;vc_default&#8221;][vc_column][vc_custom_heading text=&#8221;Download&#8221; font_container=&#8221;tag:h3|text_align:left&#8221; google_fonts=&#8221;font_family:Arimo%3Aregular%2Citalic%2C700%2C700italic|font_style:400%20regular%3A400%3Anormal&#8221; css=&#8221;.vc_custom_1714563016910{margin-bottom: 35px !important;padding-left: 15px !important;background-color: #77aab6 !important;}&#8221; el_class=&#8221;round_corners&#8221;][vc_row_inner][vc_column_inner width=&#8221;1\/4&#8243;][vc_single_image image=&#8221;13296&#8243; img_size=&#8221;100&#215;100&#8243; alignment=&#8221;center&#8221; onclick=&#8221;custom_link&#8221; img_link_target=&#8221;_blank&#8221; css=&#8221;.vc_custom_1713779457767{margin-bottom: 10px !important;}&#8221; image_hovers=&#8221;false&#8221; link=&#8221;https:\/\/www.tji.dk\/wp-content\/uploads\/2020\/03\/Murgennemf%C3%B8ringer-brochure.pdf&#8221;][vc_column_text css=&#8221;&#8221;]<\/p>\n<p style=\"text-align: center;\"><strong>Brochurerblad i PDF<\/strong><\/p>\n<p>[\/vc_column_text][\/vc_column_inner][vc_column_inner width=&#8221;1\/4&#8243;][vc_single_image image=&#8221;13296&#8243; img_size=&#8221;100&#215;100&#8243; alignment=&#8221;center&#8221; onclick=&#8221;custom_link&#8221; img_link_target=&#8221;_blank&#8221; css=&#8221;.vc_custom_1713779577600{margin-bottom: 10px !important;}&#8221; image_hovers=&#8221;false&#8221; link=&#8221;https:\/\/www.tji.dk\/wp-content\/uploads\/2020\/02\/LINK-SEAL_Montagevejledning.pdf&#8221;][vc_column_text css=&#8221;&#8221;]<\/p>\n<p style=\"text-align: center;\"><strong>Montagevejledning<\/strong><\/p>\n<p>[\/vc_column_text][\/vc_column_inner][vc_column_inner width=&#8221;1\/4&#8243;][\/vc_column_inner][vc_column_inner width=&#8221;1\/4&#8243;][\/vc_column_inner][\/vc_row_inner][\/vc_column][\/vc_row][vc_row type=&#8221;vc_default&#8221; css=&#8221;.vc_custom_1713782528145{margin-top: 20px !important;}&#8221;][vc_column width=&#8221;1\/4&#8243;][vc_single_image image=&#8221;6232&#8243; img_size=&#8221;medium&#8221; alignment=&#8221;center&#8221; style=&#8221;vc_box_shadow&#8221; onclick=&#8221;link_image&#8221; css=&#8221;.vc_custom_1713782883429{margin-bottom: 10px !important;}&#8221; image_hovers=&#8221;false&#8221;][vc_column_text css=&#8221;&#8221;]<\/p>\n<p style=\"text-align: center;\"><strong>T\u00e6tning til fjernvarmer\u00f8r\/<br \/>\nkapper\u00f8r\/flexr\u00f8r<\/strong><\/p>\n<p>[\/vc_column_text][\/vc_column][vc_column width=&#8221;1\/4&#8243;][vc_single_image image=&#8221;6231&#8243; img_size=&#8221;medium&#8221; alignment=&#8221;center&#8221; style=&#8221;vc_box_shadow&#8221; onclick=&#8221;link_image&#8221; css=&#8221;.vc_custom_1713782900984{margin-bottom: 10px !important;}&#8221; image_hovers=&#8221;false&#8221;][vc_column_text css=&#8221;&#8221;]<\/p>\n<p style=\"text-align: center;\"><strong>Tilsp\u00e6nding<\/strong><\/p>\n<p>[\/vc_column_text][\/vc_column][vc_column width=&#8221;1\/4&#8243;][vc_single_image image=&#8221;6230&#8243; img_size=&#8221;medium&#8221; alignment=&#8221;center&#8221; style=&#8221;vc_box_shadow&#8221; onclick=&#8221;link_image&#8221; css=&#8221;.vc_custom_1713782981455{margin-bottom: 10px !important;}&#8221; image_hovers=&#8221;false&#8221;][vc_column_text css=&#8221;&#8221;]<\/p>\n<p style=\"text-align: center;\"><strong>Compakt Seal<\/strong><\/p>\n<p>[\/vc_column_text][\/vc_column][vc_column width=&#8221;1\/4&#8243;][\/vc_column][\/vc_row][vc_row][vc_column][vc_custom_heading text=&#8221;Dimensionsoversigt g\u00e6lder for LINK SEAL\u00ae&#8221; font_container=&#8221;tag:h3|text_align:left&#8221; google_fonts=&#8221;font_family:Arimo%3Aregular%2Citalic%2C700%2C700italic|font_style:400%20regular%3A400%3Anormal&#8221; css=&#8221;.vc_custom_1583303165709{margin-top: 15px !important;margin-bottom: 15px !important;padding-left: 15px !important;background-color: #77aab6 !important;}&#8221; el_class=&#8221;round_corners&#8221;][vc_column_text css=&#8221;.vc_custom_1714563066985{margin-top: 25px !important;}&#8221;]<\/p>\n<div style=\"overflow-x: auto;\">\n<table class=\"standardtable\">\n<tbody>\n<tr>\n<th style=\"width: 25%; text-align: center;\">Dimension<br \/>\nmm<\/th>\n<th style=\"width: 25%; text-align: center;\">Huldiameter<br \/>\nmm<\/th>\n<th style=\"width: 25%; text-align: center;\">LINK SEAL\u00ae<\/th>\n<th style=\"width: 25%; text-align: center;\">Antal led<\/th>\n<\/tr>\n<tr>\n<td style=\"text-align: center;\">\u00d850<\/td>\n<td style=\"text-align: center;\">94-100<\/td>\n<td style=\"text-align: center;\">LS-315-B<\/td>\n<td style=\"text-align: center;\">6<\/td>\n<\/tr>\n<tr>\n<td style=\"text-align: center;\">\u00d863<\/td>\n<td style=\"text-align: center;\">108-113<\/td>\n<td style=\"text-align: center;\">LS-315-B<\/td>\n<td style=\"text-align: center;\">7<\/td>\n<\/tr>\n<tr>\n<td style=\"text-align: center;\">\u00d875<\/td>\n<td style=\"text-align: center;\">120-125<\/td>\n<td style=\"text-align: center;\">LS-315-B<\/td>\n<td style=\"text-align: center;\">8<\/td>\n<\/tr>\n<tr>\n<td style=\"text-align: center;\">\u00d890<\/td>\n<td style=\"text-align: center;\">144-156<\/td>\n<td style=\"text-align: center;\">LS-340-B<\/td>\n<td style=\"text-align: center;\">9<\/td>\n<\/tr>\n<tr>\n<td style=\"text-align: center;\">\u00d8110<\/td>\n<td style=\"text-align: center;\">171-176<\/td>\n<td style=\"text-align: center;\">LS-340-B<\/td>\n<td style=\"text-align: center;\">11<\/td>\n<\/tr>\n<tr>\n<td style=\"text-align: center;\">\u00d8125<\/td>\n<td style=\"text-align: center;\">184-191<\/td>\n<td style=\"text-align: center;\">LS-340-B<\/td>\n<td style=\"text-align: center;\">12<\/td>\n<\/tr>\n<tr>\n<td style=\"text-align: center;\">\u00d8140<\/td>\n<td style=\"text-align: center;\">197-204<\/td>\n<td style=\"text-align: center;\">LS-340-B<\/td>\n<td style=\"text-align: center;\">13<\/td>\n<\/tr>\n<tr>\n<td style=\"text-align: center;\">\u00d8160<\/td>\n<td style=\"text-align: center;\">214-222<\/td>\n<td style=\"text-align: center;\">LS-340-B<\/td>\n<td style=\"text-align: center;\">14<\/td>\n<\/tr>\n<tr>\n<td style=\"text-align: center;\">\u00d8180<\/td>\n<td style=\"text-align: center;\">236-244<\/td>\n<td style=\"text-align: center;\">LS-340-B<\/td>\n<td style=\"text-align: center;\">16<\/td>\n<\/tr>\n<tr>\n<td style=\"text-align: center;\">\u00d8200<\/td>\n<td style=\"text-align: center;\">252-256<\/td>\n<td style=\"text-align: center;\">LS-325-B<\/td>\n<td style=\"text-align: center;\">9<\/td>\n<\/tr>\n<tr>\n<td style=\"text-align: center;\">\u00d8225<\/td>\n<td style=\"text-align: center;\">276-282<\/td>\n<td style=\"text-align: center;\">LS-325-B<\/td>\n<td style=\"text-align: center;\">10<\/td>\n<\/tr>\n<tr>\n<td style=\"text-align: center;\">\u00d8250<\/td>\n<td style=\"text-align: center;\">302-306<\/td>\n<td style=\"text-align: center;\">LS-325-B<\/td>\n<td style=\"text-align: center;\">11<\/td>\n<\/tr>\n<tr>\n<td style=\"text-align: center;\">\u00d8280<\/td>\n<td style=\"text-align: center;\">360-370<\/td>\n<td style=\"text-align: center;\">LS-410-B<\/td>\n<td style=\"text-align: center;\">15<\/td>\n<\/tr>\n<tr>\n<td style=\"text-align: center;\">\u00d8315<\/td>\n<td style=\"text-align: center;\">392-402<\/td>\n<td style=\"text-align: center;\">LS-400-B<\/td>\n<td style=\"text-align: center;\">12<\/td>\n<\/tr>\n<tr>\n<td style=\"text-align: center;\">\u00d8355<\/td>\n<td style=\"text-align: center;\">432-442<\/td>\n<td style=\"text-align: center;\">LS-400-B<\/td>\n<td style=\"text-align: center;\">13<\/td>\n<\/tr>\n<tr>\n<td style=\"text-align: center;\">\u00d8400<\/td>\n<td style=\"text-align: center;\">480-488<\/td>\n<td style=\"text-align: center;\">LS-400-B<\/td>\n<td style=\"text-align: center;\">15<\/td>\n<\/tr>\n<tr>\n<td style=\"text-align: center;\">\u00d8450<\/td>\n<td style=\"text-align: center;\">554-562<\/td>\n<td style=\"text-align: center;\">LS-575-B<\/td>\n<td style=\"text-align: center;\">20<\/td>\n<\/tr>\n<tr>\n<td style=\"text-align: center;\">\u00d8500<\/td>\n<td style=\"text-align: center;\">577-585<\/td>\n<td style=\"text-align: center;\">LS-400-B<\/td>\n<td style=\"text-align: center;\">18<\/td>\n<\/tr>\n<tr>\n<td style=\"text-align: center;\">\u00d8560<\/td>\n<td style=\"text-align: center;\">638-646<\/td>\n<td style=\"text-align: center;\">LS-400-B<\/td>\n<td style=\"text-align: center;\">20<\/td>\n<\/tr>\n<tr>\n<td style=\"text-align: center;\">\u00d8630<\/td>\n<td style=\"text-align: center;\">732-742<\/td>\n<td style=\"text-align: center;\">LS-575-B<\/td>\n<td style=\"text-align: center;\">27<\/td>\n<\/tr>\n<tr>\n<td style=\"text-align: center;\">\u00d8670<\/td>\n<td style=\"text-align: center;\">770-775<\/td>\n<td style=\"text-align: center;\">LS-575-B<\/td>\n<td style=\"text-align: center;\">28<\/td>\n<\/tr>\n<tr>\n<td style=\"text-align: center;\">\u00d8710<\/td>\n<td style=\"text-align: center;\">810-822<\/td>\n<td style=\"text-align: center;\">LS-575-B<\/td>\n<td style=\"text-align: center;\">30<\/td>\n<\/tr>\n<\/tbody>\n<\/table>\n<p>&nbsp;<\/p>\n<\/div>\n<p>[\/vc_column_text][\/vc_column][\/vc_row]<\/p>\n<\/div>","protected":false},"excerpt":{"rendered":"<p>[vc_row][vc_column width=&#8221;2\/3&#8243;][vc_custom_heading text=&#8221;Murgennemf\u00f8ringer med LINK SEAL\u00ae&#8221; google_fonts=&#8221;font_family:Arimo%3Aregular%2Citalic%2C700%2C700italic|font_style:400%20regular%3A400%3Anormal&#8221;][vc_column_text css=&#8221;.vc_custom_1714563009081{margin-bottom: 50px !important;}&#8221;]Tj\u00e6reborg Industri er forhandler af den originale LINK SEAL\u00ae fra Cobalch. LINK SEAL\u00ae anvendes til murgennemf\u00f8ring af r\u00f8r, herunder pr\u00e6isolerede fjernvarmer\u00f8r. Fordelene ved LINK SEAL\u00ae er mange: Trykt\u00e6t fra begge sider, indvendig og udvendig Elektrisk isolerende Absorberer st\u00f8d, lyd og vibration Nem og hurtig installation p\u00e5&hellip;<\/p>\n","protected":false},"author":6,"featured_media":0,"parent":0,"menu_order":0,"comment_status":"closed","ping_status":"closed","template":"","meta":{"_sitemap_exclude":false,"_sitemap_priority":"","_sitemap_frequency":"","footnotes":""},"class_list":["post-2082","page","type-page","status-publish","hentry","description-off"],"_links":{"self":[{"href":"https:\/\/www.tji.dk\/index.php\/wp-json\/wp\/v2\/pages\/2082","targetHints":{"allow":["GET"]}}],"collection":[{"href":"https:\/\/www.tji.dk\/index.php\/wp-json\/wp\/v2\/pages"}],"about":[{"href":"https:\/\/www.tji.dk\/index.php\/wp-json\/wp\/v2\/types\/page"}],"author":[{"embeddable":true,"href":"https:\/\/www.tji.dk\/index.php\/wp-json\/wp\/v2\/users\/6"}],"replies":[{"embeddable":true,"href":"https:\/\/www.tji.dk\/index.php\/wp-json\/wp\/v2\/comments?post=2082"}],"version-history":[{"count":22,"href":"https:\/\/www.tji.dk\/index.php\/wp-json\/wp\/v2\/pages\/2082\/revisions"}],"predecessor-version":[{"id":6090,"href":"https:\/\/www.tji.dk\/index.php\/wp-json\/wp\/v2\/pages\/2082\/revisions\/6090"}],"wp:attachment":[{"href":"https:\/\/www.tji.dk\/index.php\/wp-json\/wp\/v2\/media?parent=2082"}],"curies":[{"name":"wp","href":"https:\/\/api.w.org\/{rel}","templated":true}]}}