{"id":2154,"date":"2016-08-15T13:13:16","date_gmt":"2016-08-15T12:13:16","guid":{"rendered":"https:\/\/www.tji.dk\/?page_id=2154"},"modified":"2024-05-01T13:29:22","modified_gmt":"2024-05-01T11:29:22","slug":"hjaelpevaerktoej","status":"publish","type":"page","link":"https:\/\/www.tji.dk\/index.php\/hjaelpevaerktoej\/","title":{"rendered":"Hj\u00e6lpev\u00e6rkt\u00f8j"},"content":{"rendered":"<div class=\"wpb-content-wrapper\"><p>[vc_row][vc_column width=&#8221;2\/3&#8243;][vc_custom_heading text=&#8221;Hj\u00e6lpev\u00e6rkt\u00f8j&#8221; google_fonts=&#8221;font_family:Arimo%3Aregular%2Citalic%2C700%2C700italic|font_style:400%20regular%3A400%3Anormal&#8221;][vc_column_text css=&#8221;&#8221;]Tj\u00e6reborg Industri fremstiller og forhandler forskellige typer hj\u00e6lpev\u00e6rkt\u00f8j til brug for vand- og fjernvarmesektoren.[\/vc_column_text][vc_custom_heading text=&#8221;L\u00f8ftevogn p\u00e5 hjul, til st\u00f8bejernsd\u00e6ksler&#8221; font_container=&#8221;tag:h3|text_align:left&#8221; google_fonts=&#8221;font_family:Arimo%3Aregular%2Citalic%2C700%2C700italic|font_style:400%20regular%3A400%3Anormal&#8221; css=&#8221;.vc_custom_1713778764980{margin-top: 50px !important;margin-bottom: 15px !important;padding-left: 15px !important;background-color: #77aab6 !important;}&#8221; el_class=&#8221;round_corners&#8221;][vc_column_text]L\u00f8ftevognen har v\u00e6ret popul\u00e6r i mange \u00e5r\u00a0og er en hurtig og enkel m\u00e5de at h\u00e5ndtere\u00a0st\u00f8bejernsd\u00e6ksler. Man k\u00f8rer hen til\u00a0opgaven, l\u00f8fter d\u00e6kslet af og p\u00e5 og k\u00f8rer\u00a0tilbage igen. En l\u00f8fteopgave, hvor man\u00a0sk\u00e5ner ryggen. Der er mulighed for tilk\u00f8b af\u00a0forskelligt tilbeh\u00f8r afh\u00e6ngig af type og\u00a0placering af hullerne i br\u00f8ndd\u00e6kslerne. Fremstillet af st\u00e5l og leveres pulverlakeret som foto.[\/vc_column_text][vc_custom_heading text=&#8221;Br\u00f8ndd\u00e6kseln\u00f8gle&#8221; font_container=&#8221;tag:h3|text_align:left&#8221; google_fonts=&#8221;font_family:Arimo%3Aregular%2Citalic%2C700%2C700italic|font_style:400%20regular%3A400%3Anormal&#8221; css=&#8221;.vc_custom_1713778770836{margin-top: 50px !important;margin-bottom: 15px !important;padding-left: 15px !important;background-color: #77aab6 !important;}&#8221; el_class=&#8221;round_corners&#8221;][vc_column_text]Br\u00f8ndd\u00e6kseln\u00f8glen er en simpel n\u00f8gle til at\u00a0h\u00e5ndtere st\u00f8bejernsd\u00e6ksler ved brug af\u00a0v\u00e6gtstangsprincippet. F\u00e5s i to udgaver med\u00a0hhv. smal eller bred l\u00f8ftekrog. Fremstillet af st\u00e5l og leveres pulverlakeret som foto.[\/vc_column_text][vc_custom_heading text=&#8221;Kombi-T-N\u00f8glen&#8221; font_container=&#8221;tag:h3|text_align:left&#8221; google_fonts=&#8221;font_family:Arimo%3Aregular%2Citalic%2C700%2C700italic|font_style:400%20regular%3A400%3Anormal&#8221; css=&#8221;.vc_custom_1713778775508{margin-top: 50px !important;margin-bottom: 15px !important;padding-left: 15px !important;background-color: #77aab6 !important;}&#8221; el_class=&#8221;round_corners&#8221;][vc_column_text css=&#8221;&#8221;]Kombi-T-N\u00f8glen er fremstillet af st\u00e5l og\u00a0leveres kromatiseret i standardl\u00e6ngde p\u00e5\u00a01,3 meter.<\/p>\n<p>N\u00f8glen kan anvendes til afsp\u00e6rringshaner,\u00a0aftap, udluftninger, vandl\u00e5se og p\u00e5 d\u00e6ksler.\u00a0Kan endvidere bruges til fjernvarmeventiler\u00a0fra str. \u00f8 27 mm til og med \u00f8168 mm.\u00a0I standardudf\u00f8relse er Kombi-T-N\u00f8glen\u00a0forsynet med sekskant top i hhv. 19 og 27\u00a0mm.<\/p>\n<p>Som till\u00e6g kan der leveres adaptere i\u00a0f\u00f8lgende dimensioner:<\/p>\n<ul>\n<li>Universal firkant\/sekskant op til 32 mm.<\/li>\n<li>Konisk firkant 32\/18 mm over 80 mm.<\/li>\n<li>Konisk firkant 40\/25 mm over 90 mm.<\/li>\n<\/ul>\n<p>Adapterne fastl\u00e5ses nemt og hurtigt p\u00e5\u00a0Kombi-T-N\u00f8glen, s\u00e5ledes adapterne f\u00f8lger\u00a0med op, n\u00e5r betjeningen er overst\u00e5et,\u00a0ligesom l\u00e5sen bruges til fastholdelse af\u00a0tv\u00e6rstangen under transport.[\/vc_column_text][vc_custom_heading text=&#8221;Download&#8221; font_container=&#8221;tag:h3|text_align:left&#8221; google_fonts=&#8221;font_family:Arimo%3Aregular%2Citalic%2C700%2C700italic|font_style:400%20regular%3A400%3Anormal&#8221; css=&#8221;.vc_custom_1713778597567{margin-top: 50px !important;margin-bottom: 35px !important;padding-left: 15px !important;background-color: #77aab6 !important;}&#8221; el_class=&#8221;round_corners&#8221;][vc_row_inner css=&#8221;.vc_custom_1714562951675{margin-bottom: 50px !important;}&#8221;][vc_column_inner width=&#8221;1\/3&#8243;][vc_single_image image=&#8221;13296&#8243; img_size=&#8221;100&#215;100&#8243; alignment=&#8221;center&#8221; onclick=&#8221;custom_link&#8221; img_link_target=&#8221;_blank&#8221; css=&#8221;.vc_custom_1713778697020{margin-bottom: 10px !important;}&#8221; image_hovers=&#8221;false&#8221; link=&#8221;https:\/\/www.tji.dk\/wp-content\/uploads\/2019\/09\/Hj%C3%A6lpev%C3%A6rkt%C3%B8j-brochure.pdf&#8221;][vc_column_text css=&#8221;&#8221;]<\/p>\n<p style=\"text-align: center;\"><strong>Brochureblad i PDF<\/strong><\/p>\n<p>[\/vc_column_text][\/vc_column_inner][vc_column_inner width=&#8221;1\/3&#8243;][\/vc_column_inner][vc_column_inner width=&#8221;1\/3&#8243;][\/vc_column_inner][\/vc_row_inner][\/vc_column][vc_column width=&#8221;1\/3&#8243;][vc_custom_heading text=&#8221;Eksempler&#8221; font_container=&#8221;tag:h3|text_align:left&#8221; google_fonts=&#8221;font_family:Arimo%3Aregular%2Citalic%2C700%2C700italic|font_style:400%20regular%3A400%3Anormal&#8221; css=&#8221;.vc_custom_1714562903140{margin-bottom: 15px !important;padding-left: 15px !important;background-color: #77aab6 !important;}&#8221; el_class=&#8221;round_corners&#8221;][vc_media_grid element_width=&#8221;12&#8243; gap=&#8221;25&#8243; item=&#8221;masonryMedia_SlideWithTitleAndCaption&#8221; css=&#8221;.vc_custom_1714562911098{margin-top: 10px !important;}&#8221; grid_id=&#8221;vc_gid:1714562897572-095e7781-291b-4&#8243; include=&#8221;2160,2159,2158&#8243;][\/vc_column][\/vc_row]<\/p>\n<\/div>","protected":false},"excerpt":{"rendered":"<p>[vc_row][vc_column width=&#8221;2\/3&#8243;][vc_custom_heading text=&#8221;Hj\u00e6lpev\u00e6rkt\u00f8j&#8221; google_fonts=&#8221;font_family:Arimo%3Aregular%2Citalic%2C700%2C700italic|font_style:400%20regular%3A400%3Anormal&#8221;][vc_column_text css=&#8221;&#8221;]Tj\u00e6reborg Industri fremstiller og forhandler forskellige typer hj\u00e6lpev\u00e6rkt\u00f8j til brug for vand- og fjernvarmesektoren.[\/vc_column_text][vc_custom_heading text=&#8221;L\u00f8ftevogn p\u00e5 hjul, til st\u00f8bejernsd\u00e6ksler&#8221; font_container=&#8221;tag:h3|text_align:left&#8221; google_fonts=&#8221;font_family:Arimo%3Aregular%2Citalic%2C700%2C700italic|font_style:400%20regular%3A400%3Anormal&#8221; css=&#8221;.vc_custom_1713778764980{margin-top: 50px !important;margin-bottom: 15px !important;padding-left: 15px !important;background-color: #77aab6 !important;}&#8221; el_class=&#8221;round_corners&#8221;][vc_column_text]L\u00f8ftevognen har v\u00e6ret popul\u00e6r i mange \u00e5r\u00a0og er en hurtig og enkel m\u00e5de at h\u00e5ndtere\u00a0st\u00f8bejernsd\u00e6ksler. Man k\u00f8rer hen til\u00a0opgaven, l\u00f8fter d\u00e6kslet&hellip;<\/p>\n","protected":false},"author":6,"featured_media":0,"parent":0,"menu_order":0,"comment_status":"closed","ping_status":"closed","template":"","meta":{"_sitemap_exclude":false,"_sitemap_priority":"","_sitemap_frequency":"","footnotes":""},"class_list":["post-2154","page","type-page","status-publish","hentry","description-off"],"_links":{"self":[{"href":"https:\/\/www.tji.dk\/index.php\/wp-json\/wp\/v2\/pages\/2154","targetHints":{"allow":["GET"]}}],"collection":[{"href":"https:\/\/www.tji.dk\/index.php\/wp-json\/wp\/v2\/pages"}],"about":[{"href":"https:\/\/www.tji.dk\/index.php\/wp-json\/wp\/v2\/types\/page"}],"author":[{"embeddable":true,"href":"https:\/\/www.tji.dk\/index.php\/wp-json\/wp\/v2\/users\/6"}],"replies":[{"embeddable":true,"href":"https:\/\/www.tji.dk\/index.php\/wp-json\/wp\/v2\/comments?post=2154"}],"version-history":[{"count":6,"href":"https:\/\/www.tji.dk\/index.php\/wp-json\/wp\/v2\/pages\/2154\/revisions"}],"predecessor-version":[{"id":13447,"href":"https:\/\/www.tji.dk\/index.php\/wp-json\/wp\/v2\/pages\/2154\/revisions\/13447"}],"wp:attachment":[{"href":"https:\/\/www.tji.dk\/index.php\/wp-json\/wp\/v2\/media?parent=2154"}],"curies":[{"name":"wp","href":"https:\/\/api.w.org\/{rel}","templated":true}]}}