{"id":2171,"date":"2016-08-15T14:08:26","date_gmt":"2016-08-15T13:08:26","guid":{"rendered":"https:\/\/www.tji.dk\/?page_id=2171"},"modified":"2024-05-01T13:45:35","modified_gmt":"2024-05-01T11:45:35","slug":"broenddaeksler-runde","status":"publish","type":"page","link":"https:\/\/www.tji.dk\/index.php\/broenddaeksler-runde\/","title":{"rendered":"Br\u00f8ndd\u00e6ksler, runde"},"content":{"rendered":"<div class=\"wpb-content-wrapper\"><p>[vc_row][vc_column][vc_custom_heading text=&#8221;Br\u00f8ndd\u00e6ksler, runde&#8221; google_fonts=&#8221;font_family:Arimo%3Aregular%2Citalic%2C700%2C700italic|font_style:400%20regular%3A400%3Anormal&#8221;][vc_column_text css=&#8221;.vc_custom_1714555869356{margin-bottom: 0px !important;}&#8221;]Tj\u00e6reborg Industri er leveringsdygtig i\u00a0forskellige former for runde br\u00f8ndd\u00e6ksler i\u00a0st\u00f8bejern eller komposit plast.<\/p>\n<p>Br\u00f8ndd\u00e6kslerne leveres i forskellige\u00a0belastningsgrupper afh\u00e6ngig af opgave:<\/p>\n<div style=\"overflow-x: auto;\">\n<table class=\"standardtable\">\n<tbody>\n<tr>\n<th style=\"text-align: center;\">Gruppe<\/th>\n<th style=\"text-align: center;\">Belastning<\/th>\n<th style=\"text-align: left;\">Anvendelse<\/th>\n<\/tr>\n<tr>\n<td style=\"text-align: center;\">1<\/td>\n<td style=\"text-align: center;\">1,5 tons<\/td>\n<td>Omr\u00e5der for fodg\u00e6ngere og cyklister<\/td>\n<\/tr>\n<tr>\n<td style=\"text-align: center;\">2<\/td>\n<td style=\"text-align: center;\">12,5 tons<\/td>\n<td>Gangstier, fortove og parkeringsarealer for personbiler<\/td>\n<\/tr>\n<tr>\n<td style=\"text-align: center;\">3<\/td>\n<td style=\"text-align: center;\">25 tons<\/td>\n<td>Br\u00f8ndgods lagt ved kantsten\u00a0+0,5 m -0,2 m<\/td>\n<\/tr>\n<tr>\n<td style=\"text-align: center;\">4<\/td>\n<td style=\"text-align: center;\">40 tons<\/td>\n<td>K\u00f8rerbaner og parkeringsomr\u00e5der for alle k\u00f8rert\u00f8jer<\/td>\n<\/tr>\n<\/tbody>\n<\/table>\n<\/div>\n<p>[\/vc_column_text][vc_custom_heading text=&#8221;St\u00f8bejernsd\u00e6ksler&#8221; font_container=&#8221;tag:h3|text_align:left&#8221; google_fonts=&#8221;font_family:Arimo%3Aregular%2Citalic%2C700%2C700italic|font_style:400%20regular%3A400%3Anormal&#8221; css=&#8221;.vc_custom_1713773465871{margin-top: 50px !important;margin-bottom: 15px !important;padding-left: 15px !important;background-color: #77aab6 !important;}&#8221; el_class=&#8221;round_corners&#8221;][\/vc_column][\/vc_row][vc_row type=&#8221;vc_default&#8221; content_placement=&#8221;top&#8221;][vc_column width=&#8221;1\/3&#8243;][vc_column_text css=&#8221;&#8221;]St\u00f8bejernsd\u00e6ksler leveres i f\u00f8lgende\u00a0variationer:<\/p>\n<ul>\n<li>Med eller uden logo<\/li>\n<li>Med rund karm og vinger til k\u00f8rebaner<\/li>\n<li>Med firkantet karm til fortove<\/li>\n<li>\u00d8 600 mm op til 40 tons belastning<\/li>\n<li>\u00d8 800 mm kun til 40 tons belastning<\/li>\n<\/ul>\n<p>[\/vc_column_text][\/vc_column][vc_column width=&#8221;2\/3&#8243;][vc_row_inner][vc_column_inner width=&#8221;1\/2&#8243;][vc_single_image image=&#8221;2169&#8243; img_size=&#8221;medium&#8221; alignment=&#8221;center&#8221; onclick=&#8221;link_image&#8221; css=&#8221;.vc_custom_1713772180988{margin-bottom: 0px !important;}&#8221; image_hovers=&#8221;false&#8221;][vc_column_text css=&#8221;.vc_custom_1714555826088{margin-top: 0px !important;margin-bottom: 20px !important;}&#8221;]<\/p>\n<p style=\"text-align: center;\">St\u00f8bejernsd\u00e6ksel m. flydende rund karm<\/p>\n<p>[\/vc_column_text][\/vc_column_inner][vc_column_inner width=&#8221;1\/2&#8243;][vc_single_image image=&#8221;2167&#8243; img_size=&#8221;medium&#8221; alignment=&#8221;center&#8221; onclick=&#8221;link_image&#8221; css=&#8221;.vc_custom_1713772270591{margin-bottom: 10px !important;}&#8221; image_hovers=&#8221;false&#8221;][vc_column_text css=&#8221;.vc_custom_1713773406809{margin-top: 0px !important;margin-bottom: 0px !important;}&#8221;]<\/p>\n<p style=\"text-align: center;\">St\u00f8bejernsd\u00e6ksel m. firkantet karm<\/p>\n<p>[\/vc_column_text][\/vc_column_inner][\/vc_row_inner][\/vc_column][\/vc_row][vc_row][vc_column][vc_custom_heading text=&#8221;Kompositd\u00e6ksler&#8221; font_container=&#8221;tag:h3|text_align:left&#8221; google_fonts=&#8221;font_family:Arimo%3Aregular%2Citalic%2C700%2C700italic|font_style:400%20regular%3A400%3Anormal&#8221; css=&#8221;.vc_custom_1713773471823{margin-top: 50px !important;margin-bottom: 15px !important;padding-left: 15px !important;background-color: #77aab6 !important;}&#8221; el_class=&#8221;round_corners&#8221;][\/vc_column][\/vc_row][vc_row][vc_column width=&#8221;1\/3&#8243;][vc_column_text css=&#8221;&#8221;]Som alternativ til st\u00f8bejernsd\u00e6ksler kan\u00a0Tj\u00e6reborg Industri\u00a0levere d\u00e6ksler i komposit\u00a0plast, der har f\u00f8lgende fordele:<\/p>\n<ul>\n<li>Lettere at h\u00e5ndtere grundet den lavere v\u00e6gt<\/li>\n<li>Billigere end st\u00f8bejern<\/li>\n<li>Nemmere at montere<\/li>\n<\/ul>\n<p>Kompositd\u00e6ksler leveres i sort farve og:<\/p>\n<ul>\n<li>Med rund fast karm<\/li>\n<li>Med eller uden l\u00e5searm<\/li>\n<li>Med eller uden antiklapring<\/li>\n<li>\u00d8 800 mm til 12,5 og 40 tons belastning<\/li>\n<li>\u00d8 1100 mm kun til 40 tons belastning<\/li>\n<\/ul>\n<p>[\/vc_column_text][\/vc_column][vc_column width=&#8221;2\/3&#8243;][vc_media_grid element_width=&#8221;6&#8243; gap=&#8221;35&#8243; item=&#8221;masonryMedia_Default&#8221; css=&#8221;&#8221; grid_id=&#8221;vc_gid:1714555597472-eb77b307-69a0-8&#8243; include=&#8221;2168,2215&#8243;][\/vc_column][\/vc_row][vc_row][vc_column][vc_custom_heading text=&#8221;Download&#8221; font_container=&#8221;tag:h3|text_align:left&#8221; google_fonts=&#8221;font_family:Arimo%3Aregular%2Citalic%2C700%2C700italic|font_style:400%20regular%3A400%3Anormal&#8221; css=&#8221;.vc_custom_1713773321544{margin-top: 30px !important;margin-bottom: 30px !important;padding-left: 15px !important;background-color: #77aab6 !important;}&#8221; el_class=&#8221;round_corners&#8221;][vc_row_inner][vc_column_inner width=&#8221;1\/4&#8243;][vc_single_image image=&#8221;13296&#8243; img_size=&#8221;100&#215;100&#8243; alignment=&#8221;center&#8221; onclick=&#8221;custom_link&#8221; img_link_target=&#8221;_blank&#8221; css=&#8221;.vc_custom_1713771748560{margin-bottom: 10px !important;}&#8221; image_hovers=&#8221;false&#8221; link=&#8221;https:\/\/www.tji.dk\/wp-content\/uploads\/2016\/08\/Br%C3%B8ndd%C3%A6ksler-runde-brochure.pdf&#8221;][vc_column_text css=&#8221;&#8221;]<\/p>\n<p style=\"text-align: center;\"><strong>Brochureblad i PDF<\/strong><\/p>\n<p>[\/vc_column_text][\/vc_column_inner][vc_column_inner width=&#8221;1\/4&#8243;][\/vc_column_inner][vc_column_inner width=&#8221;1\/4&#8243;][\/vc_column_inner][vc_column_inner width=&#8221;1\/4&#8243;][\/vc_column_inner][\/vc_row_inner][\/vc_column][\/vc_row][vc_row type=&#8221;vc_default&#8221; css=&#8221;.vc_custom_1713521725347{margin-bottom: 20px !important;}&#8221;][vc_column][vc_custom_heading text=&#8221;Dimensioner og v\u00e6gt&#8221; font_container=&#8221;tag:h3|text_align:left&#8221; google_fonts=&#8221;font_family:Arimo%3Aregular%2Citalic%2C700%2C700italic|font_style:400%20regular%3A400%3Anormal&#8221; css=&#8221;.vc_custom_1713773328017{margin-top: 30px !important;margin-bottom: 15px !important;padding-left: 15px !important;background-color: #77aab6 !important;}&#8221; el_class=&#8221;round_corners&#8221;][vc_column_text css=&#8221;.vc_custom_1714555683632{margin-top: 25px !important;}&#8221;]<\/p>\n<div style=\"overflow-x: auto;\">\n<table class=\"standardtable\">\n<tbody>\n<tr>\n<th>Type<\/th>\n<th>St\u00f8rrelse<\/th>\n<th>Lysningsm\u00e5l<\/th>\n<th>V\u00e6gt, d\u00e6ksel<\/th>\n<\/tr>\n<tr>\n<td>St\u00f8bejern<\/td>\n<td>\u00d8 600 mm<\/td>\n<td>Ca. \u00d8 554 mm<\/td>\n<td>G2: ca. 32 kg<\/p>\n<p>G3: ca. 45 kg<\/p>\n<p>G4: ca. 45 kg<\/td>\n<\/tr>\n<tr>\n<td>St\u00f8bejern<\/td>\n<td>\u00d8 800 mm<\/td>\n<td>Ca. \u00d8 780 mm<\/td>\n<td>G4: ca. 58 kg<\/td>\n<\/tr>\n<tr>\n<td>Komposit<\/td>\n<td>\u00d8 800 mm<\/td>\n<td>Ca. \u00d8 600 mm<\/td>\n<td>G2: ca. 18 kg<\/p>\n<p>G4: ca. 29 kg<\/td>\n<\/tr>\n<tr>\n<td>Komposit<\/td>\n<td>\u00d8 1100 mm<\/td>\n<td>Ca. \u00d8 905 mm<\/td>\n<td>G4: ca. 58 kg<\/td>\n<\/tr>\n<\/tbody>\n<\/table>\n<\/div>\n<p>[\/vc_column_text][\/vc_column][\/vc_row]<\/p>\n<\/div>","protected":false},"excerpt":{"rendered":"<p>[vc_row][vc_column][vc_custom_heading text=&#8221;Br\u00f8ndd\u00e6ksler, runde&#8221; google_fonts=&#8221;font_family:Arimo%3Aregular%2Citalic%2C700%2C700italic|font_style:400%20regular%3A400%3Anormal&#8221;][vc_column_text css=&#8221;.vc_custom_1714555869356{margin-bottom: 0px !important;}&#8221;]Tj\u00e6reborg Industri er leveringsdygtig i\u00a0forskellige former for runde br\u00f8ndd\u00e6ksler i\u00a0st\u00f8bejern eller komposit plast. Br\u00f8ndd\u00e6kslerne leveres i forskellige\u00a0belastningsgrupper afh\u00e6ngig af opgave: Gruppe Belastning Anvendelse 1 1,5 tons Omr\u00e5der for fodg\u00e6ngere og cyklister 2 12,5 tons Gangstier, fortove og parkeringsarealer for personbiler 3 25 tons Br\u00f8ndgods lagt ved kantsten\u00a0+0,5 m -0,2&hellip;<\/p>\n","protected":false},"author":6,"featured_media":0,"parent":0,"menu_order":0,"comment_status":"closed","ping_status":"closed","template":"","meta":{"_sitemap_exclude":false,"_sitemap_priority":"","_sitemap_frequency":"","footnotes":""},"class_list":["post-2171","page","type-page","status-publish","hentry","description-off"],"_links":{"self":[{"href":"https:\/\/www.tji.dk\/index.php\/wp-json\/wp\/v2\/pages\/2171","targetHints":{"allow":["GET"]}}],"collection":[{"href":"https:\/\/www.tji.dk\/index.php\/wp-json\/wp\/v2\/pages"}],"about":[{"href":"https:\/\/www.tji.dk\/index.php\/wp-json\/wp\/v2\/types\/page"}],"author":[{"embeddable":true,"href":"https:\/\/www.tji.dk\/index.php\/wp-json\/wp\/v2\/users\/6"}],"replies":[{"embeddable":true,"href":"https:\/\/www.tji.dk\/index.php\/wp-json\/wp\/v2\/comments?post=2171"}],"version-history":[{"count":9,"href":"https:\/\/www.tji.dk\/index.php\/wp-json\/wp\/v2\/pages\/2171\/revisions"}],"predecessor-version":[{"id":13429,"href":"https:\/\/www.tji.dk\/index.php\/wp-json\/wp\/v2\/pages\/2171\/revisions\/13429"}],"wp:attachment":[{"href":"https:\/\/www.tji.dk\/index.php\/wp-json\/wp\/v2\/media?parent=2171"}],"curies":[{"name":"wp","href":"https:\/\/api.w.org\/{rel}","templated":true}]}}