{"id":2446,"date":"2016-11-07T13:46:49","date_gmt":"2016-11-07T12:46:49","guid":{"rendered":"https:\/\/www.tji.dk\/?page_id=2446"},"modified":"2024-10-04T08:37:07","modified_gmt":"2024-10-04T06:37:07","slug":"vandtaette-skruelaag","status":"publish","type":"page","link":"https:\/\/www.tji.dk\/index.php\/vandtaette-skruelaag\/","title":{"rendered":"Vandt\u00e6tte Skruel\u00e5g"},"content":{"rendered":"<div class=\"wpb-content-wrapper\"><p>[vc_row][vc_column width=&#8221;2\/3&#8243;][vc_custom_heading text=&#8221;Vandt\u00e6tte skruel\u00e5g&#8221; google_fonts=&#8221;font_family:Arimo%3Aregular%2Citalic%2C700%2C700italic|font_style:400%20regular%3A400%3Anormal&#8221;][vc_column_text]Tj\u00e6reborg Industri leverer vandt\u00e6tte skruel\u00e5g i plast til brug for beskyttelse af spindler og aftap-\/udluftningshaner p\u00e5 pr\u00e6isolerede fjernvarmeventiler.<\/p>\n<p>Det vandt\u00e6tte skruel\u00e5g f\u00e5s i 3 typer og beskytter fjernvarmeventilen mod ovenfra kommende regnvand, fugt, salt og snavs, herunder bremsest\u00f8v, hvilket betyder nemmere betjening og l\u00e6ngere levetid.<\/p>\n<p>N\u00e5r der er risiko for h\u00f8jtst\u00e5ende grundvand har det vandt\u00e6tte skruel\u00e5g sin helt store fordel, idet man undg\u00e5r at grundvand tr\u00e6nger ind til fjernvarmeventilen.[\/vc_column_text][vc_single_image image=&#8221;2452&#8243; img_size=&#8221;full&#8221; alignment=&#8221;center&#8221; onclick=&#8221;link_image&#8221; css=&#8221;&#8221; image_hovers=&#8221;false&#8221;][vc_column_text css=&#8221;&#8221;]D1 = Udvendig diameter karm<br \/>\nD2 = Indvendig lysning karm<br \/>\nD3 = Udvendig diameter l\u00e5g<br \/>\nD4 = Indvendig lysning forl\u00e6ngerr\u00f8r<br \/>\nH1 = H\u00f8jde karm + l\u00e5g<br \/>\nH2 = H\u00f8jde l\u00e5g + karm + forl\u00e6ngerr\u00f8r<br \/>\nAlle m\u00e5l er i mm.[\/vc_column_text][vc_column_text css=&#8221;&#8221;]<\/p>\n<div style=\"overflow-x: auto;\">\n<table class=\"standardtable\">\n<tbody>\n<tr>\n<th style=\"text-align: center;\">Type1-3<br \/>\nD1<\/th>\n<th style=\"text-align: center;\">Type 1-3<br \/>\nD2<\/th>\n<th style=\"text-align: center;\">Type 1-3<br \/>\nD3<\/th>\n<th style=\"text-align: center;\">Type 1-3<br \/>\nH1<\/th>\n<\/tr>\n<tr>\n<td style=\"text-align: center;\">75<\/td>\n<td style=\"text-align: center;\">68<\/td>\n<td style=\"text-align: center;\">111<\/td>\n<td style=\"text-align: center;\">91<\/td>\n<\/tr>\n<tr>\n<td style=\"text-align: center;\">110<\/td>\n<td style=\"text-align: center;\">101<\/td>\n<td style=\"text-align: center;\">150<\/td>\n<td style=\"text-align: center;\">92<\/td>\n<\/tr>\n<tr>\n<td style=\"text-align: center;\">160<\/td>\n<td style=\"text-align: center;\">140<\/td>\n<td style=\"text-align: center;\">182<\/td>\n<td style=\"text-align: center;\">129<\/td>\n<\/tr>\n<tr>\n<td style=\"text-align: center;\">227<\/td>\n<td style=\"text-align: center;\">197<\/td>\n<td style=\"text-align: center;\">240<\/td>\n<td style=\"text-align: center;\">120<\/td>\n<\/tr>\n<tr>\n<td style=\"text-align: center;\">250<\/td>\n<td style=\"text-align: center;\">218<\/td>\n<td style=\"text-align: center;\">268<\/td>\n<td style=\"text-align: center;\">120<\/td>\n<\/tr>\n<tr>\n<td style=\"text-align: center;\">290<\/td>\n<td style=\"text-align: center;\">260<\/td>\n<td style=\"text-align: center;\">328<\/td>\n<td style=\"text-align: center;\">95<\/td>\n<\/tr>\n<tr>\n<td style=\"text-align: center;\">540<\/td>\n<td style=\"text-align: center;\">440<\/td>\n<td style=\"text-align: center;\">(550)<\/td>\n<td style=\"text-align: center;\">190<\/td>\n<\/tr>\n<\/tbody>\n<\/table>\n<\/div>\n<p>[\/vc_column_text][vc_column_text css=&#8221;&#8221;]D4 for type 2 i henhold til kunde\u00f8nske<br \/>\nH2 for type 2 er max. 1.500 mm<br \/>\nH2 for type 3 i henhold til kunde\u00f8nske<br \/>\n[\/vc_column_text][vc_column_text css=&#8221;&#8221;]<\/p>\n<div style=\"overflow-x: auto;\">\n<table class=\"standardtable\">\n<tbody>\n<tr>\n<th style=\"text-align: center;\">Type 3<br \/>\nD4<\/th>\n<th style=\"text-align: center;\">Type 3<br \/>\nD1<\/th>\n<th style=\"text-align: center;\">Type 3<br \/>\nD1<\/th>\n<th style=\"text-align: center;\">Type 3<br \/>\nD1<\/th>\n<th style=\"text-align: center;\">Type 3<br \/>\nD1<\/th>\n<\/tr>\n<tr>\n<td style=\"text-align: center;\">119<\/td>\n<td style=\"text-align: center;\">160<\/td>\n<td style=\"text-align: center;\">250<\/td>\n<td style=\"text-align: center;\">290<\/td>\n<td style=\"text-align: center;\">540<\/td>\n<\/tr>\n<tr>\n<td style=\"text-align: center;\">134<\/td>\n<td style=\"text-align: center;\">160<\/td>\n<td style=\"text-align: center;\">250<\/td>\n<td style=\"text-align: center;\">290<\/td>\n<td style=\"text-align: center;\">540<\/td>\n<\/tr>\n<tr>\n<td style=\"text-align: center;\">153<\/td>\n<td style=\"text-align: center;\">x<\/td>\n<td style=\"text-align: center;\">250<\/td>\n<td style=\"text-align: center;\">290<\/td>\n<td style=\"text-align: center;\">540<\/td>\n<\/tr>\n<tr>\n<td style=\"text-align: center;\">172<\/td>\n<td style=\"text-align: center;\">x<\/td>\n<td style=\"text-align: center;\">250<\/td>\n<td style=\"text-align: center;\">290<\/td>\n<td style=\"text-align: center;\">540<\/td>\n<\/tr>\n<tr>\n<td style=\"text-align: center;\">192<\/td>\n<td style=\"text-align: center;\">x<\/td>\n<td style=\"text-align: center;\">250<\/td>\n<td style=\"text-align: center;\">290<\/td>\n<td style=\"text-align: center;\">540<\/td>\n<\/tr>\n<tr>\n<td style=\"text-align: center;\">217<\/td>\n<td style=\"text-align: center;\">x<\/td>\n<td style=\"text-align: center;\">250<\/td>\n<td style=\"text-align: center;\">290<\/td>\n<td style=\"text-align: center;\">540<\/td>\n<\/tr>\n<tr>\n<td style=\"text-align: center;\">241<\/td>\n<td style=\"text-align: center;\">x<\/td>\n<td style=\"text-align: center;\">x<\/td>\n<td style=\"text-align: center;\">290<\/td>\n<td style=\"text-align: center;\">540<\/td>\n<\/tr>\n<\/tbody>\n<\/table>\n<\/div>\n<p>[\/vc_column_text][vc_column_text css=&#8221;&#8221;]Karm eller forl\u00e6ngerr\u00f8r kan monters med krympemanchet eller med dobbelt t\u00e6tnet krympemuffe, mastik og krympemanchet.<\/p>\n<p>Vi hj\u00e6lper gerne med l\u00f8sningsforslag og design.[\/vc_column_text][vc_custom_heading text=&#8221;Download&#8221; font_container=&#8221;tag:h3|text_align:left&#8221; google_fonts=&#8221;font_family:Arimo%3Aregular%2Citalic%2C700%2C700italic|font_style:400%20regular%3A400%3Anormal&#8221; css=&#8221;.vc_custom_1713787335853{margin-top: 50px !important;margin-bottom: 35px !important;padding-left: 15px !important;background-color: #77aab6 !important;}&#8221;][vc_row_inner css=&#8221;.vc_custom_1714563518962{margin-bottom: 35px !important;}&#8221;][vc_column_inner width=&#8221;1\/3&#8243;][vc_single_image image=&#8221;13296&#8243; img_size=&#8221;100&#215;100&#8243; alignment=&#8221;center&#8221; onclick=&#8221;custom_link&#8221; img_link_target=&#8221;_blank&#8221; css=&#8221;.vc_custom_1715934232137{margin-bottom: 10px !important;}&#8221; image_hovers=&#8221;false&#8221; link=&#8221;https:\/\/www.tji.dk\/wp-content\/uploads\/2024\/10\/Vandtaette-skruelaag-brochure.pdf&#8221;][vc_column_text css=&#8221;&#8221;]<\/p>\n<p style=\"text-align: center;\"><strong>Brochureblad i PDF<\/strong><\/p>\n<p>[\/vc_column_text][\/vc_column_inner][vc_column_inner width=&#8221;1\/3&#8243;][\/vc_column_inner][vc_column_inner width=&#8221;1\/3&#8243;][\/vc_column_inner][\/vc_row_inner][\/vc_column][vc_column width=&#8221;1\/3&#8243;][vc_custom_heading text=&#8221;Eksempler&#8221; font_container=&#8221;tag:h3|text_align:left&#8221; google_fonts=&#8221;font_family:Arimo%3Aregular%2Citalic%2C700%2C700italic|font_style:400%20regular%3A400%3Anormal&#8221; css=&#8221;.vc_custom_1714563525609{margin-bottom: 15px !important;padding-left: 15px !important;background-color: #77aab6 !important;}&#8221;][vc_media_grid element_width=&#8221;12&#8243; gap=&#8221;25&#8243; item=&#8221;masonryMedia_SlideWithTitleAndCaption&#8221; css=&#8221;.vc_custom_1714563351068{margin-top: 10px !important;}&#8221; grid_id=&#8221;vc_gid:1728023744999-2fd7ae55-531b-2&#8243; include=&#8221;2450,2453,2451,9995&#8243;][\/vc_column][\/vc_row]<\/p>\n<\/div>","protected":false},"excerpt":{"rendered":"<p>[vc_row][vc_column width=&#8221;2\/3&#8243;][vc_custom_heading text=&#8221;Vandt\u00e6tte skruel\u00e5g&#8221; google_fonts=&#8221;font_family:Arimo%3Aregular%2Citalic%2C700%2C700italic|font_style:400%20regular%3A400%3Anormal&#8221;][vc_column_text]Tj\u00e6reborg Industri leverer vandt\u00e6tte skruel\u00e5g i plast til brug for beskyttelse af spindler og aftap-\/udluftningshaner p\u00e5 pr\u00e6isolerede fjernvarmeventiler. Det vandt\u00e6tte skruel\u00e5g f\u00e5s i 3 typer og beskytter fjernvarmeventilen mod ovenfra kommende regnvand, fugt, salt og snavs, herunder bremsest\u00f8v, hvilket betyder nemmere betjening og l\u00e6ngere levetid. N\u00e5r der er risiko for h\u00f8jtst\u00e5ende&hellip;<\/p>\n","protected":false},"author":6,"featured_media":0,"parent":0,"menu_order":0,"comment_status":"closed","ping_status":"closed","template":"","meta":{"_sitemap_exclude":false,"_sitemap_priority":"","_sitemap_frequency":"","footnotes":""},"class_list":["post-2446","page","type-page","status-publish","hentry","description-off"],"_links":{"self":[{"href":"https:\/\/www.tji.dk\/index.php\/wp-json\/wp\/v2\/pages\/2446","targetHints":{"allow":["GET"]}}],"collection":[{"href":"https:\/\/www.tji.dk\/index.php\/wp-json\/wp\/v2\/pages"}],"about":[{"href":"https:\/\/www.tji.dk\/index.php\/wp-json\/wp\/v2\/types\/page"}],"author":[{"embeddable":true,"href":"https:\/\/www.tji.dk\/index.php\/wp-json\/wp\/v2\/users\/6"}],"replies":[{"embeddable":true,"href":"https:\/\/www.tji.dk\/index.php\/wp-json\/wp\/v2\/comments?post=2446"}],"version-history":[{"count":12,"href":"https:\/\/www.tji.dk\/index.php\/wp-json\/wp\/v2\/pages\/2446\/revisions"}],"predecessor-version":[{"id":13835,"href":"https:\/\/www.tji.dk\/index.php\/wp-json\/wp\/v2\/pages\/2446\/revisions\/13835"}],"wp:attachment":[{"href":"https:\/\/www.tji.dk\/index.php\/wp-json\/wp\/v2\/media?parent=2446"}],"curies":[{"name":"wp","href":"https:\/\/api.w.org\/{rel}","templated":true}]}}