{"id":2913,"date":"2017-10-24T06:50:14","date_gmt":"2017-10-24T05:50:14","guid":{"rendered":"https:\/\/www.tji.dk\/?page_id=2913"},"modified":"2024-04-22T15:42:50","modified_gmt":"2024-04-22T13:42:50","slug":"tilbehoer-til-fjernvarme","status":"publish","type":"page","link":"https:\/\/www.tji.dk\/index.php\/tilbehoer-til-fjernvarme\/","title":{"rendered":"Tilbeh\u00f8r til fjernvarme"},"content":{"rendered":"<div class=\"wpb-content-wrapper\"><p>[vc_row][vc_column][vc_custom_heading text=&#8221;Tilbeh\u00f8r til fjernvarme&#8221; google_fonts=&#8221;font_family:Arimo%3Aregular%2Citalic%2C700%2C700italic|font_style:400%20regular%3A400%3Anormal&#8221; css=&#8221;.vc_custom_1713792832109{margin-bottom: 35px !important;}&#8221;][\/vc_column][\/vc_row][vc_row type=&#8221;vc_default&#8221; css=&#8221;.vc_custom_1713793003528{margin-bottom: 40px !important;}&#8221;][vc_column width=&#8221;1\/3&#8243;][vc_column_text css=&#8221;&#8221;]<span style=\"color: #000000;\"><strong>Trapezgevindn\u00f8gle med 3 funktioner:<\/strong><\/span>[\/vc_column_text][vc_single_image image=&#8221;2921&#8243; img_size=&#8221;full&#8221; onclick=&#8221;link_image&#8221; css=&#8221;&#8221; image_hovers=&#8221;false&#8221;][\/vc_column][vc_column width=&#8221;1\/3&#8243;][vc_column_text css=&#8221;&#8221;]<span style=\"color: #000000;\"><strong>Tr\u00e6k op stang til kompositd\u00e6ksler:<\/strong><\/span>[\/vc_column_text][vc_single_image image=&#8221;2922&#8243; img_size=&#8221;full&#8221; onclick=&#8221;link_image&#8221; css=&#8221;&#8221; image_hovers=&#8221;false&#8221;][\/vc_column][vc_column width=&#8221;1\/3&#8243;][vc_column_text css=&#8221;&#8221;]<span style=\"color: #000000;\"><strong>Tr\u00e6k op stang til st\u00e5ld\u00e6ksler:<\/strong><\/span>[\/vc_column_text][vc_single_image image=&#8221;2914&#8243; img_size=&#8221;full&#8221; onclick=&#8221;link_image&#8221; css=&#8221;&#8221; image_hovers=&#8221;false&#8221;][\/vc_column][\/vc_row][vc_row type=&#8221;vc_default&#8221; css=&#8221;.vc_custom_1713793009937{margin-bottom: 40px !important;}&#8221;][vc_column width=&#8221;1\/3&#8243;][vc_column_text css=&#8221;&#8221;]<span style=\"color: #000000;\"><strong>Pakninger til st\u00f8bejernsd\u00e6ksler:<\/strong><\/span><\/p>\n<p><span class=\"fontstyle0\">Flere fabrikater bl.a. Ulefos og Furnes i b\u00e5de<br \/>\n\u00d8 600 mm og \u00d8 800 mm<\/span>[\/vc_column_text][vc_single_image image=&#8221;2916&#8243; img_size=&#8221;full&#8221; onclick=&#8221;link_image&#8221; css=&#8221;&#8221; image_hovers=&#8221;false&#8221;][\/vc_column][vc_column width=&#8221;1\/3&#8243;][vc_column_text css=&#8221;&#8221;]<span style=\"color: #000000;\"><strong>Transportabelt gear til Broen Ballomax:<\/strong><\/span><\/p>\n<p><span class=\"fontstyle0\">Anvendes sammen med 6-kt og et modhold.<br \/>\nVentiler i DN100-DN350.<\/span>[\/vc_column_text][vc_single_image image=&#8221;2917&#8243; img_size=&#8221;full&#8221; onclick=&#8221;link_image&#8221; css=&#8221;&#8221; image_hovers=&#8221;false&#8221;][\/vc_column][vc_column width=&#8221;1\/3&#8243;][vc_column_text css=&#8221;&#8221;]<span style=\"color: #000000;\"><strong>Fops (Rondel):<\/strong><\/span><\/p>\n<p><span class=\"fontstyle0\">Anvendes over svejseprop som en ekstra<br \/>\nsikkerhed. Diameter 90 mm.<\/span>[\/vc_column_text][vc_single_image image=&#8221;2915&#8243; img_size=&#8221;full&#8221; onclick=&#8221;link_image&#8221; css=&#8221;.vc_custom_1713793102169{margin-right: 15px !important;margin-left: 15px !important;}&#8221; image_hovers=&#8221;false&#8221;][\/vc_column][\/vc_row][vc_row type=&#8221;vc_default&#8221;][vc_column width=&#8221;1\/3&#8243;][vc_column_text css=&#8221;&#8221;]<span style=\"color: #000000;\"><strong>Beskyttelsesh\u00e6tte:<\/strong><\/span><\/p>\n<p><span class=\"fontstyle0\">For ventiler, aftap- og udluftningsventiler.<br \/>\n2 liter b\u00e6ger af plast. Pakke antal: 200 stk.<\/span>[\/vc_column_text][vc_single_image image=&#8221;2919&#8243; img_size=&#8221;full&#8221; onclick=&#8221;link_image&#8221; css=&#8221;&#8221; image_hovers=&#8221;false&#8221;][\/vc_column][vc_column width=&#8221;1\/3&#8243;][vc_column_text css=&#8221;&#8221;]<span style=\"color: #000000;\"><strong>Fugeb\u00e5nd PIB 500:<\/strong><\/span><\/p>\n<p><span class=\"fontstyle0\">St\u00e6rkt kl\u00e6bende plastisk t\u00e6tningsprofil p\u00e5\u00a0polyisobutylenbasis. Anvendes som\u00a0t\u00e6tningsmateriale til flangefittings.<\/span>[\/vc_column_text][vc_single_image image=&#8221;2920&#8243; img_size=&#8221;full&#8221; onclick=&#8221;link_image&#8221; css=&#8221;&#8221; image_hovers=&#8221;false&#8221;][\/vc_column][vc_column width=&#8221;1\/3&#8243;][vc_column_text css=&#8221;&#8221;]<span style=\"color: #000000;\"><strong>Boltepakninger til galvaniserede d\u00e6ksler:<\/strong><\/span>[\/vc_column_text][vc_single_image image=&#8221;2939&#8243; img_size=&#8221;full&#8221; onclick=&#8221;link_image&#8221; css=&#8221;.vc_custom_1713793312268{margin-bottom: 10px !important;margin-left: 35px !important;}&#8221; image_hovers=&#8221;false&#8221;][vc_column_text css=&#8221;.vc_custom_1713793197382{margin-top: 0px !important;margin-left: 20px !important;}&#8221;]Til M18 bolte[\/vc_column_text][\/vc_column][\/vc_row][vc_row type=&#8221;vc_default&#8221;][vc_column][vc_custom_heading text=&#8221;Download&#8221; font_container=&#8221;tag:h3|text_align:left&#8221; google_fonts=&#8221;font_family:Arimo%3Aregular%2Citalic%2C700%2C700italic|font_style:400%20regular%3A400%3Anormal&#8221; css=&#8221;.vc_custom_1713792290063{margin-top: 30px !important;margin-bottom: 35px !important;padding-left: 15px !important;background-color: #77aab6 !important;}&#8221;][vc_row_inner][vc_column_inner width=&#8221;1\/4&#8243;][vc_single_image image=&#8221;13296&#8243; img_size=&#8221;100&#215;100&#8243; alignment=&#8221;center&#8221; onclick=&#8221;custom_link&#8221; img_link_target=&#8221;_blank&#8221; css=&#8221;.vc_custom_1713792216909{margin-bottom: 10px !important;}&#8221; image_hovers=&#8221;false&#8221; link=&#8221;https:\/\/www.tji.dk\/wp-content\/uploads\/2017\/10\/Tilbeh%C3%B8r-til-fjernvarme-brochure.pdf&#8221;][vc_column_text css=&#8221;&#8221;]<\/p>\n<p style=\"text-align: center;\"><strong>Brochureblad i PDF<\/strong><\/p>\n<p>[\/vc_column_text][\/vc_column_inner][vc_column_inner width=&#8221;1\/4&#8243;][\/vc_column_inner][vc_column_inner width=&#8221;1\/4&#8243;][\/vc_column_inner][vc_column_inner width=&#8221;1\/4&#8243;][\/vc_column_inner][\/vc_row_inner][\/vc_column][\/vc_row]<\/p>\n<\/div>","protected":false},"excerpt":{"rendered":"<p>[vc_row][vc_column][vc_custom_heading text=&#8221;Tilbeh\u00f8r til fjernvarme&#8221; google_fonts=&#8221;font_family:Arimo%3Aregular%2Citalic%2C700%2C700italic|font_style:400%20regular%3A400%3Anormal&#8221; css=&#8221;.vc_custom_1713792832109{margin-bottom: 35px !important;}&#8221;][\/vc_column][\/vc_row][vc_row type=&#8221;vc_default&#8221; css=&#8221;.vc_custom_1713793003528{margin-bottom: 40px !important;}&#8221;][vc_column width=&#8221;1\/3&#8243;][vc_column_text css=&#8221;&#8221;]Trapezgevindn\u00f8gle med 3 funktioner:[\/vc_column_text][vc_single_image image=&#8221;2921&#8243; img_size=&#8221;full&#8221; onclick=&#8221;link_image&#8221; css=&#8221;&#8221; image_hovers=&#8221;false&#8221;][\/vc_column][vc_column width=&#8221;1\/3&#8243;][vc_column_text css=&#8221;&#8221;]Tr\u00e6k op stang til kompositd\u00e6ksler:[\/vc_column_text][vc_single_image image=&#8221;2922&#8243; img_size=&#8221;full&#8221; onclick=&#8221;link_image&#8221; css=&#8221;&#8221; image_hovers=&#8221;false&#8221;][\/vc_column][vc_column width=&#8221;1\/3&#8243;][vc_column_text css=&#8221;&#8221;]Tr\u00e6k op stang til st\u00e5ld\u00e6ksler:[\/vc_column_text][vc_single_image image=&#8221;2914&#8243; img_size=&#8221;full&#8221; onclick=&#8221;link_image&#8221; css=&#8221;&#8221; image_hovers=&#8221;false&#8221;][\/vc_column][\/vc_row][vc_row type=&#8221;vc_default&#8221; css=&#8221;.vc_custom_1713793009937{margin-bottom: 40px !important;}&#8221;][vc_column width=&#8221;1\/3&#8243;][vc_column_text css=&#8221;&#8221;]Pakninger til st\u00f8bejernsd\u00e6ksler: Flere fabrikater bl.a.&hellip;<\/p>\n","protected":false},"author":6,"featured_media":0,"parent":0,"menu_order":0,"comment_status":"closed","ping_status":"closed","template":"","meta":{"_sitemap_exclude":false,"_sitemap_priority":"","_sitemap_frequency":"","footnotes":""},"class_list":["post-2913","page","type-page","status-publish","hentry","description-off"],"_links":{"self":[{"href":"https:\/\/www.tji.dk\/index.php\/wp-json\/wp\/v2\/pages\/2913","targetHints":{"allow":["GET"]}}],"collection":[{"href":"https:\/\/www.tji.dk\/index.php\/wp-json\/wp\/v2\/pages"}],"about":[{"href":"https:\/\/www.tji.dk\/index.php\/wp-json\/wp\/v2\/types\/page"}],"author":[{"embeddable":true,"href":"https:\/\/www.tji.dk\/index.php\/wp-json\/wp\/v2\/users\/6"}],"replies":[{"embeddable":true,"href":"https:\/\/www.tji.dk\/index.php\/wp-json\/wp\/v2\/comments?post=2913"}],"version-history":[{"count":3,"href":"https:\/\/www.tji.dk\/index.php\/wp-json\/wp\/v2\/pages\/2913\/revisions"}],"predecessor-version":[{"id":13327,"href":"https:\/\/www.tji.dk\/index.php\/wp-json\/wp\/v2\/pages\/2913\/revisions\/13327"}],"wp:attachment":[{"href":"https:\/\/www.tji.dk\/index.php\/wp-json\/wp\/v2\/media?parent=2913"}],"curies":[{"name":"wp","href":"https:\/\/api.w.org\/{rel}","templated":true}]}}