{"id":30,"date":"2016-01-11T09:24:20","date_gmt":"2016-01-11T08:24:20","guid":{"rendered":"http:\/\/172.18.1.137\/?page_id=30"},"modified":"2019-12-02T07:22:43","modified_gmt":"2019-12-02T06:22:43","slug":"ledningsnet","status":"publish","type":"page","link":"https:\/\/www.tji.dk\/index.php\/ledningsnet\/","title":{"rendered":"Ledningsnet"},"content":{"rendered":"<div class=\"wpb-content-wrapper\"><p>[vc_row][vc_column width=&#8221;2\/3&#8243;][vc_custom_heading text=&#8221;Fjernvarmeledningsnet&#8221; google_fonts=&#8221;font_family:Arimo%3Aregular%2Citalic%2C700%2C700italic|font_style:400%20regular%3A400%3Anormal&#8221;][vc_column_text]Tj\u00e6reborg Industri har siden 1960\u2019erne v\u00e6ret medvirkende i opbygningen af mange af landets nuv\u00e6rende fjernvarmeledningsnet, og Tj\u00e6reborg Industri kan som en professionel sparringspartner tilbyde fjernvarmeledningsnet lige fra ide og beregning til et komplet, n\u00f8glef\u00e6rdigt anl\u00e6g i totalentreprise.<\/p>\n<p>Vi udf\u00f8rer alle former for fjernvarmeledninger lige fra sm\u00e5 stik til store transmissionsledninger samt k\u00e6mpe solvarmeanl\u00e6g i alle former for entrepriser lige fra underentrepriser til totalentrepriser. Vores dygtige og erfarne medarbejdere, som l\u00f8bende efteruddannes, er kendt for deres h\u00f8je kvalitetsniveau, og vi kan levere projektering, jordarbejde, r\u00f8rleverancer, nedl\u00e6gning, sammensvejsning samt muffearbejde.<\/p>\n<p>Ligeledes yder Tj\u00e6reborg Industri god support og har vagtudkald hele d\u00f8gnet og hele \u00e5ret, s\u00e5ledes brud p\u00e5 ledningsnettet hurtigt kan udbedres.<\/p>\n<p><a href=\"https:\/\/www.tji.dk\/wp-content\/uploads\/2020\/12\/Referenceliste-vaesentlige-fjernvarmeprojekter.pdf\" target=\"_blank\" rel=\"noopener noreferrer\">Hent referenceliste for fjernvarmeledninger<\/a><\/p>\n<p><a href=\"https:\/\/www.tji.dk\/wp-content\/uploads\/2020\/12\/Referenceliste-transmissionsledninger.pdf\" target=\"_blank\" rel=\"noopener noreferrer\">Hent referenceliste for Transmissionsledninger<\/a>[\/vc_column_text][vc_custom_heading text=&#8221;Ledningsregistering&#8221; font_container=&#8221;tag:h3|text_align:left&#8221; google_fonts=&#8221;font_family:Arimo%3Aregular%2Citalic%2C700%2C700italic|font_style:400%20regular%3A400%3Anormal&#8221; css=&#8221;.vc_custom_1530163456935{background-color: #77aab6 !important;}&#8221;][vc_column_text]<\/p>\n<div class=\"wpb_text_column wpb_content_element \">\n<div class=\"wpb_wrapper\">\n<p>Tj\u00e6reborg Industri udf\u00f8rer ledningsregistrering for fjernvarme \u2013 og vandv\u00e6rker til konkurrencedygtige priser.<br \/>\nTj\u00e6reborg Industri er en professionel samarbejdspartner, idet vi har den praktiske erfaring og knowhow til at udf\u00f8re arbejdet p\u00e5 en effektiv m\u00e5de.<\/p>\n<p>Vi kan tilbyde:<\/p>\n<ul>\n<li>GPS-indm\u00e5ling<\/li>\n<li>tegnearbejde<\/li>\n<li>h\u00e5ndtering af LER-foresp\u00f8rgsler p\u00e5 vegne af kunden<\/li>\n<li>at indg\u00e5 i et samarbejde, hvor kunden delvis udf\u00f8rer noget af arbejdet<\/li>\n<\/ul>\n<p>Tj\u00e6reborg Industri har et samarbejde med Thvilum, hvor vi benytter Thvilums software og serveradgang til automatisk registrering i webGIS<\/p>\n<p>Som supplement til ovenst\u00e5ende kan vi udf\u00f8re beregninger af komplette fjernvarmeledningsnet med tilh\u00f8rende analyser, konklusioner og l\u00f8sningsforslag.<\/p>\n<p><a href=\"https:\/\/www.tji.dk\/wp-content\/uploads\/2018\/07\/Referenceliste-for-ledningsregistrering.pdf\" target=\"_blank\" rel=\"noopener noreferrer\">Hent referenceliste for ledningsregistrering<\/a><\/p>\n<\/div>\n<\/div>\n<p>[\/vc_column_text][\/vc_column][vc_column width=&#8221;1\/3&#8243;][vc_media_grid element_width=&#8221;12&#8243; gap=&#8221;20&#8243; item=&#8221;masonryMedia_SlideWithTitleAndCaption&#8221; grid_id=&#8221;vc_gid:1575267665671-50dcd05f-c77a-2&#8243; include=&#8221;4043,4059,5808&#8243;][\/vc_column][\/vc_row]<\/p>\n<\/div>","protected":false},"excerpt":{"rendered":"<p>[vc_row][vc_column width=&#8221;2\/3&#8243;][vc_custom_heading text=&#8221;Fjernvarmeledningsnet&#8221; google_fonts=&#8221;font_family:Arimo%3Aregular%2Citalic%2C700%2C700italic|font_style:400%20regular%3A400%3Anormal&#8221;][vc_column_text]Tj\u00e6reborg Industri har siden 1960\u2019erne v\u00e6ret medvirkende i opbygningen af mange af landets nuv\u00e6rende fjernvarmeledningsnet, og Tj\u00e6reborg Industri kan som en professionel sparringspartner tilbyde fjernvarmeledningsnet lige fra ide og beregning til et komplet, n\u00f8glef\u00e6rdigt anl\u00e6g i totalentreprise. Vi udf\u00f8rer alle former for fjernvarmeledninger lige fra sm\u00e5 stik til store transmissionsledninger samt k\u00e6mpe&hellip;<\/p>\n","protected":false},"author":6,"featured_media":0,"parent":0,"menu_order":0,"comment_status":"closed","ping_status":"closed","template":"","meta":{"_sitemap_exclude":false,"_sitemap_priority":"","_sitemap_frequency":"","footnotes":""},"class_list":["post-30","page","type-page","status-publish","hentry","description-off"],"_links":{"self":[{"href":"https:\/\/www.tji.dk\/index.php\/wp-json\/wp\/v2\/pages\/30","targetHints":{"allow":["GET"]}}],"collection":[{"href":"https:\/\/www.tji.dk\/index.php\/wp-json\/wp\/v2\/pages"}],"about":[{"href":"https:\/\/www.tji.dk\/index.php\/wp-json\/wp\/v2\/types\/page"}],"author":[{"embeddable":true,"href":"https:\/\/www.tji.dk\/index.php\/wp-json\/wp\/v2\/users\/6"}],"replies":[{"embeddable":true,"href":"https:\/\/www.tji.dk\/index.php\/wp-json\/wp\/v2\/comments?post=30"}],"version-history":[{"count":18,"href":"https:\/\/www.tji.dk\/index.php\/wp-json\/wp\/v2\/pages\/30\/revisions"}],"predecessor-version":[{"id":5809,"href":"https:\/\/www.tji.dk\/index.php\/wp-json\/wp\/v2\/pages\/30\/revisions\/5809"}],"wp:attachment":[{"href":"https:\/\/www.tji.dk\/index.php\/wp-json\/wp\/v2\/media?parent=30"}],"curies":[{"name":"wp","href":"https:\/\/api.w.org\/{rel}","templated":true}]}}