{"id":32,"date":"2016-01-11T09:25:14","date_gmt":"2016-01-11T08:25:14","guid":{"rendered":"http:\/\/172.18.1.137\/?page_id=32"},"modified":"2024-05-01T15:22:00","modified_gmt":"2024-05-01T13:22:00","slug":"service","status":"publish","type":"page","link":"https:\/\/www.tji.dk\/index.php\/service\/","title":{"rendered":"Service"},"content":{"rendered":"<div class=\"wpb-content-wrapper\"><p>[vc_row][vc_column width=&#8221;2\/3&#8243;][vc_custom_heading text=&#8221;Service&#8221; google_fonts=&#8221;font_family:Arimo%3Aregular%2Citalic%2C700%2C700italic|font_style:400%20regular%3A400%3Anormal&#8221;][vc_column_text]Tj\u00e6reborg Industri tilbyder serviceaftaler, der er tilpasset den enkelte kundes behov.<\/p>\n<p>Vi st\u00e5r til r\u00e5dighed ved akut opst\u00e5ede problemer hele \u00e5ret og hele d\u00f8gnet via vores vagttelefon 70207840.<\/p>\n<p>Mange af vores kunder har tegnet en serviceaftale efter vores koncept om Total Service, hvor Tj\u00e6reborg Industri samler alt service hos kunden i \u00e9n f\u00e6lles serviceaftale.<\/p>\n<p>Tj\u00e6reborg Industris Total Service koncept g\u00f8r det ikke bare simplere for vores kunder, men str\u00f8mliner samtidig ogs\u00e5 kontakten mellem Tj\u00e6reborg Industri og kunden.<\/p>\n<p>Det er ogs\u00e5 muligt for vores kunder, at de selv udf\u00f8rer noget af servicearbejdet i samarbejde med os eller via et eksternt firma.<\/p>\n<p>Kontakt vores serviceafdeling og f\u00e5 en uforpligtigende snak om de servicemuligheder, vi kan tilbyde til jeres anl\u00e6g.[\/vc_column_text][vc_custom_heading text=&#8221;Vagtaftale&#8221; font_container=&#8221;tag:h3|text_align:left&#8221; google_fonts=&#8221;font_family:Arimo%3Aregular%2Citalic%2C700%2C700italic|font_style:400%20regular%3A400%3Anormal&#8221; css=&#8221;.vc_custom_1714569308570{margin-top: 50px !important;margin-bottom: 15px !important;padding-left: 15px !important;background-color: #77aab6 !important;}&#8221; el_class=&#8221;round_corners&#8221;][vc_column_text]Vores kunder kan med fordel tegne en vagtaftale, idet man som kunde med en vagtaftale \u201dkommer foran i k\u00f8en\u201d ved akut opst\u00e5ede problemer.<\/p>\n<p>Ligeledes giver en vagtaftale nogle fordele, bl.a. med \u201dgratis\u201d telefonservice og forskellige rabatter, ligesom man undg\u00e5r et udkaldsgebyr ved udkald udenfor normal arbejdstid.[\/vc_column_text][vc_custom_heading text=&#8221;Driftslederaftale&#8221; font_container=&#8221;tag:h3|text_align:left&#8221; google_fonts=&#8221;font_family:Arimo%3Aregular%2Citalic%2C700%2C700italic|font_style:400%20regular%3A400%3Anormal&#8221; css=&#8221;.vc_custom_1714569315605{margin-top: 50px !important;margin-bottom: 15px !important;padding-left: 15px !important;background-color: #77aab6 !important;}&#8221; el_class=&#8221;round_corners&#8221;][vc_column_text]Sikkerhedsstyrelsen kr\u00e6ver i dag, at v\u00e6rker med 10, 15 eller 20 kV udstyr, skal have et godkendt KLS-D system, og mangel p\u00e5 dette kan i v\u00e6rste tilf\u00e6lde lede til politianmeldelse og b\u00f8de.<\/p>\n<p>Tj\u00e6reborg Industri bist\u00e5r i dag rigtig mange v\u00e6rker med implementeringen og vedligeholdelsen af et KLS-D system inkl. en \u00e5rlig auditering.[\/vc_column_text][vc_custom_heading text=&#8221;Sagkyndigt eftersyn&#8221; font_container=&#8221;tag:h3|text_align:left&#8221; google_fonts=&#8221;font_family:Arimo%3Aregular%2Citalic%2C700%2C700italic|font_style:400%20regular%3A400%3Anormal&#8221; css=&#8221;.vc_custom_1714569329080{margin-top: 50px !important;margin-bottom: 15px !important;padding-left: 15px !important;background-color: #77aab6 !important;}&#8221; el_class=&#8221;round_corners&#8221;][vc_column_text]Som ISO 9001 certificeret virksomhed udf\u00f8rer Tj\u00e6reborg Industri sagkyndige eftersyn for vores kunder i henhold til Arbejdstilsynets bekendtg\u00f8relse om trykb\u00e6rende anl\u00e6g, hvor temperaturen overstiger 110 \u00baC.<\/p>\n<p>Vi er behj\u00e6lpelig med klarg\u00f8ring, forberedelse og udf\u00f8relse af lovpligtig besigtigelse og trykpr\u00f8vning sammen med kunden og bemyndige inspektionsorganer.[\/vc_column_text][vc_custom_heading text=&#8221;Vibrationsm\u00e5linger&#8221; font_container=&#8221;tag:h3|text_align:left&#8221; google_fonts=&#8221;font_family:Arimo%3Aregular%2Citalic%2C700%2C700italic|font_style:400%20regular%3A400%3Anormal&#8221; css=&#8221;.vc_custom_1714569336677{margin-top: 50px !important;margin-bottom: 15px !important;padding-left: 15px !important;background-color: #77aab6 !important;}&#8221; el_class=&#8221;round_corners&#8221;][vc_column_text]Tj\u00e6reborg Industris serviceafdeling er udstyret med avanceret og effektivt udstyr for m\u00e5ling af vibrationer og tilbyder vibrationsm\u00e5linger p\u00e5 roterende dele, fx pumper, kompressorer, ventilatorer, generatorer og motorer mv. med efterf\u00f8lgende rapportdokumentering.[\/vc_column_text][vc_custom_heading text=&#8221;IT-Sikkerhedsservice&#8221; font_container=&#8221;tag:h3|text_align:left&#8221; google_fonts=&#8221;font_family:Arimo%3Aregular%2Citalic%2C700%2C700italic|font_style:400%20regular%3A400%3Anormal&#8221; css=&#8221;.vc_custom_1714569343572{margin-top: 50px !important;margin-bottom: 15px !important;padding-left: 15px !important;background-color: #77aab6 !important;}&#8221; el_class=&#8221;round_corners&#8221;][vc_column_text css=&#8221;&#8221;]Vi oplever, at risikoen for hackerangreb og virus er blevet st\u00f8rre, i takt med, at IT-systemerne bliver mere avancerede.<\/p>\n<p>Tj\u00e6reborg Industri tilbyder IT-sikkerhedsservice, s\u00e5ledes IT-systemet sikres bedst muligt, herunder at backup og kontrol heraf fungerer tilfredsstillende. De s\u00e5rbare dele i IT-systemet er b\u00e5de netv\u00e6rk og SCADA.[\/vc_column_text][vc_row_inner][vc_column_inner width=&#8221;1\/3&#8243;][vc_single_image image=&#8221;13296&#8243; img_size=&#8221;100&#215;100&#8243; alignment=&#8221;center&#8221; onclick=&#8221;custom_link&#8221; img_link_target=&#8221;_blank&#8221; css=&#8221;.vc_custom_1714569420171{margin-bottom: 0px !important;}&#8221; image_hovers=&#8221;false&#8221; link=&#8221;https:\/\/www.tji.dk\/wp-content\/uploads\/2023\/09\/IT-sikkerhedsservice.pdf&#8221;][vc_column_text css=&#8221;&#8221;]<\/p>\n<p style=\"text-align: center;\"><strong>Hent brochureblad i PDF<\/strong><\/p>\n<p>[\/vc_column_text][\/vc_column_inner][vc_column_inner width=&#8221;1\/3&#8243;][\/vc_column_inner][vc_column_inner width=&#8221;1\/3&#8243;][\/vc_column_inner][\/vc_row_inner][vc_custom_heading text=&#8221;Total Service&#8221; font_container=&#8221;tag:h3|text_align:left&#8221; google_fonts=&#8221;font_family:Arimo%3Aregular%2Citalic%2C700%2C700italic|font_style:400%20regular%3A400%3Anormal&#8221; css=&#8221;.vc_custom_1714569505062{margin-top: 35px !important;margin-bottom: 15px !important;padding-left: 15px !important;background-color: #77aab6 !important;}&#8221; el_class=&#8221;round_corners&#8221;][vc_column_text]En aftale om Total Service tilpasses den enkelte kundes \u00f8nsker og behov. Aftalen d\u00e6kker typisk et helt v\u00e6rk, hvor det ikke kun er hovedkomponenterne, som serviceres, men ogs\u00e5 de \u00f8vrige dele i det komplette anl\u00e6g.<\/p>\n<p>En standard serviceaftale omfatter lovpligtige eftersyn, kontrol og planlagt vedligehold, dokumentation for udf\u00f8rt arbejde, samt optimeringsforslag, men hvor forbrug af reservedele (sliddele) og udskiftning af andre komponenter og driftsmidler ikke indg\u00e5r.<\/p>\n<p>Fordelene ved at tegne en samlet serviceaftale med Tj\u00e6reborg Industri er mange, fx:<\/p>\n<ul>\n<li>Servicearbejdet str\u00f8mlines og koordineres samlet, s\u00e5 der kun er en indgangsvinkel til servicearbejdet.<\/li>\n<li>Servicearbejdet koordineres af Tj\u00e6reborg Industri, s\u00e5ledes at forskellige servicearbejder foretages samtidig, s\u00e5 anl\u00e6ggets ude minimeres.<\/li>\n<li>Tj\u00e6reborg Industri r\u00e5der over kompetent og gennemg\u00e5ende personale, som effektivt og professionelt kan hj\u00e6lpe og supportere vores kunder.<\/li>\n<li>Tj\u00e6reborg Industris serviceorganisation har \u201dfingeren p\u00e5 pulsen\u201d og drager nytte af de mange serviceaftaler i branchen, s\u00e5ledes ny lovgivning samt nye tiltag til effektivisering af kundernes anl\u00e6g kan implementeres hos alle kunder.<\/li>\n<li>Alt servicearbejde afsluttes med en rapport, som kan tilg\u00e5s via Tj\u00e6reborg Industris kundeportal.<\/li>\n<\/ul>\n<p>[\/vc_column_text][\/vc_column][vc_column width=&#8221;1\/3&#8243;][vc_media_grid element_width=&#8221;12&#8243; gap=&#8221;25&#8243; item=&#8221;masonryMedia_SlideWithTitleAndCaption&#8221; css=&#8221;&#8221; grid_id=&#8221;vc_gid:1714569286417-f544f0fa-47e0-1&#8243; include=&#8221;9744,9741,9745,9743,9742&#8243;][\/vc_column][\/vc_row][vc_row type=&#8221;vc_default&#8221; disable_element=&#8221;yes&#8221;][vc_column][layerslider_vc id=&#8221;6&#8243;][vc_custom_heading text=&#8221;TI Total Service&#8221; google_fonts=&#8221;font_family:Arimo%3Aregular%2Citalic%2C700%2C700italic|font_style:400%20regular%3A400%3Anormal&#8221;][vc_row_inner][vc_column_inner width=&#8221;3\/4&#8243;][vc_column_text]Tj\u00e6reborg Industri samler nu sine services under et f\u00e6lles koncept: TI Total Service.<\/p>\n<p>Konceptet g\u00f8r det ikke bare simplere for vores kunder, at overskue de mange muligheder Tj\u00e6reborg Industri tilbyder, men str\u00f8mliner samtidig ogs\u00e5 kontakten mellem Tj\u00e6reborg Industri og kunden.<\/p>\n<div class=\"three_fourth\">\n<p>Tj\u00e6reborg industri A\/S er<a href=\"https:\/\/www.tji.dk\/index.php\/service\/1091-2\/\"> <span class=\"fancy_link\">certificeret<\/span> <\/a>til at foretage alle lovpligtige eftersyn, og du kan derfor samle dine lovpligtige service opgaver hos os, s\u00e5 klarer vi resten!<\/p>\n<p>Vi har valgt at opdele vores service opgaver i forskellige omr\u00e5de, som frit kan v\u00e6lges til og fra.<\/p>\n<\/div>\n<p>[\/vc_column_text][\/vc_column_inner][vc_column_inner width=&#8221;1\/4&#8243;][vc_column_text]TI total service<\/p>\n<ul>\n<li><span class=\"fancy_link\"><a class=\"fancy_link_a\" href=\"https:\/\/www.tji.dk\/index.php\/service\/mekanisk-service\/\">Mekanisk service<\/a><\/span><\/li>\n<li><span class=\"fancy_link\"><a class=\"fancy_link_a\" href=\"https:\/\/www.tji.dk\/index.php\/service\/el-service\/\">El service<\/a><\/span><\/li>\n<li><span class=\"fancy_link\"><a class=\"fancy_link_a\" href=\"https:\/\/www.tji.dk\/index.php\/service\/1091-2\/\">Sagkyndig eftersyn<\/a><\/span><\/li>\n<li><span class=\"fancy_link\"><a class=\"fancy_link_a\" href=\"https:\/\/www.tji.dk\/index.php\/service\/doegnservice\/\">D\u00f8gnservice<\/a><\/span><\/li>\n<li><span class=\"fancy_link\"><a class=\"fancy_link_a\" href=\"https:\/\/www.tji.dk\/index.php\/service\/driftleder-2\/\">Driftleder<\/a><\/span><\/li>\n<\/ul>\n<p>[\/vc_column_text][\/vc_column_inner][\/vc_row_inner][vc_custom_heading text=&#8221;Har du styr p\u00e5 dine lovpligtige eftersyn?&#8221; font_container=&#8221;tag:h3|text_align:left&#8221; google_fonts=&#8221;font_family:Arimo%3Aregular%2Citalic%2C700%2C700italic|font_style:400%20regular%3A400%3Anormal&#8221; css=&#8221;.vc_custom_1453914348797{margin-top: 15px !important;margin-bottom: 15px !important;padding-left: 15px !important;background-color: #77aab6 !important;}&#8221; el_class=&#8221;round_corners&#8221;][vc_column_text]I nedenst\u00e5ende tabel har vi lavet et overblik over de lovpligtige eftersyn, der kan v\u00e6re relevante for dig.<\/p>\n<div style=\"overflow-x: auto;\">\n<table class=\"fancy_table\">\n<tbody>\n<tr>\n<th rowspan=\"2\">Omr\u00e5de<\/th>\n<th colspan=\"6\">Serviceinterval<\/th>\n<\/tr>\n<tr>\n<th>\u00bd-\u00e5rlig<\/th>\n<th>1-\u00e5rlig<\/th>\n<th>2-\u00e5rig<\/th>\n<th>4-\u00e5rig<\/th>\n<th>8-\u00e5rig<\/th>\n<\/tr>\n<tr>\n<td>Sagkyndig eftersyn<\/td>\n<td style=\"text-align: center;\">X<\/td>\n<td style=\"text-align: center;\"><\/td>\n<td style=\"text-align: center;\"><\/td>\n<td style=\"text-align: center;\"><\/td>\n<td style=\"text-align: center;\"><\/td>\n<\/tr>\n<tr>\n<td style=\"text-align: left;\">Trykbeholder<\/td>\n<td style=\"text-align: center;\"><\/td>\n<td style=\"text-align: center;\"><\/td>\n<td style=\"text-align: center;\">X<\/td>\n<td style=\"text-align: center;\">X<\/td>\n<td style=\"text-align: center;\"><\/td>\n<\/tr>\n<tr>\n<td style=\"text-align: left;\">Skorsten<\/td>\n<td style=\"text-align: center;\"><\/td>\n<td style=\"text-align: center;\"><\/td>\n<td style=\"text-align: center;\">X<\/td>\n<td style=\"text-align: center;\"><\/td>\n<td style=\"text-align: center;\"><\/td>\n<\/tr>\n<tr>\n<td>Sikkerhedsventiler verificeres<\/td>\n<td style=\"text-align: center;\"><\/td>\n<td style=\"text-align: center;\"><\/td>\n<td style=\"text-align: center;\"><\/td>\n<td style=\"text-align: center;\">X<\/td>\n<td style=\"text-align: center;\"><\/td>\n<\/tr>\n<tr>\n<td>Sikkerheds- og kontroludstyr kedel<br \/>\n(Eftersyn, Besigtigelse, Trykpr\u00f8vning)<\/td>\n<td style=\"text-align: center;\"><\/td>\n<td style=\"text-align: center;\">X<\/td>\n<td style=\"text-align: center;\"><\/td>\n<td style=\"text-align: center;\">X<\/td>\n<td style=\"text-align: center;\">X<\/td>\n<\/tr>\n<tr>\n<td>Brov\u00e6gt verificeres<\/td>\n<td style=\"text-align: center;\"><\/td>\n<td style=\"text-align: center;\"><\/td>\n<td style=\"text-align: center;\"><\/td>\n<td style=\"text-align: center;\">X<\/td>\n<td style=\"text-align: center;\"><\/td>\n<\/tr>\n<tr>\n<td>Kran<\/td>\n<td style=\"text-align: center;\"><\/td>\n<td style=\"text-align: center;\">X<\/td>\n<td style=\"text-align: center;\"><\/td>\n<td style=\"text-align: center;\"><\/td>\n<td style=\"text-align: center;\"><\/td>\n<\/tr>\n<tr>\n<td>Porte<\/td>\n<td style=\"text-align: center;\"><\/td>\n<td style=\"text-align: center;\">X<\/td>\n<td style=\"text-align: center;\"><\/td>\n<td style=\"text-align: center;\"><\/td>\n<td style=\"text-align: center;\"><\/td>\n<\/tr>\n<\/tbody>\n<\/table>\n<\/div>\n<p>[\/vc_column_text][\/vc_column][\/vc_row]<\/p>\n<\/div>","protected":false},"excerpt":{"rendered":"<p>[vc_row][vc_column width=&#8221;2\/3&#8243;][vc_custom_heading text=&#8221;Service&#8221; google_fonts=&#8221;font_family:Arimo%3Aregular%2Citalic%2C700%2C700italic|font_style:400%20regular%3A400%3Anormal&#8221;][vc_column_text]Tj\u00e6reborg Industri tilbyder serviceaftaler, der er tilpasset den enkelte kundes behov. Vi st\u00e5r til r\u00e5dighed ved akut opst\u00e5ede problemer hele \u00e5ret og hele d\u00f8gnet via vores vagttelefon 70207840. Mange af vores kunder har tegnet en serviceaftale efter vores koncept om Total Service, hvor Tj\u00e6reborg Industri samler alt service hos kunden i \u00e9n&hellip;<\/p>\n","protected":false},"author":6,"featured_media":0,"parent":0,"menu_order":0,"comment_status":"closed","ping_status":"closed","template":"","meta":{"_sitemap_exclude":false,"_sitemap_priority":"","_sitemap_frequency":"","footnotes":""},"class_list":["post-32","page","type-page","status-publish","hentry","description-off"],"_links":{"self":[{"href":"https:\/\/www.tji.dk\/index.php\/wp-json\/wp\/v2\/pages\/32","targetHints":{"allow":["GET"]}}],"collection":[{"href":"https:\/\/www.tji.dk\/index.php\/wp-json\/wp\/v2\/pages"}],"about":[{"href":"https:\/\/www.tji.dk\/index.php\/wp-json\/wp\/v2\/types\/page"}],"author":[{"embeddable":true,"href":"https:\/\/www.tji.dk\/index.php\/wp-json\/wp\/v2\/users\/6"}],"replies":[{"embeddable":true,"href":"https:\/\/www.tji.dk\/index.php\/wp-json\/wp\/v2\/comments?post=32"}],"version-history":[{"count":11,"href":"https:\/\/www.tji.dk\/index.php\/wp-json\/wp\/v2\/pages\/32\/revisions"}],"predecessor-version":[{"id":13475,"href":"https:\/\/www.tji.dk\/index.php\/wp-json\/wp\/v2\/pages\/32\/revisions\/13475"}],"wp:attachment":[{"href":"https:\/\/www.tji.dk\/index.php\/wp-json\/wp\/v2\/media?parent=32"}],"curies":[{"name":"wp","href":"https:\/\/api.w.org\/{rel}","templated":true}]}}