{"id":36,"date":"2016-01-11T09:30:22","date_gmt":"2016-01-11T08:30:22","guid":{"rendered":"http:\/\/172.18.1.137\/?page_id=36"},"modified":"2024-04-19T11:48:54","modified_gmt":"2024-04-19T09:48:54","slug":"solvarme","status":"publish","type":"page","link":"https:\/\/www.tji.dk\/index.php\/solvarme\/","title":{"rendered":"Solvarme"},"content":{"rendered":"<div class=\"wpb-content-wrapper\"><p>[vc_row][vc_column][vc_custom_heading text=&#8221;Solvarme&#8221; google_fonts=&#8221;font_family:Arimo%3Aregular%2Citalic%2C700%2C700italic|font_style:400%20regular%3A400%3Anormal&#8221;][vc_column_text]Tj\u00e6reborg Industri kan tilbyde solvarmeanl\u00e6g med stor effektivitet, og Tj\u00e6reborg Industri er en professionel sparringspartner, lige fra ide og beregning til et komplet, n\u00f8glef\u00e6rdigt anl\u00e6g i totalentreprise.[\/vc_column_text][vc_custom_heading text=&#8221;Hvorfor solvarme?&#8221; font_container=&#8221;tag:h3|text_align:left&#8221; google_fonts=&#8221;font_family:Arimo%3Aregular%2Citalic%2C700%2C700italic|font_style:400%20regular%3A400%3Anormal&#8221; css=&#8221;.vc_custom_1453913454424{margin-top: 15px !important;margin-bottom: 15px !important;padding-left: 15px !important;background-color: #77aab6 !important;}&#8221; el_class=&#8221;round_corners&#8221;][vc_row_inner][vc_column_inner width=&#8221;2\/3&#8243;][vc_column_text]I de senere \u00e5r har solvarme for alvor vundet indpas i den danske fjernvarmeforsyning.<br \/>\n\u00c5rsagen hertil skal findes i de stigende br\u00e6ndselspriser sammenholdt med \u00f8nsket om en CO<sub>2<\/sub>-neutral varmeproduktion.<br \/>\nDet stigende antal solvarmeanl\u00e6g har ogs\u00e5 betydet h\u00f8jere effektivitet og lavere anl\u00e6gsomkostninger, s\u00e5ledes at solvarme i dag kan v\u00e6re kommercielt b\u00e6redygtig.[\/vc_column_text][\/vc_column_inner][vc_column_inner width=&#8221;1\/3&#8243;][vc_media_grid element_width=&#8221;12&#8243; item=&#8221;masonryMedia_Default&#8221; css=&#8221;&#8221; grid_id=&#8221;vc_gid:1713519906688-0342cbf1-0e96-8&#8243; include=&#8221;1924&#8243;][\/vc_column_inner][\/vc_row_inner][vc_custom_heading text=&#8221;Designkriterier&#8221; font_container=&#8221;tag:h3|text_align:left&#8221; google_fonts=&#8221;font_family:Arimo%3Aregular%2Citalic%2C700%2C700italic|font_style:400%20regular%3A400%3Anormal&#8221; css=&#8221;.vc_custom_1522818674660{margin-top: 15px !important;margin-bottom: 15px !important;padding-left: 15px !important;background-color: #77aab6 !important;}&#8221; el_class=&#8221;round_corners&#8221;][vc_column_text]Design af et solvarmeanl\u00e6g kr\u00e6ver mange overvejelser:<\/p>\n<ul class=\"fancy_list\">\n<li class=\"check_list\">Hvor stor en del af varmebehovet er rentabelt at d\u00e6kke med solvarme, og er der behov for ekstra varmeakkumulering?<\/li>\n<li class=\"check_list\">Hvor finder man et egnet areal til form\u00e5let, og hvad med transmissionsledningen?<\/li>\n<li class=\"check_list\">Hvordan forholder det sig med myndighedsgodkendelser?<\/li>\n<li class=\"check_list\">Hvad med \u00f8konomien?<\/li>\n<\/ul>\n<p>Se diagram for varmepris fra solvarme: <a href=\"https:\/\/www.tji.dk\/wp-content\/uploads\/2022\/09\/Solvarmepris.pdf\" target=\"_blank\" rel=\"noopener noreferrer\">klik her.<\/a>[\/vc_column_text][vc_custom_heading text=&#8221;Hvorfor v\u00e6lge et solvarmeanl\u00e6g fra Tj\u00e6reborg Industri?&#8221; font_container=&#8221;tag:h3|text_align:left&#8221; google_fonts=&#8221;font_family:Arimo%3Aregular%2Citalic%2C700%2C700italic|font_style:400%20regular%3A400%3Anormal&#8221; css=&#8221;.vc_custom_1522843840802{margin-top: 15px !important;margin-bottom: 15px !important;padding-left: 15px !important;background-color: #77aab6 !important;}&#8221; el_class=&#8221;round_corners&#8221;][vc_column_text]Tj\u00e6reborg Industri har god erfaring med at gennemf\u00f8re solvarmeprojekter b\u00e5de i totalentreprise og i delentreprise.<br \/>\nTj\u00e6reborg Industri fokuserer p\u00e5 at levere et anl\u00e6g, som er \u00f8konomisk optimalt for kunden frem for en billig anl\u00e6gspris.<br \/>\nTj\u00e6reborg Industris unikke styring optimerer automatisk driften af solvarmeanl\u00e6gget med h\u00f8jere virkningsgrad til f\u00f8lge.<br \/>\nDer ydes god support b\u00e5de p\u00e5 den mekaniske og styringsm\u00e6ssige side.<\/p>\n<p>Kontakt Tj\u00e6reborg Industri og f\u00e5 udarbejdet en handlingsplan, som tager h\u00f8jde for alle faser i projektet lige fra id\u00e9grundlag til det f\u00e6rdige resultat.<\/p>\n<p><a href=\"https:\/\/www.tji.dk\/wp-content\/uploads\/2016\/01\/Referenceliste-solvarmeanl%C3%A6g.pdf\" target=\"_blank\" rel=\"noopener noreferrer\">Hent referenceliste.<\/a>[\/vc_column_text][\/vc_column][\/vc_row]<\/p>\n<\/div>","protected":false},"excerpt":{"rendered":"<p>[vc_row][vc_column][vc_custom_heading text=&#8221;Solvarme&#8221; google_fonts=&#8221;font_family:Arimo%3Aregular%2Citalic%2C700%2C700italic|font_style:400%20regular%3A400%3Anormal&#8221;][vc_column_text]Tj\u00e6reborg Industri kan tilbyde solvarmeanl\u00e6g med stor effektivitet, og Tj\u00e6reborg Industri er en professionel sparringspartner, lige fra ide og beregning til et komplet, n\u00f8glef\u00e6rdigt anl\u00e6g i totalentreprise.[\/vc_column_text][vc_custom_heading text=&#8221;Hvorfor solvarme?&#8221; font_container=&#8221;tag:h3|text_align:left&#8221; google_fonts=&#8221;font_family:Arimo%3Aregular%2Citalic%2C700%2C700italic|font_style:400%20regular%3A400%3Anormal&#8221; css=&#8221;.vc_custom_1453913454424{margin-top: 15px !important;margin-bottom: 15px !important;padding-left: 15px !important;background-color: #77aab6 !important;}&#8221; el_class=&#8221;round_corners&#8221;][vc_row_inner][vc_column_inner width=&#8221;2\/3&#8243;][vc_column_text]I de senere \u00e5r har solvarme for alvor vundet indpas i den&hellip;<\/p>\n","protected":false},"author":6,"featured_media":0,"parent":0,"menu_order":0,"comment_status":"closed","ping_status":"closed","template":"","meta":{"_sitemap_exclude":false,"_sitemap_priority":"","_sitemap_frequency":"","footnotes":""},"class_list":["post-36","page","type-page","status-publish","hentry","description-off"],"_links":{"self":[{"href":"https:\/\/www.tji.dk\/index.php\/wp-json\/wp\/v2\/pages\/36","targetHints":{"allow":["GET"]}}],"collection":[{"href":"https:\/\/www.tji.dk\/index.php\/wp-json\/wp\/v2\/pages"}],"about":[{"href":"https:\/\/www.tji.dk\/index.php\/wp-json\/wp\/v2\/types\/page"}],"author":[{"embeddable":true,"href":"https:\/\/www.tji.dk\/index.php\/wp-json\/wp\/v2\/users\/6"}],"replies":[{"embeddable":true,"href":"https:\/\/www.tji.dk\/index.php\/wp-json\/wp\/v2\/comments?post=36"}],"version-history":[{"count":2,"href":"https:\/\/www.tji.dk\/index.php\/wp-json\/wp\/v2\/pages\/36\/revisions"}],"predecessor-version":[{"id":13284,"href":"https:\/\/www.tji.dk\/index.php\/wp-json\/wp\/v2\/pages\/36\/revisions\/13284"}],"wp:attachment":[{"href":"https:\/\/www.tji.dk\/index.php\/wp-json\/wp\/v2\/media?parent=36"}],"curies":[{"name":"wp","href":"https:\/\/api.w.org\/{rel}","templated":true}]}}