{"id":38,"date":"2016-01-11T09:30:34","date_gmt":"2016-01-11T08:30:34","guid":{"rendered":"http:\/\/172.18.1.137\/?page_id=38"},"modified":"2026-05-06T10:36:08","modified_gmt":"2026-05-06T08:36:08","slug":"varmepumpe","status":"publish","type":"page","link":"https:\/\/www.tji.dk\/index.php\/varmepumpe\/","title":{"rendered":"Varmepumper"},"content":{"rendered":"<div class=\"wpb-content-wrapper\"><p>[vc_row][vc_column width=&#8221;3\/4&#8243;][vc_custom_heading text=&#8221;Varmepumper&#8221; google_fonts=&#8221;font_family:Arimo%3Aregular%2Citalic%2C700%2C700italic|font_style:400%20regular%3A400%3Anormal&#8221;][vc_column_text css=&#8221;&#8221;]Tj\u00e6reborg Industri etablerer el-varmepumper og absorptionsvarmepumper til brug i fjernvarmesystemer, og Tj\u00e6reborg Industri er en professionel samarbejdspartner lige fra ide og beregning til et n\u00f8glef\u00e6rdigt anl\u00e6g.<\/p>\n<p><a href=\"#El-varmepumper\">El-varmepumper<\/a><\/p>\n<p><a href=\"#Absorptionsvarmepumper\">Absorptionsvarmepumper<\/a><\/p>\n<p><a href=\"#KombinationAfElogAb\">Kombination af el-varmepumpe og absorptionsvarmepumpe<\/a><\/p>\n<p><a href=\"https:\/\/www.tji.dk\/wp-content\/uploads\/2024\/09\/Referenceliste-varmepumper-absorption.pdf\" target=\"_blank\" rel=\"noopener noreferrer\">Hent referenceliste &#8211; varmepumper, absorption<\/a><\/p>\n<p><a href=\"https:\/\/www.tji.dk\/wp-content\/uploads\/2026\/04\/Referenceliste-varmepumper-el.pdf\" target=\"_blank\" rel=\"noopener\">Hent referenceliste &#8211; varmepumper, el<\/a><\/p>\n<p><strong>Case-story:<\/strong><\/p>\n<p><a href=\"https:\/\/www.tji.dk\/wp-content\/uploads\/2017\/12\/Sig-Varmev\u00e6rk-varmepumpe-brochure.pdf\" target=\"_blank\" rel=\"noopener noreferrer\">Sig Varmev\u00e6rk med luft som varmekilde<\/a><\/p>\n<p><a href=\"https:\/\/www.tji.dk\/wp-content\/uploads\/2019\/04\/Christiansfeld-Varmev%C3%A6rk.pdf\" target=\"_blank\" rel=\"noopener noreferrer\">Christiansfeld Fjernvarme \u2013 kombination af el- og absorptionsvarmepumpe<\/a><\/p>\n<p><a href=\"https:\/\/www.tji.dk\/wp-content\/uploads\/2019\/08\/Ekstra-CASE-story-Outrup-Varmev\u00e6rk.pdf\" target=\"_blank\" rel=\"noopener noreferrer\">Outrup Varmev\u00e6rk med luft som varmekilde<\/a><\/p>\n<p><a href=\"https:\/\/www.tji.dk\/wp-content\/uploads\/2021\/10\/4576289-Skaerbaek-Varmevaerk-M65-folder-digital.pdf\" target=\"_blank\" rel=\"noopener\">Sk\u00e6rb\u00e6k Fjernvarme, el-kedel og CO2-varmepumpe<\/a><\/p>\n<p><a href=\"https:\/\/www.tji.dk\/index.php\/2021\/10\/22\/filmklip-fra-varmepumpeanlaegget-i-lem\/\" target=\"_blank\" rel=\"noopener\"><u>Filmklip med droneoverflyvning af varmepumpe og solvarme i Lem <\/u><\/a>[\/vc_column_text][vc_row_inner el_id=&#8221;El-varmepumper&#8221;][vc_column_inner][vc_custom_heading text=&#8221;El-varmepumper&#8221; font_container=&#8221;tag:h3|text_align:left&#8221; google_fonts=&#8221;font_family:Arimo%3Aregular%2Citalic%2C700%2C700italic|font_style:400%20regular%3A400%3Anormal&#8221; css=&#8221;.vc_custom_1713857413006{margin-top: 15px !important;margin-bottom: 15px !important;padding-left: 15px !important;background-color: #77aab6 !important;}&#8221; el_class=&#8221;round_corners&#8221;][vc_column_text css=&#8221;.vc_custom_1666762082312{padding-right: 1px !important;}&#8221;]Tj\u00e6reborg Industri har stor erfaring med el-varmepumper, og referencelisten t\u00e6ller efterh\u00e5nden rigtig mange anl\u00e6g. Vi etablerer varmepumper med forskellige varmekilder, fx udeluft, solvarme, spildevand, overskudsvarme og k\u00f8l.<\/p>\n<p>Luft til vand varmepumper:<br \/>\nMindre anl\u00e6g ned til omkring 500 kW varme etableres med CO2 varmepumper med CO2 direkte i energioptagene (fordamperne), mens lidt st\u00f8rre anl\u00e6g typisk er med ammoniakvarmepumper. Her tilbyder vi anl\u00e6g med ammoniak i energioptagerne eller med en glykolholdig kreds mellem varmepumpen og energioptagerne afh\u00e6ngig af kunde\u00f8nske og risikovurdering.[\/vc_column_text][\/vc_column_inner][\/vc_row_inner][vc_row_inner el_id=&#8221;Absorptionsvarmepumper&#8221;][vc_column_inner][vc_custom_heading text=&#8221;Absorptionsvarmepumper&#8221; font_container=&#8221;tag:h3|text_align:left&#8221; google_fonts=&#8221;font_family:Arimo%3Aregular%2Citalic%2C700%2C700italic|font_style:400%20regular%3A400%3Anormal&#8221; css=&#8221;.vc_custom_1535533243871{margin-top: 15px !important;margin-bottom: 15px !important;padding-left: 15px !important;background-color: #77aab6 !important;}&#8221; el_class=&#8221;round_corners&#8221;][vc_column_text css=&#8221;&#8221;]En absorptionsvarmepumpe bruger i fjernvarmesammenh\u00e6ng typisk hedt vand til at flytte den ikke brugbare energi op til et h\u00f8jere temperaturniveau.<\/p>\n<p>En absorptionsvarmepumpe er ikke specielt afh\u00e6ngig af COP, idet denne i fjernvarmesammenh\u00e6ng normalt ligger mellem 1,65 og 1,75 \u2013 typisk 1,7.<\/p>\n<p>Det er vigtigt for en absorptionsvarmepumpe, at drivenergien (hedt vand) har s\u00e5 h\u00f8j en temperatur som muligt, dog max. ca. 170 \u00b0C.<\/p>\n<p>Jo h\u00f8jere drivenergi temperatur (hedt vand), jo h\u00f8jere COP.<\/p>\n<p>Jo h\u00f8jere drivenergi temperatur, jo h\u00f8jere fjernvarme freml\u00f8bstemperatur.<\/p>\n<p>Jo h\u00f8jere drivenergi temperatur, jo mere kan man udnytte af den ikke brugbare energi.<\/p>\n<p>En absorptionsvarmepumpe kan ikke udnytte varmekilder med en temperatur under 4 \u00b0C, ligesom en absorptionsvarmepumpe ikke kan f\u00e5 en freml\u00f8bstemperatur over 70 \u00b0C eller over varmekildetemperaturen plus 50 \u00b0C[\/vc_column_text][\/vc_column_inner][\/vc_row_inner][vc_row_inner el_id=&#8221;KombinationAfElogAb&#8221;][vc_column_inner][vc_custom_heading text=&#8221;Kombination af el-varmepumpe og absorptionsvarmepumpe&#8221; font_container=&#8221;tag:h3|text_align:left&#8221; google_fonts=&#8221;font_family:Arimo%3Aregular%2Citalic%2C700%2C700italic|font_style:400%20regular%3A400%3Anormal&#8221; css=&#8221;.vc_custom_1486552107257{margin-top: 15px !important;margin-bottom: 15px !important;padding-left: 15px !important;background-color: #77aab6 !important;}&#8221; el_class=&#8221;round_corners&#8221;][vc_column_text css=&#8221;&#8221;]S\u00e5fremt man har en varmekilde ved meget lav temperatur, f.eks. udeluft, kan man med\u00a0 kombinere de to varmepumpeteknologier. Dvs. man udnytter den teknologi, som egner sig bedst til de forskellige temperaturniveauer.Herved er det f. eks. muligt at udnytte udeluften som varmekilde selv under frysepunktet, idet man f\u00f8rst med en el-varmepumpe l\u00f8fter energi fra den meget lave temperatur op p\u00e5 mellemtemperaturniveau og efterf\u00f8lgende med en absorptionsvarmepumpe l\u00f8fter energien op p\u00e5 et brugbart niveau.<\/p>\n<p>Tj\u00e6reborg Industri har til fjernvarmebrug udviklet et meget fleksibelt koncept netop til udnyttelse af udeluften som varmekilde, og det vil v\u00e6re muligt at kombinere flere varmekilder, f .eks. solvarme og spildvarme som supplement til udeluften.<\/p>\n<p>Drivenergien til absorptionsvarmepumpen kommer fra en hedtvandskedel, typisk med naturgas som br\u00e6ndsel, men her er konceptet s\u00e5 flexibelt, at det vil v\u00e6re muligt af bruge andre energikilder som drivenergi, f. eks. flis, halm, tr\u00e6piller, el-kedel, biogas mv.<\/p>\n<p><a href=\"https:\/\/www.tji.dk\/wp-content\/uploads\/2019\/04\/Christiansfeld-Varmev%C3%A6rk.pdf\" target=\"_blank\" rel=\"noopener noreferrer\">L\u00e6s case story om Christiansfeld Fjernvarme<\/a><\/p>\n<p>Se diagram med eksempel p\u00e5 variabel varmepris fra varmepumper i kombination, hvor drivenergien kommer fra naturgas: <a href=\"https:\/\/www.tji.dk\/wp-content\/uploads\/2017\/02\/Eksempel-p\u00e5-varmepumper-i-kombination.pdf\" target=\"_blank\" rel=\"noopener noreferrer\">klik her<\/a><\/p>\n<p>Investeringen i konceptet med naturgas som drivenergi er typisk imellem 4,5 og 6 mill. kr. pr. MW excl. moms, men naturligvis afh\u00e6ngig af opgave.[\/vc_column_text][vc_column_text][\/vc_column_text][vc_media_grid element_width=&#8221;12&#8243; item=&#8221;masonryMedia_Default&#8221; css=&#8221;&#8221; grid_id=&#8221;vc_gid:1778056526384-e7c868f6-d311-2&#8243; include=&#8221;2681&#8243;][\/vc_column_inner][\/vc_row_inner][\/vc_column][vc_column width=&#8221;1\/4&#8243;][vc_media_grid element_width=&#8221;12&#8243; gap=&#8221;20&#8243; item=&#8221;masonryMedia_SlideWithTitleAndCaption&#8221; grid_id=&#8221;vc_gid:1778056526385-3ffeafc7-4eb2-2&#8243; include=&#8221;663,2402,3404,4094,4686,404,2403&#8243;][\/vc_column][\/vc_row][vc_row type=&#8221;vc_default&#8221; disable_element=&#8221;yes&#8221;][vc_column][vc_custom_heading text=&#8221;Hvad er en varmepumpe?&#8221; font_container=&#8221;tag:h3|text_align:left&#8221; google_fonts=&#8221;font_family:Arimo%3Aregular%2Citalic%2C700%2C700italic|font_style:400%20regular%3A400%3Anormal&#8221; css=&#8221;.vc_custom_1453913576249{margin-top: 15px !important;margin-bottom: 15px !important;padding-left: 15px !important;background-color: #77aab6 !important;}&#8221; el_class=&#8221;round_corners&#8221;][vc_column_text]Uanset varmepumpeteknologi, s\u00e5 flytter en varmepumpe noget ikke brugbar energi fra et lavere temperaturniveau op til et h\u00f8jere temperaturniveau s\u00e5ledes, at energien kan udnyttes og blive brugbar.<\/p>\n<p>Den ikke brugbare energi kommer fra en varmekilde som f. eks. r\u00f8ggas under returtemperaturen, ,solvarme under returtemperaturen, spildvarme fra virksomhed, afkastluft, grundvand, s\u00f8vand, \u00e5-vand, havvand, spildevand, afkast fra k\u00f8leanl\u00e6g, jordvarme eller udeluft<\/p>\n<p>For at flytte energi fra et lavere temperaturniveau til et h\u00f8jere temperaturniveau kr\u00e6ves drivenergi. Denne drivenergi kan f.eks. komme fra el , varmt vand, hedt vand (vand over 110 \u00baC) eller damp<\/p>\n<p>El-varmepumper bruger naturligvis el som drivenergi, mens absorptionsvarmepumper kan bruge varmt eller hedt vand samt damp. Drivenergien er ofte dyr at fremskaffe og bruge. Derfor er det vigtigt at bruge s\u00e5 lidt drivenergi som muligt. Forholdet imellem den brugbare energi og drivenergien kaldes for varmepumpens COP (Coefficient Of Performance). Jo h\u00f8jere COP jo bedre drifts\u00f8konomi.[\/vc_column_text][vc_custom_heading text=&#8221;El-varmepumper&#8221; font_container=&#8221;tag:h3|text_align:left&#8221; google_fonts=&#8221;font_family:Arimo%3Aregular%2Citalic%2C700%2C700italic|font_style:400%20regular%3A400%3Anormal&#8221; css=&#8221;.vc_custom_1512543611065{margin-top: 15px !important;margin-bottom: 15px !important;padding-left: 15px !important;background-color: #77aab6 !important;}&#8221; el_class=&#8221;round_corners&#8221;][vc_column_text]En el-varmepumpe bruger naturligvis el til at flytte den ikke brugbare energi op til et h\u00f8jere temperaturniveau.<br \/>\nJo h\u00f8jere temperatur p\u00e5 den ikke brugbare energi (varmekilden), jo h\u00f8jere COP, og jo lavere krav til temperatur p\u00e5 den brugbare energi (typisk freml\u00f8bstemperatur), jo h\u00f8jere COP.<br \/>\nCOP ligger i fjernvarmesammenh\u00e6ng typisk mellem 3 og 6.<\/p>\n<p>En el-varmepumper er enten baseret p\u00e5 en stempelkompressor eller en skuekompressor og ofte i flere trin afh\u00e6ngig af temperaturl\u00f8ftet. Man kan ogs\u00e5 kombinere kompressorteknologi, f.eks. med en skruekompressor som lavtryksdel og en stempelkompressor som h\u00f8jtryksdel.<\/p>\n<p><strong>Afgiftsneds\u00e6ttelsen og energiaftalen:<\/strong><\/p>\n<div id=\"Absorptionsvarmepumper\">\n<p>Neds\u00e6ttelsen af afgiften p\u00e5 el til varme har virkelig sat gang i projekterne med el-varmepumper, og specielt er udeluft som varmekilde blevet utrolig popul\u00e6r, idet denne teknologi med afgiftsneds\u00e6ttelsen bliver konkurrencedygtig med biomasse.<\/p>\n<p>Samtidig begr\u00e6nser energiaftalen varmev\u00e6rkerne i at etablere en biomassekedel, uden at der samtidig etableres en varmepumpe af mindst samme st\u00f8rrelse som biomassekedlen. Til disse projekter passer Tj\u00e6reborg Industris koncept med udeluften som varmekilde perfekt, idet varmepumpen vil v\u00e6re i drift i sommerperioden med h\u00f8j COP og supplere biomassekedlen i vinterperioden. Samtidig kan varmepumpen bruges til yderligere r\u00f8ggask\u00f8ling f.eks. p\u00e5 en fliskedel.<\/p>\n<p>L\u00e6s bl.a. case-story om <a href=\"https:\/\/www.tji.dk\/wp-content\/uploads\/2017\/12\/Sig-Varmev\u00e6rk-varmepumpe-brochure.pdf\" target=\"_blank\" rel=\"noopener noreferrer\">Sig Varmev\u00e6rk med udeluft som varmekilde\u00a0(PDF-fil)<\/a><\/p>\n<\/div>\n<p>[\/vc_column_text][\/vc_column][\/vc_row]<\/p>\n<\/div>","protected":false},"excerpt":{"rendered":"<p>[vc_row][vc_column width=&#8221;3\/4&#8243;][vc_custom_heading text=&#8221;Varmepumper&#8221; google_fonts=&#8221;font_family:Arimo%3Aregular%2Citalic%2C700%2C700italic|font_style:400%20regular%3A400%3Anormal&#8221;][vc_column_text css=&#8221;&#8221;]Tj\u00e6reborg Industri etablerer el-varmepumper og absorptionsvarmepumper til brug i fjernvarmesystemer, og Tj\u00e6reborg Industri er en professionel samarbejdspartner lige fra ide og beregning til et n\u00f8glef\u00e6rdigt anl\u00e6g. El-varmepumper Absorptionsvarmepumper Kombination af el-varmepumpe og absorptionsvarmepumpe Hent referenceliste &#8211; varmepumper, absorption Hent referenceliste &#8211; varmepumper, el Case-story: Sig Varmev\u00e6rk med luft som varmekilde Christiansfeld&hellip;<\/p>\n","protected":false},"author":6,"featured_media":0,"parent":0,"menu_order":0,"comment_status":"closed","ping_status":"closed","template":"","meta":{"_sitemap_exclude":false,"_sitemap_priority":"","_sitemap_frequency":"","footnotes":""},"class_list":["post-38","page","type-page","status-publish","hentry","description-off"],"_links":{"self":[{"href":"https:\/\/www.tji.dk\/index.php\/wp-json\/wp\/v2\/pages\/38","targetHints":{"allow":["GET"]}}],"collection":[{"href":"https:\/\/www.tji.dk\/index.php\/wp-json\/wp\/v2\/pages"}],"about":[{"href":"https:\/\/www.tji.dk\/index.php\/wp-json\/wp\/v2\/types\/page"}],"author":[{"embeddable":true,"href":"https:\/\/www.tji.dk\/index.php\/wp-json\/wp\/v2\/users\/6"}],"replies":[{"embeddable":true,"href":"https:\/\/www.tji.dk\/index.php\/wp-json\/wp\/v2\/comments?post=38"}],"version-history":[{"count":36,"href":"https:\/\/www.tji.dk\/index.php\/wp-json\/wp\/v2\/pages\/38\/revisions"}],"predecessor-version":[{"id":15403,"href":"https:\/\/www.tji.dk\/index.php\/wp-json\/wp\/v2\/pages\/38\/revisions\/15403"}],"wp:attachment":[{"href":"https:\/\/www.tji.dk\/index.php\/wp-json\/wp\/v2\/media?parent=38"}],"curies":[{"name":"wp","href":"https:\/\/api.w.org\/{rel}","templated":true}]}}