{"id":40,"date":"2016-01-11T09:30:55","date_gmt":"2016-01-11T08:30:55","guid":{"rendered":"http:\/\/172.18.1.137\/?page_id=40"},"modified":"2018-11-18T22:01:03","modified_gmt":"2018-11-18T21:01:03","slug":"fastbraendsel","status":"publish","type":"page","link":"https:\/\/www.tji.dk\/index.php\/fastbraendsel\/","title":{"rendered":"Fastbr\u00e6ndsel"},"content":{"rendered":"<div class=\"wpb-content-wrapper\"><p>[vc_row][vc_column width=&#8221;2\/3&#8243;][vc_custom_heading text=&#8221;Fastbr\u00e6ndselskedler&#8221; google_fonts=&#8221;font_family:Arimo%3Aregular%2Citalic%2C700%2C700italic|font_style:400%20regular%3A400%3Anormal&#8221;][vc_custom_heading text=&#8221;Hvorfor et br\u00e6ndselsanl\u00e6g fra Tj\u00e6reborg Industri?&#8221; font_container=&#8221;tag:h3|text_align:left&#8221; google_fonts=&#8221;font_family:Arimo%3Aregular%2Citalic%2C700%2C700italic|font_style:400%20regular%3A400%3Anormal&#8221; el_class=&#8221;round_corners&#8221; css=&#8221;.vc_custom_1453913090315{margin-top: 15px !important;margin-bottom: 15px !important;padding-left: 15px !important;background-color: #77aab6 !important;}&#8221;][vc_column_text]Tj\u00e6reborg Industri designer og etablerer anl\u00e6g med fastbr\u00e6ndselskedler til varmeproduktion.<br \/>\nKunderne er typisk fjernvarmev\u00e6rker, og anl\u00e6ggene etableres ofte som totalentreprise.<br \/>\nTj\u00e6reborg Industri arbejder sammen med anerkendte leverand\u00f8rer indenfor branchen.<br \/>\nAlle anl\u00e6g leveres med en vandk\u00f8let trapperist, hvilket giver den mest optimale forbr\u00e6nding og mindst slitage.<\/p>\n<p><a href=\"https:\/\/www.tji.dk\/wp-content\/uploads\/2024\/02\/Referenceliste-fastbraendselsanlaeg.pdf\" target=\"_blank\" rel=\"noopener\">Hent referenceliste.<\/a>[\/vc_column_text][vc_custom_heading text=&#8221;Fleksibelt br\u00e6ndselsvalg&#8221; font_container=&#8221;tag:h3|text_align:left&#8221; google_fonts=&#8221;font_family:Arimo%3Aregular%2Citalic%2C700%2C700italic|font_style:400%20regular%3A400%3Anormal&#8221; el_class=&#8221;round_corners&#8221; css=&#8221;.vc_custom_1453913123839{margin-top: 15px !important;margin-bottom: 15px !important;padding-left: 15px !important;background-color: #77aab6 !important;}&#8221;][vc_column_text]Fleksibilitet med hensyn til br\u00e6ndselsvalg er kendetegnende for fastbr\u00e6ndselsanl\u00e6g fra Tj\u00e6reborg Industri, og mulighederne er mange:<\/p>\n<ul class=\"fancy_list\">\n<li class=\"check_list\">Fugtig flis<\/li>\n<li class=\"check_list\">Bark<\/li>\n<li class=\"check_list\">T\u00f8r flis<\/li>\n<li class=\"check_list\">Tr\u00e6piller<\/li>\n<li class=\"check_list\">Halm<\/li>\n<li class=\"check_list\">Tr\u00e6affald<\/li>\n<li class=\"check_list\">Kul<\/li>\n<li class=\"check_list\">Anden biomasse<\/li>\n<\/ul>\n<p>[\/vc_column_text][vc_custom_heading text=&#8221;R\u00f8ggasrensning og &#8211; k\u00f8ling&#8221; font_container=&#8221;tag:h3|text_align:left&#8221; google_fonts=&#8221;font_family:Arimo%3Aregular%2Citalic%2C700%2C700italic|font_style:400%20regular%3A400%3Anormal&#8221; el_class=&#8221;round_corners&#8221; css=&#8221;.vc_custom_1453913140560{margin-top: 15px !important;margin-bottom: 15px !important;padding-left: 15px !important;background-color: #77aab6 !important;}&#8221;][vc_column_text]Rensning af r\u00f8ggasserne sker med cyklon, posefilter, elektrofilter og\/eller r\u00f8ggasskrubber afh\u00e6ngig af anl\u00e6gsst\u00f8rrelse og br\u00e6ndselsvalg.<br \/>\nVed fugtige br\u00e6ndsler anvendes ofte en r\u00f8ggasskrubber. Til dette form\u00e5l har Tj\u00e6reborg Industri udviklet sin egen unikke l\u00f8sning, hvor r\u00f8ggasskrubberen er af glasfiber.<br \/>\nSamtidig med rensningen nedk\u00f8les r\u00f8ggassen effektivt svarende til 2-4 \u00b0C over k\u00f8levandstemperaturen, eller endnu l\u00e6ngere ned ved p\u00e5bygning af absorptionsvarmepumpe, og virkningsgraden h\u00e6ves til langt over 100 %.<\/p>\n<p>Som k\u00f8levand anvendes ofte returvandet eller k\u00f8levandet fra en absorptionsvarmepumpe, afh\u00e6ngig af returtemperaturen og anl\u00e6gsst\u00f8rrelsen.<\/p>\n<p>Sammen med r\u00f8ggasskrubberen kan der tilbydes forskellige l\u00f8sninger til rensning af kondensatet.[\/vc_column_text][\/vc_column][vc_column width=&#8221;1\/3&#8243;][vc_media_grid element_width=&#8221;12&#8243; gap=&#8221;15&#8243; item=&#8221;masonryMedia_SlideWithTitleAndCaption&#8221; grid_id=&#8221;vc_gid:1542574891800-62646c5d-2350-10&#8243; include=&#8221;661,390,399&#8243;][\/vc_column][\/vc_row]<\/p>\n<\/div>","protected":false},"excerpt":{"rendered":"<p>[vc_row][vc_column width=&#8221;2\/3&#8243;][vc_custom_heading text=&#8221;Fastbr\u00e6ndselskedler&#8221; google_fonts=&#8221;font_family:Arimo%3Aregular%2Citalic%2C700%2C700italic|font_style:400%20regular%3A400%3Anormal&#8221;][vc_custom_heading text=&#8221;Hvorfor et br\u00e6ndselsanl\u00e6g fra Tj\u00e6reborg Industri?&#8221; font_container=&#8221;tag:h3|text_align:left&#8221; google_fonts=&#8221;font_family:Arimo%3Aregular%2Citalic%2C700%2C700italic|font_style:400%20regular%3A400%3Anormal&#8221; el_class=&#8221;round_corners&#8221; css=&#8221;.vc_custom_1453913090315{margin-top: 15px !important;margin-bottom: 15px !important;padding-left: 15px !important;background-color: #77aab6 !important;}&#8221;][vc_column_text]Tj\u00e6reborg Industri designer og etablerer anl\u00e6g med fastbr\u00e6ndselskedler til varmeproduktion. Kunderne er typisk fjernvarmev\u00e6rker, og anl\u00e6ggene etableres ofte som totalentreprise. Tj\u00e6reborg Industri arbejder sammen med anerkendte leverand\u00f8rer indenfor branchen. Alle anl\u00e6g leveres med en&hellip;<\/p>\n","protected":false},"author":6,"featured_media":0,"parent":0,"menu_order":0,"comment_status":"closed","ping_status":"closed","template":"","meta":{"_sitemap_exclude":false,"_sitemap_priority":"","_sitemap_frequency":"","footnotes":""},"class_list":["post-40","page","type-page","status-publish","hentry","description-off"],"_links":{"self":[{"href":"https:\/\/www.tji.dk\/index.php\/wp-json\/wp\/v2\/pages\/40","targetHints":{"allow":["GET"]}}],"collection":[{"href":"https:\/\/www.tji.dk\/index.php\/wp-json\/wp\/v2\/pages"}],"about":[{"href":"https:\/\/www.tji.dk\/index.php\/wp-json\/wp\/v2\/types\/page"}],"author":[{"embeddable":true,"href":"https:\/\/www.tji.dk\/index.php\/wp-json\/wp\/v2\/users\/6"}],"replies":[{"embeddable":true,"href":"https:\/\/www.tji.dk\/index.php\/wp-json\/wp\/v2\/comments?post=40"}],"version-history":[{"count":4,"href":"https:\/\/www.tji.dk\/index.php\/wp-json\/wp\/v2\/pages\/40\/revisions"}],"predecessor-version":[{"id":4739,"href":"https:\/\/www.tji.dk\/index.php\/wp-json\/wp\/v2\/pages\/40\/revisions\/4739"}],"wp:attachment":[{"href":"https:\/\/www.tji.dk\/index.php\/wp-json\/wp\/v2\/media?parent=40"}],"curies":[{"name":"wp","href":"https:\/\/api.w.org\/{rel}","templated":true}]}}