{"id":6304,"date":"2020-02-26T08:53:26","date_gmt":"2020-02-26T07:53:26","guid":{"rendered":"https:\/\/www.tji.dk\/?page_id=6304"},"modified":"2026-03-09T11:59:22","modified_gmt":"2026-03-09T10:59:22","slug":"online-jobansoegning-ti","status":"publish","type":"page","link":"https:\/\/www.tji.dk\/index.php\/online-jobansoegning-ti\/","title":{"rendered":"Online Jobans\u00f8gning TI"},"content":{"rendered":"<div class=\"wpb-content-wrapper\"><p>[vc_row][vc_column][vc_custom_heading text=&#8221;Online Jobans\u00f8gning&#8221; font_container=&#8221;tag:h3|text_align:left&#8221; google_fonts=&#8221;font_family:Arimo%3Aregular%2Citalic%2C700%2C700italic|font_style:400%20regular%3A400%3Anormal&#8221; css=&#8221;.vc_custom_1582708665595{padding-top: 5px !important;padding-bottom: 5px !important;padding-left: 15px !important;background-color: #77aab6 !important;}&#8221;][vc_column_text css=&#8221;.vc_custom_1773053872633{margin-top: 3px !important;margin-bottom: 0px !important;margin-left: 10px !important;}&#8221;]<\/p>\r\n<p>Vores hjemmeside fungerer bedst p\u00e5 Firefox, Safari og Microsoft Edge. Vi anbefaler derfor, at du bruger en af \u200b\u200bdisse browsere til at indsende din ans\u00f8gning.<\/p>\r\n<p>[\/vc_column_text][\/vc_column][\/vc_row][vc_row][vc_column][vc_empty_space height=&#8221;20px&#8221;][\/vc_column][\/vc_row][vc_row full_width_row=&#8221;true&#8221; padding_left=&#8221;30&#8243; padding_right=&#8221;30&#8243;][vc_column width=&#8221;1\/2&#8243;][vc_column_text]<\/p>\r\n\n<div class=\"wpcf7 no-js\" id=\"wpcf7-f6318-o1\" lang=\"da-DK\" dir=\"ltr\" data-wpcf7-id=\"6318\">\n<div class=\"screen-reader-response\"><p role=\"status\" aria-live=\"polite\" aria-atomic=\"true\"><\/p> <ul><\/ul><\/div>\n<form action=\"\/index.php\/wp-json\/wp\/v2\/pages\/6304#wpcf7-f6318-o1\" method=\"post\" class=\"wpcf7-form init\" aria-label=\"Kontaktformular\" enctype=\"multipart\/form-data\" novalidate=\"novalidate\" data-status=\"init\">\n<fieldset class=\"hidden-fields-container\"><input type=\"hidden\" name=\"_wpcf7\" value=\"6318\" \/><input type=\"hidden\" name=\"_wpcf7_version\" value=\"6.1.5\" \/><input type=\"hidden\" name=\"_wpcf7_locale\" value=\"da_DK\" \/><input type=\"hidden\" name=\"_wpcf7_unit_tag\" value=\"wpcf7-f6318-o1\" \/><input type=\"hidden\" name=\"_wpcf7_container_post\" value=\"0\" \/><input type=\"hidden\" name=\"_wpcf7_posted_data_hash\" value=\"\" \/><input type=\"hidden\" name=\"_wpcf7cf_hidden_group_fields\" value=\"[]\" \/><input type=\"hidden\" name=\"_wpcf7cf_hidden_groups\" value=\"[]\" \/><input type=\"hidden\" name=\"_wpcf7cf_visible_groups\" value=\"[]\" \/><input type=\"hidden\" name=\"_wpcf7cf_repeaters\" value=\"[]\" \/><input type=\"hidden\" name=\"_wpcf7cf_steps\" value=\"{}\" \/><input type=\"hidden\" name=\"_wpcf7cf_options\" value=\"{&quot;form_id&quot;:6318,&quot;conditions&quot;:[],&quot;settings&quot;:{&quot;animation&quot;:&quot;yes&quot;,&quot;animation_intime&quot;:200,&quot;animation_outtime&quot;:200,&quot;conditions_ui&quot;:&quot;normal&quot;,&quot;notice_dismissed&quot;:false,&quot;notice_dismissed_rollback-cf7-5.8.6&quot;:true,&quot;notice_dismissed_rollback-cf7-5.8.7&quot;:true,&quot;notice_dismissed_rollback-cf7-5.9.2&quot;:true,&quot;notice_dismissed_rollback-cf7-5.9.3&quot;:true,&quot;notice_dismissed_rollback-cf7-5.9.4&quot;:true,&quot;notice_dismissed_rollback-cf7-5.9.5&quot;:true,&quot;notice_dismissed_rollback-cf7-5.9.6&quot;:true,&quot;notice_dismissed_rollback-cf7-5.9.7&quot;:true,&quot;notice_dismissed_rollback-cf7-6.0&quot;:true,&quot;notice_dismissed_rollback-cf7-6.0.2&quot;:true}}\" \/>\n<\/fieldset>\n<style>\nh6 {\n color:gray;\n font-size: 12px;\n}\nhr { \n border-style: solid;\n border-width: 1px;\n color: lightgray;\n} \nspan.undertekst {\n font-size: 12px;\n}\ndiv.overskrift {\n background-color: #DCDCDC;\n color: black;\n font-size: 16px;\n font-weight: bold;\n padding-left: 10px;\n margin-bottom: 0px;\n}\np.top {\n margin-top:40px;\n}\n<\/style>\n<div class=\"overskrift\">\n\t<p>JOB <span style=\"color:red; font-weight:bold\">*<\/span>\n\t<\/p>\n<\/div>\n<p><span class=\"undertekst\">V\u00e6lg venligst hvilket job, du gerne vil ans\u00f8ge.<\/span><br \/>\n<span class=\"wpcf7-form-control-wrap\" data-name=\"job\"><select class=\"wpcf7-form-control wpcf7-select wpcf7-validates-as-required\" aria-required=\"true\" aria-invalid=\"false\" name=\"job\"><option value=\"Uopfordret\">Uopfordret<\/option><option value=\"Gravemester til S\u00f8nderjylland\">Gravemester til S\u00f8nderjylland<\/option><option value=\"H\u00e5ndmand eller kvinde til S\u00f8nderjylland\">H\u00e5ndmand eller kvinde til S\u00f8nderjylland<\/option><option value=\"Kloakmester\">Kloakmester<\/option><option value=\"Projektleder\">Projektleder<\/option><\/select><\/span>\n<\/p>\n<p class=\"top\">\n<\/p>\n<div class=\"overskrift\">\n\t<p>PERSONLIGE OPLYSNINGER\n\t<\/p>\n<\/div>\n<p>Din e-mailadresse <span style=\"color:red; font-weight:bold\">* <\/span><span class=\"wpcf7-form-control-wrap\" data-name=\"email\"><input size=\"40\" maxlength=\"400\" class=\"wpcf7-form-control wpcf7-email wpcf7-validates-as-required wpcf7-text wpcf7-validates-as-email\" aria-required=\"true\" aria-invalid=\"false\" placeholder=\"Skal udfyldes\" value=\"\" type=\"email\" name=\"email\" \/><\/span><br \/>\nDit fulde navn <span style=\"color:red; font-weight:bold\">* <\/span><span class=\"wpcf7-form-control-wrap\" data-name=\"fuldenavn\"><input size=\"40\" maxlength=\"400\" class=\"wpcf7-form-control wpcf7-text wpcf7-validates-as-required\" aria-required=\"true\" aria-invalid=\"false\" placeholder=\"Skal udfyldes\" value=\"\" type=\"text\" name=\"fuldenavn\" \/><\/span><br \/>\nDin adresse (gade og husnummer) <span style=\"color:red; font-weight:bold\">* <\/span><span class=\"wpcf7-form-control-wrap\" data-name=\"adresse\"><input size=\"40\" maxlength=\"400\" class=\"wpcf7-form-control wpcf7-text wpcf7-validates-as-required\" aria-required=\"true\" aria-invalid=\"false\" placeholder=\"Skal udfyldes\" value=\"\" type=\"text\" name=\"adresse\" \/><\/span><br \/>\nPostnummer og by <span style=\"color:red; font-weight:bold\">* <\/span><span class=\"wpcf7-form-control-wrap\" data-name=\"Postnummer_by\"><input size=\"40\" maxlength=\"400\" class=\"wpcf7-form-control wpcf7-text wpcf7-validates-as-required\" aria-required=\"true\" aria-invalid=\"false\" placeholder=\"Skal udfyldes\" value=\"\" type=\"text\" name=\"Postnummer_by\" \/><\/span><br \/>\nDit telefonnummer <span class=\"wpcf7-form-control-wrap\" data-name=\"tel\"><input size=\"40\" maxlength=\"400\" class=\"wpcf7-form-control wpcf7-tel wpcf7-text wpcf7-validates-as-tel\" aria-invalid=\"false\" value=\"\" type=\"tel\" name=\"tel\" \/><\/span>\n<\/p>\n<p class=\"top\">\n<\/p>\n<div class=\"overskrift\">\n\t<p>UDDANNELSE\n\t<\/p>\n<\/div>\n<p>Uddannelsesniveau <span class=\"wpcf7-form-control-wrap\" data-name=\"Uddannelsesniveau\"><input size=\"40\" maxlength=\"400\" class=\"wpcf7-form-control wpcf7-text\" aria-invalid=\"false\" value=\"\" type=\"text\" name=\"Uddannelsesniveau\" \/><\/span><br \/>\nTitel p\u00e5 uddannelse <span class=\"wpcf7-form-control-wrap\" data-name=\"titel_paa_uddannelse\"><input size=\"40\" maxlength=\"400\" class=\"wpcf7-form-control wpcf7-text\" aria-invalid=\"false\" value=\"\" type=\"text\" name=\"titel_paa_uddannelse\" \/><\/span>\n<\/p>\n<p class=\"top\">\n<\/p>\n<div class=\"overskrift\">\n\t<p>ERHVERVSERFARING\n\t<\/p>\n<\/div>\n<p>Totalt antal \u00e5rs relevant arbejdserfaring <span class=\"wpcf7-form-control-wrap\" data-name=\"antal_arr_arbejdserfaring\"><input size=\"40\" maxlength=\"400\" class=\"wpcf7-form-control wpcf7-text\" aria-invalid=\"false\" value=\"\" type=\"text\" name=\"antal_arr_arbejdserfaring\" \/><\/span><br \/>\nNuv\u00e6rende stilling <span class=\"wpcf7-form-control-wrap\" data-name=\"nuvaerende_stilling\"><input size=\"40\" maxlength=\"400\" class=\"wpcf7-form-control wpcf7-text\" aria-invalid=\"false\" value=\"\" type=\"text\" name=\"nuvaerende_stilling\" \/><\/span><br \/>\nNuv\u00e6rende arbejdsgiver <span class=\"wpcf7-form-control-wrap\" data-name=\"nuvaerende_arbejdsgiver\"><input size=\"40\" maxlength=\"400\" class=\"wpcf7-form-control wpcf7-text\" aria-invalid=\"false\" value=\"\" type=\"text\" name=\"nuvaerende_arbejdsgiver\" \/><\/span>\n<\/p>\n<p class=\"top\">\n<\/p>\n<div class=\"overskrift\">\n\t<p>DOKUMENTER\n\t<\/p>\n<\/div>\n<p><span class=\"undertekst\">Maksimal filst\u00f8rrelse til upload er<span style=\"color:red;\"> 25 MB <\/span><br \/>\nTilladte filtyper: PDF|DOC|DOCX|HTML|HTM|XLS|XLSX|ODT|ODS|PPT|PPTX|TXT|IMAGE<\/span>\n<\/p>\n<p>Ans\u00f8gning <span style=\"color:red; font-weight:bold\">* <\/span>: <span class=\"wpcf7-form-control-wrap\" data-name=\"file-1\"><input size=\"40\" class=\"wpcf7-form-control wpcf7-file wpcf7-validates-as-required\" accept=\"image\/*,.pdf,.doc,.docx,.html,.htm,.xls,.xlsx,.odt,.ods,.ppt,.pptx,.txt\" aria-required=\"true\" aria-invalid=\"false\" type=\"file\" name=\"file-1\" \/><\/span>\n<\/p>\n<p>CV <span style=\"color:red; font-weight:bold\">* <\/span>: <span class=\"wpcf7-form-control-wrap\" data-name=\"file-2\"><input size=\"40\" class=\"wpcf7-form-control wpcf7-file wpcf7-validates-as-required\" accept=\"image\/*,.pdf,.doc,.docx,.html,.htm,.xls,.xlsx,.odt,.ods,.ppt,.pptx,.txt\" aria-required=\"true\" aria-invalid=\"false\" type=\"file\" name=\"file-2\" \/><\/span>\n<\/p>\n<hr \/>\n<p><strong>Andre relevante dokumenter<\/strong><br \/>\n<span class=\"undertekst\">Dette kan for eksempel v\u00e6re eksamensbeviser, udtalelser osv.<\/span>\n<\/p>\n<p>Bilag: <span class=\"wpcf7-form-control-wrap\" data-name=\"file-3\"><input size=\"40\" class=\"wpcf7-form-control wpcf7-file\" accept=\"image\/*,.pdf,.doc,.docx,.html,.htm,.xls,.xlsx,.odt,.ods,.ppt,.pptx,.txt\" aria-invalid=\"false\" type=\"file\" name=\"file-3\" \/><\/span>\n<\/p>\n<p>Bilag: <span class=\"wpcf7-form-control-wrap\" data-name=\"file-4\"><input size=\"40\" class=\"wpcf7-form-control wpcf7-file\" accept=\"image\/*,.pdf,.doc,.docx,.html,.htm,.xls,.xlsx,.odt,.ods,.ppt,.pptx,.txt\" aria-invalid=\"false\" type=\"file\" name=\"file-4\" \/><\/span>\n<\/p>\n<p>Bilag: <span class=\"wpcf7-form-control-wrap\" data-name=\"file-5\"><input size=\"40\" class=\"wpcf7-form-control wpcf7-file\" accept=\"image\/*,.pdf,.doc,.docx,.html,.htm,.xls,.xlsx,.odt,.ods,.ppt,.pptx,.txt\" aria-invalid=\"false\" type=\"file\" name=\"file-5\" \/><\/span>\n<\/p>\n<p>Bilag: <span class=\"wpcf7-form-control-wrap\" data-name=\"file-6\"><input size=\"40\" class=\"wpcf7-form-control wpcf7-file\" accept=\"image\/*,.pdf,.doc,.docx,.html,.htm,.xls,.xlsx,.odt,.ods,.ppt,.pptx,.txt\" aria-invalid=\"false\" type=\"file\" name=\"file-6\" \/><\/span>\n<\/p>\n<p>Bilag: <span class=\"wpcf7-form-control-wrap\" data-name=\"file-7\"><input size=\"40\" class=\"wpcf7-form-control wpcf7-file\" accept=\"image\/*,.pdf,.doc,.docx,.html,.htm,.xls,.xlsx,.odt,.ods,.ppt,.pptx,.txt\" aria-invalid=\"false\" type=\"file\" name=\"file-7\" \/><\/span>\n<\/p>\n<p><br \/>\n<div class=\"wpcf7-turnstile cf-turnstile\" data-sitekey=\"0x4AAAAAABnDK2RWdQVsL81Q\" data-response-field-name=\"_wpcf7_turnstile_response\"><\/div>\n<p><br \/>\n<input class=\"wpcf7-form-control wpcf7-submit has-spinner\" type=\"submit\" value=\"INDSEND\" \/>\n<\/p><div class=\"wpcf7-response-output\" aria-hidden=\"true\"><\/div>\n<\/form>\n<\/div>\n\r\n<p>[\/vc_column_text][\/vc_column][vc_column width=&#8221;1\/2&#8243; css=&#8221;.vc_custom_1582726794648{margin-right: 15px !important;margin-left: 15px !important;}&#8221;][\/vc_column][\/vc_row][vc_row full_width_row=&#8221;true&#8221; padding_left=&#8221;30&#8243; padding_right=&#8221;30&#8243;][vc_column][vc_custom_heading text=&#8221;Privatlivspolitik&#8221; font_container=&#8221;tag:h3|text_align:left&#8221; use_theme_fonts=&#8221;yes&#8221; css=&#8221;.vc_custom_1584005379859{padding-top: 5px !important;padding-bottom: 5px !important;padding-left: 15px !important;background-color: #77aab6 !important;}&#8221;][vc_column_text css=&#8221;.vc_custom_1584005385917{padding-left: 15px !important;}&#8221;]<\/p>\r\n<p><strong><label class=\"vfb-desc\">Instruktion <\/label><\/strong><\/p>\r\n<p>Ved at sende os din ans\u00f8gning giver du os lov til gemme denne, til brug i forbindelse med dette jobopslag.<br \/>Ydermere forbeholder vi os retten til eventuelt at gemme din ans\u00f8gning, til senere brug i forbindelse med en anden stilling eller en fremtidig stilling.<br \/>Dine oplysninger vil kun blive brugt i forbindelse med stillingsopslag.<br \/>Du har altid mulighed og ret til at f\u00e5 dine data slettet i henhold til GDPR. S\u00e5fremt du \u00f8nsker en tidligere ans\u00f8gning slettet, skal du kontakte os p\u00e5 &#x69;&#x6e;&#x66;&#x6f;&#x40;&#x74;&#x6a;&#x69;&#x2e;&#x64;&#x6b;<\/p>\r\n<p>[\/vc_column_text][\/vc_column][\/vc_row]<\/p><\/div>","protected":false},"excerpt":{"rendered":"<p>[vc_row][vc_column][vc_custom_heading text=&#8221;Online Jobans\u00f8gning&#8221; font_container=&#8221;tag:h3|text_align:left&#8221; google_fonts=&#8221;font_family:Arimo%3Aregular%2Citalic%2C700%2C700italic|font_style:400%20regular%3A400%3Anormal&#8221; css=&#8221;.vc_custom_1582708665595{padding-top: 5px !important;padding-bottom: 5px !important;padding-left: 15px !important;background-color: #77aab6 !important;}&#8221;][vc_column_text css=&#8221;.vc_custom_1773053872633{margin-top: 3px !important;margin-bottom: 0px !important;margin-left: 10px !important;}&#8221;] Vores hjemmeside fungerer bedst p\u00e5 Firefox, Safari og Microsoft Edge. Vi anbefaler derfor, at du bruger en af \u200b\u200bdisse browsere til at indsende din ans\u00f8gning. [\/vc_column_text][\/vc_column][\/vc_row][vc_row][vc_column][vc_empty_space height=&#8221;20px&#8221;][\/vc_column][\/vc_row][vc_row full_width_row=&#8221;true&#8221; padding_left=&#8221;30&#8243; padding_right=&#8221;30&#8243;][vc_column width=&#8221;1\/2&#8243;][vc_column_text] [\/vc_column_text][\/vc_column][vc_column width=&#8221;1\/2&#8243; css=&#8221;.vc_custom_1582726794648{margin-right:&hellip;<\/p>\n","protected":false},"author":7,"featured_media":0,"parent":0,"menu_order":0,"comment_status":"closed","ping_status":"closed","template":"","meta":{"_sitemap_exclude":false,"_sitemap_priority":"","_sitemap_frequency":"","footnotes":""},"class_list":["post-6304","page","type-page","status-publish","hentry","description-off"],"_links":{"self":[{"href":"https:\/\/www.tji.dk\/index.php\/wp-json\/wp\/v2\/pages\/6304","targetHints":{"allow":["GET"]}}],"collection":[{"href":"https:\/\/www.tji.dk\/index.php\/wp-json\/wp\/v2\/pages"}],"about":[{"href":"https:\/\/www.tji.dk\/index.php\/wp-json\/wp\/v2\/types\/page"}],"author":[{"embeddable":true,"href":"https:\/\/www.tji.dk\/index.php\/wp-json\/wp\/v2\/users\/7"}],"replies":[{"embeddable":true,"href":"https:\/\/www.tji.dk\/index.php\/wp-json\/wp\/v2\/comments?post=6304"}],"version-history":[{"count":20,"href":"https:\/\/www.tji.dk\/index.php\/wp-json\/wp\/v2\/pages\/6304\/revisions"}],"predecessor-version":[{"id":15313,"href":"https:\/\/www.tji.dk\/index.php\/wp-json\/wp\/v2\/pages\/6304\/revisions\/15313"}],"wp:attachment":[{"href":"https:\/\/www.tji.dk\/index.php\/wp-json\/wp\/v2\/media?parent=6304"}],"curies":[{"name":"wp","href":"https:\/\/api.w.org\/{rel}","templated":true}]}}