{"id":7219,"date":"2020-12-09T13:48:43","date_gmt":"2020-12-09T12:48:43","guid":{"rendered":"https:\/\/www.tji.dk\/?page_id=7219"},"modified":"2021-05-20T07:33:45","modified_gmt":"2021-05-20T05:33:45","slug":"biogasanlaeg","status":"publish","type":"page","link":"https:\/\/www.tji.dk\/index.php\/biogasanlaeg\/","title":{"rendered":"Biogasanl\u00e6g"},"content":{"rendered":"<div class=\"wpb-content-wrapper\"><p>[vc_row][vc_column width=&#8221;2\/3&#8243;][vc_custom_heading text=&#8221;Biogas&#8221; google_fonts=&#8221;font_family:Arimo%3Aregular%2Citalic%2C700%2C700italic|font_style:400%20regular%3A400%3Anormal&#8221;][vc_column_text]Tj\u00e6reborg Industri har mange \u00e5rs erfaring med udf\u00f8relse af opgaver for biogasanl\u00e6g \u2013 b\u00e5de n\u00e5r det g\u00e6lder nyetablering, reparationer og renovering.<\/p>\n<p>Opgaverne udf\u00f8res typisk p\u00e5 de st\u00f8rre biogasanl\u00e6g eller hos rensningsanl\u00e6g, og Tj\u00e6reborg Industris dygtige teknikere og mont\u00f8rer har stor knowhow indenfor omr\u00e5det.<\/p>\n<p>De typiske opgaver er:<\/p>\n<ul>\n<li>Gaskedelanl\u00e6g<\/li>\n<li>Gasmotoranl\u00e6g<\/li>\n<li>R\u00f8gr\u00f8r og skorstene<\/li>\n<li>Varmtvandsinstallationer<\/li>\n<li>Fjernvarmer\u00f8r i jord<\/li>\n<li>Hedtvandsinstallationer og -anl\u00e6g (over 110 \u00baC)<\/li>\n<li>Gasr\u00f8rsinstallationer<\/li>\n<li>Arbejde med rustfrit st\u00e5l<\/li>\n<li>Montagearbejde<\/li>\n<li>Svejsearbejde med certifikat<\/li>\n<li>Engineering<\/li>\n<li>Gasgodkendelser<\/li>\n<\/ul>\n<p>Tj\u00e6reborg Industri udf\u00f8rer ovenst\u00e5ende i b\u00e5de total-, hoved- og delentreprise, ligesom der udf\u00f8res design og etablering af bygningsarbejder i forbindelse med ovenst\u00e5ende inkl. ans\u00f8gning om byggetilladelse.<\/p>\n<p><a href=\"https:\/\/www.tji.dk\/wp-content\/uploads\/2022\/09\/Referenceliste-for-projekter-med-biogas.pdf\" target=\"_blank\" rel=\"noopener\"><u>Hent referenceliste for projekter med biogas<\/u><\/a>[\/vc_column_text][\/vc_column][vc_column width=&#8221;1\/3&#8243;][vc_media_grid element_width=&#8221;12&#8243; gap=&#8221;20&#8243; item=&#8221;masonryMedia_SlideWithTitleAndCaption&#8221; grid_id=&#8221;vc_gid:1621488785256-1cca133a-60b6-1&#8243; include=&#8221;7224,7225,7226,7227,7228,7229&#8243;][\/vc_column][\/vc_row]<\/p>\n<\/div>","protected":false},"excerpt":{"rendered":"<p>[vc_row][vc_column width=&#8221;2\/3&#8243;][vc_custom_heading text=&#8221;Biogas&#8221; google_fonts=&#8221;font_family:Arimo%3Aregular%2Citalic%2C700%2C700italic|font_style:400%20regular%3A400%3Anormal&#8221;][vc_column_text]Tj\u00e6reborg Industri har mange \u00e5rs erfaring med udf\u00f8relse af opgaver for biogasanl\u00e6g \u2013 b\u00e5de n\u00e5r det g\u00e6lder nyetablering, reparationer og renovering. Opgaverne udf\u00f8res typisk p\u00e5 de st\u00f8rre biogasanl\u00e6g eller hos rensningsanl\u00e6g, og Tj\u00e6reborg Industris dygtige teknikere og mont\u00f8rer har stor knowhow indenfor omr\u00e5det. De typiske opgaver er: Gaskedelanl\u00e6g Gasmotoranl\u00e6g R\u00f8gr\u00f8r og skorstene&hellip;<\/p>\n","protected":false},"author":7,"featured_media":0,"parent":0,"menu_order":0,"comment_status":"closed","ping_status":"closed","template":"","meta":{"_sitemap_exclude":false,"_sitemap_priority":"","_sitemap_frequency":"","footnotes":""},"class_list":["post-7219","page","type-page","status-publish","hentry","description-off"],"_links":{"self":[{"href":"https:\/\/www.tji.dk\/index.php\/wp-json\/wp\/v2\/pages\/7219","targetHints":{"allow":["GET"]}}],"collection":[{"href":"https:\/\/www.tji.dk\/index.php\/wp-json\/wp\/v2\/pages"}],"about":[{"href":"https:\/\/www.tji.dk\/index.php\/wp-json\/wp\/v2\/types\/page"}],"author":[{"embeddable":true,"href":"https:\/\/www.tji.dk\/index.php\/wp-json\/wp\/v2\/users\/7"}],"replies":[{"embeddable":true,"href":"https:\/\/www.tji.dk\/index.php\/wp-json\/wp\/v2\/comments?post=7219"}],"version-history":[{"count":10,"href":"https:\/\/www.tji.dk\/index.php\/wp-json\/wp\/v2\/pages\/7219\/revisions"}],"predecessor-version":[{"id":7769,"href":"https:\/\/www.tji.dk\/index.php\/wp-json\/wp\/v2\/pages\/7219\/revisions\/7769"}],"wp:attachment":[{"href":"https:\/\/www.tji.dk\/index.php\/wp-json\/wp\/v2\/media?parent=7219"}],"curies":[{"name":"wp","href":"https:\/\/api.w.org\/{rel}","templated":true}]}}