{"id":7237,"date":"2020-12-09T15:06:01","date_gmt":"2020-12-09T14:06:01","guid":{"rendered":"https:\/\/www.tji.dk\/?page_id=7237"},"modified":"2025-10-15T14:58:02","modified_gmt":"2025-10-15T12:58:02","slug":"cookiepolitik","status":"publish","type":"page","link":"https:\/\/www.tji.dk\/index.php\/cookiepolitik\/","title":{"rendered":"Cookiepolitik"},"content":{"rendered":"<div class=\"wpb-content-wrapper\"><p>[vc_row][vc_column][vc_custom_heading text=&#8221;Cookiepolitik&#8221; google_fonts=&#8221;font_family:Arimo%3Aregular%2Citalic%2C700%2C700italic|font_style:400%20regular%3A400%3Anormal&#8221;][vc_column_text]I tilf\u00e6lde af at du forts\u00e6tter med at bruge vores hjemmeside, accepterer du vores brug af sporingsteknologi (cookies). Hvis du ikke \u00f8nsker at bruge cookies p\u00e5 vores hjemmeside, kan du indstille til ikke at acceptere cookies i webbrowseren. Eller ikke bruge hjemmesiden. Detaljer om, hvordan man indstiller cookies i den mest almindeligt anvendte browser, er vist nedenfor. Men hvis cookies er sl\u00e5et fra, fungerer nogle webstedsfunktioner muligvis ikke korrekt.[\/vc_column_text][\/vc_column][\/vc_row][vc_row type=&#8221;vc_default&#8221; css=&#8221;.vc_custom_1607521144700{margin-right: 10px !important;margin-left: 10px !important;}&#8221;][vc_column][vc_toggle title=&#8221;Hvad er sporingsteknologier (cookies)?&#8221; style=&#8221;round&#8221;]Sporingsteknologi (cookies) er sm\u00e5 filer, der er gemt p\u00e5 din computer eller andre enheder s\u00e5som smartphones eller tablets, der opretter forbindelse til internettet, n\u00e5r du bruger websteder. Normalt er en cookie et filnavn, der indeholder et webstedsnavn, cookie-aldersv\u00e6rdi og efterfulgt af forskellige v\u00e6rdier, der genereres automatisk af systemet og er unikke.[\/vc_toggle][vc_toggle title=&#8221;Hvad bruges cookies til?&#8221; style=&#8221;round&#8221;]Vi bruger cookies til at forbedre vores webstedsoplevelse og for at g\u00f8re webstedet lettere at bruge. Cookies kan ogs\u00e5 hj\u00e6lpe forskellige funktioner p\u00e5 webstedet med at k\u00f8re hurtigere. For eksempel bruger vi cookies til at huske forskellige indstillinger p\u00e5 webstedet for at g\u00f8re vores browseroplevelse lettere i fremtiden.[\/vc_toggle][vc_toggle title=&#8221;Personlige oplysninger&#8221; style=&#8221;round&#8221;]Vi indsamler IKKE f\u00f8lsomme personlige oplysninger som din adresse, adgangskode, kredit- \/ betalingskortoplysninger osv. i cookies p\u00e5 dette websted.[\/vc_toggle][vc_toggle title=&#8221;Hvem bruger oplysningerne p\u00e5 cookies?&#8221; style=&#8221;round&#8221;]Oplysningerne p\u00e5 dette websteds cookies bruges kun af os undtagen andre cookies, der kaldes &#8220;Cookies fra tredjepart&#8221;, som bruges og administreres af eksterne agenturer. Cookies fra disse tredjeparter er de tjenester, som vi selv anmoder om at l\u00e6gge p\u00e5 vores websted. Dette er for at forbedre service og brugeroplevelse, n\u00e5r du gennemser vores websted. Tredjepartscookies p\u00e5 dette websted bruges til at f\u00e5 adgangsstatistikker og til at verificere, om brugerne af dette websted er en virkelig person eller en robot.[\/vc_toggle][vc_toggle title=&#8221;Hvilke cookies bruger vi p\u00e5 dette websted?&#8221; style=&#8221;round&#8221; css=&#8221;&#8221;]<\/p>\n<div style=\"overflow-x: auto;\">\n<table class=\"standardtable\">\n<tbody>\n<tr>\n<th>Cookie<\/th>\n<th>Type<\/th>\n<th>Varighed<\/th>\n<th>Form\u00e5l<\/th>\n<\/tr>\n<tr>\n<td>cf.turnstile.u<\/td>\n<td>Lokalt HTML-lager<\/td>\n<td>Vedvarende<\/td>\n<td>Bruges til Cloudflare bot-beskyttelse og -sikkerhed.<\/td>\n<\/tr>\n<tr>\n<td>pdfjs.history<\/td>\n<td>Session<\/td>\n<td>Session<\/td>\n<td>Husker hvor mange og hvilke PDF-dokumenter der er blevet downloadet eller l\u00e6st af brugeren. Anvendes til intern statistik.<\/td>\n<\/tr>\n<tr>\n<td>pdf_uniqueid<\/td>\n<td>Session<\/td>\n<td>1 time<\/td>\n<td>Cookien indstilles af Send PDF-pluginet og bruges til at generere PDF-filen. Cookien gemmer ingen personlige data.<\/td>\n<\/tr>\n<tr>\n<td>sgcc-cookie-notice<\/td>\n<td>HTTP Cookie<\/td>\n<td>1 dag<\/td>\n<td>Bruges til at administrere brugersamtykke til brug af cookies.<\/td>\n<\/tr>\n<tr>\n<td>wfwaf-authcookie-(hash)<\/td>\n<td>HTTP Cookie<\/td>\n<td>12 timer<\/td>\n<td><span class=\"HwtZe\" lang=\"da\"><span class=\"jCAhz ChMk0b\"><span class=\"ryNqvb\">Det bruges til at godkende en brugers loginanmodning, og det giver Wordfence mulighed for at registrere brugere, der ikke er logget ind, og begr\u00e6nse deres adgang til sikre omr\u00e5der.<\/span><\/span><\/span><\/td>\n<\/tr>\n<tr>\n<td>wpEmojiSettingsSupports<\/td>\n<td>Session<\/td>\n<td>Session<\/td>\n<td>Denne cookie bruges til at aktivere emoji-underst\u00f8ttelse p\u00e5 sider, der bruger WordPress.<\/td>\n<\/tr>\n<tr>\n<td>wp-saving-post<\/td>\n<td>HTTP Cookie<\/td>\n<td>Vedvarende<\/td>\n<td>Bruges til at<span class=\"HwtZe\" lang=\"da\"><span class=\"jCAhz ChMk0b\"><span class=\"ryNqvb\"> gemme indl\u00e6g i editoren.<\/span><\/span><\/span><\/td>\n<\/tr>\n<tr>\n<td>wp-settings-x<\/td>\n<td>HTTP Cookie<\/td>\n<td>Vedvarende<\/td>\n<td>Bruges til at gemme brugerpr\u00e6ferencer.<\/td>\n<\/tr>\n<tr>\n<td>wp-settings-time-x<\/td>\n<td>HTTP Cookie<\/td>\n<td>1 \u00e5r<\/td>\n<td>Bruges til at gemme brugerpr\u00e6ferencer.<\/td>\n<\/tr>\n<\/tbody>\n<\/table>\n<\/div>\n<p>[\/vc_toggle][\/vc_column][\/vc_row][vc_row type=&#8221;vc_default&#8221; margin_top=&#8221;20px&#8221; css=&#8221;.vc_custom_1760525064893{margin-top: 15px !important;}&#8221;][vc_column][vc_custom_heading text=&#8221;Hvordan administrerer du cookie-indstillinger i din internetbrowser?&#8221; font_container=&#8221;tag:h4|text_align:left&#8221; google_fonts=&#8221;font_family:Arimo%3Aregular%2Citalic%2C700%2C700italic|font_style:400%20regular%3A400%3Anormal&#8221;][vc_column_text]Normalt er indstillingerne fra internetbrowseren programmeret til at acceptere cookies. Men du kan nemt justere det ved at \u00e6ndre dine browserindstillinger. Men hvis cookies er sl\u00e5et fra, fungerer nogle webstedsfunktioner muligvis ikke korrekt. For mere information om, hvordan du tilpasser dit cookie-valg i dine browserindstillinger, se f\u00f8lgende link:[\/vc_column_text][vc_row_inner css=&#8221;.vc_custom_1607521471189{margin-right: 20px !important;margin-left: 20px !important;}&#8221;][vc_column_inner width=&#8221;1\/5&#8243;][vc_single_image image=&#8221;7250&#8243; img_size=&#8221;80&#215;80&#8243; add_caption=&#8221;yes&#8221; alignment=&#8221;center&#8221; onclick=&#8221;custom_link&#8221; img_link_target=&#8221;_blank&#8221; css=&#8221;&#8221; image_hovers=&#8221;false&#8221; link=&#8221;https:\/\/support.microsoft.com\/da-dk\/topic\/slet-og-administrer-cookies-168dab11-0753-043d-7c16-ede5947fc64d&#8221;][\/vc_column_inner][vc_column_inner width=&#8221;1\/5&#8243;][vc_single_image image=&#8221;7254&#8243; img_size=&#8221;80&#215;80&#8243; add_caption=&#8221;yes&#8221; alignment=&#8221;center&#8221; onclick=&#8221;custom_link&#8221; img_link_target=&#8221;_blank&#8221; css=&#8221;&#8221; image_hovers=&#8221;false&#8221; link=&#8221;https:\/\/support.mozilla.org\/da\/kb\/cookies-information-som-websteder-gemmer-paa-din-computer&#8221;][\/vc_column_inner][vc_column_inner width=&#8221;1\/5&#8243;][vc_single_image image=&#8221;7255&#8243; img_size=&#8221;80&#215;80&#8243; add_caption=&#8221;yes&#8221; alignment=&#8221;center&#8221; onclick=&#8221;custom_link&#8221; img_link_target=&#8221;_blank&#8221; css=&#8221;&#8221; image_hovers=&#8221;false&#8221; link=&#8221;https:\/\/support.apple.com\/da-dk\/guide\/safari\/sfri11471\/mac&#8221;][\/vc_column_inner][vc_column_inner width=&#8221;1\/5&#8243;][vc_single_image image=&#8221;7256&#8243; img_size=&#8221;80&#215;80&#8243; add_caption=&#8221;yes&#8221; alignment=&#8221;center&#8221; onclick=&#8221;custom_link&#8221; img_link_target=&#8221;_blank&#8221; css=&#8221;&#8221; image_hovers=&#8221;false&#8221; link=&#8221;https:\/\/support.google.com\/chrome\/answer\/95647?co=GENIE.Platform%3DDesktop&amp;hl=da&#8221;][\/vc_column_inner][vc_column_inner width=&#8221;1\/5&#8243;][vc_single_image image=&#8221;7257&#8243; img_size=&#8221;80&#215;80&#8243; add_caption=&#8221;yes&#8221; alignment=&#8221;center&#8221; onclick=&#8221;custom_link&#8221; img_link_target=&#8221;_blank&#8221; css=&#8221;&#8221; image_hovers=&#8221;false&#8221; link=&#8221;https:\/\/blogs.opera.com\/news\/2015\/08\/how-to-manage-cookies-in-opera\/&#8221;][\/vc_column_inner][\/vc_row_inner][\/vc_column][\/vc_row][vc_row type=&#8221;vc_default&#8221; css=&#8221;.vc_custom_1760528380135{margin-top: 15px !important;margin-bottom: 30px !important;}&#8221;][vc_column][vc_custom_heading text=&#8221;Denne hjemmeside er drevet og ejet af:&#8221; font_container=&#8221;tag:h4|text_align:left&#8221; google_fonts=&#8221;font_family:Arimo%3Aregular%2Citalic%2C700%2C700italic|font_style:400%20regular%3A400%3Anormal&#8221;][vc_column_text]Tj\u00e6reborg Industri A\/S<br \/>\nK\u00e6rvej 19<br \/>\nDK-6731 Tj\u00e6reborg<br \/>\nTlf.: 75 17 52 44<br \/>\nEmail: <a href=\"&#109;a&#x69;l&#x74;o&#x3a;i&#x6e;&#102;&#x6f;&#64;&#x74;&#106;&#x69;&#46;d&#107;\">&#105;&#x6e;&#102;&#x6f;&#64;&#x74;&#106;&#x69;&#46;&#x64;&#107;<\/a>[\/vc_column_text][\/vc_column][\/vc_row]<\/p>\n<\/div>","protected":false},"excerpt":{"rendered":"<p>[vc_row][vc_column][vc_custom_heading text=&#8221;Cookiepolitik&#8221; google_fonts=&#8221;font_family:Arimo%3Aregular%2Citalic%2C700%2C700italic|font_style:400%20regular%3A400%3Anormal&#8221;][vc_column_text]I tilf\u00e6lde af at du forts\u00e6tter med at bruge vores hjemmeside, accepterer du vores brug af sporingsteknologi (cookies). Hvis du ikke \u00f8nsker at bruge cookies p\u00e5 vores hjemmeside, kan du indstille til ikke at acceptere cookies i webbrowseren. Eller ikke bruge hjemmesiden. Detaljer om, hvordan man indstiller cookies i den mest almindeligt anvendte&hellip;<\/p>\n","protected":false},"author":7,"featured_media":0,"parent":0,"menu_order":0,"comment_status":"closed","ping_status":"closed","template":"","meta":{"_sitemap_exclude":false,"_sitemap_priority":"","_sitemap_frequency":"","footnotes":""},"class_list":["post-7237","page","type-page","status-publish","hentry","description-off"],"_links":{"self":[{"href":"https:\/\/www.tji.dk\/index.php\/wp-json\/wp\/v2\/pages\/7237","targetHints":{"allow":["GET"]}}],"collection":[{"href":"https:\/\/www.tji.dk\/index.php\/wp-json\/wp\/v2\/pages"}],"about":[{"href":"https:\/\/www.tji.dk\/index.php\/wp-json\/wp\/v2\/types\/page"}],"author":[{"embeddable":true,"href":"https:\/\/www.tji.dk\/index.php\/wp-json\/wp\/v2\/users\/7"}],"replies":[{"embeddable":true,"href":"https:\/\/www.tji.dk\/index.php\/wp-json\/wp\/v2\/comments?post=7237"}],"version-history":[{"count":32,"href":"https:\/\/www.tji.dk\/index.php\/wp-json\/wp\/v2\/pages\/7237\/revisions"}],"predecessor-version":[{"id":14998,"href":"https:\/\/www.tji.dk\/index.php\/wp-json\/wp\/v2\/pages\/7237\/revisions\/14998"}],"wp:attachment":[{"href":"https:\/\/www.tji.dk\/index.php\/wp-json\/wp\/v2\/media?parent=7237"}],"curies":[{"name":"wp","href":"https:\/\/api.w.org\/{rel}","templated":true}]}}