{"id":7784,"date":"2021-05-20T15:37:07","date_gmt":"2021-05-20T13:37:07","guid":{"rendered":"https:\/\/www.tji.dk\/?page_id=7784"},"modified":"2025-02-11T08:52:25","modified_gmt":"2025-02-11T07:52:25","slug":"industrianlaeg","status":"publish","type":"page","link":"https:\/\/www.tji.dk\/index.php\/industrianlaeg\/","title":{"rendered":"Industrianl\u00e6g"},"content":{"rendered":"<div class=\"wpb-content-wrapper\"><p>[vc_row][vc_column width=&#8221;2\/3&#8243;][vc_custom_heading text=&#8221;Industrianl\u00e6g&#8221; google_fonts=&#8221;font_family:Arimo%3Aregular%2Citalic%2C700%2C700italic|font_style:400%20regular%3A400%3Anormal&#8221;][vc_custom_heading text=&#8221;Energianl\u00e6g og tekniske installationer til industrien&#8221; font_container=&#8221;tag:h3|text_align:left&#8221; google_fonts=&#8221;font_family:Arimo%3Aregular%2Citalic%2C700%2C700italic|font_style:400%20regular%3A400%3Anormal&#8221; css=&#8221;.vc_custom_1621517315031{margin-top: 15px !important;margin-bottom: 15px !important;padding-left: 15px !important;background-color: #77aab6 !important;}&#8221; el_class=&#8221;round_corners&#8221;][vc_column_text]Tj\u00e6reborg Industri har mange \u00e5rs erfaring med udf\u00f8relse af energianl\u00e6g og tekniske installationer for industrien\u2013 b\u00e5de n\u00e5r det g\u00e6lder nyetablering, reparationer, servicering og renovering.<\/p>\n<p>Opgaverne udf\u00f8res typisk p\u00e5 de mellemstore og st\u00f8rre industrivirksomheder, og Tj\u00e6reborg Industris dygtige teknikere og mont\u00f8rer har stor knowhow indenfor omr\u00e5det.<\/p>\n<p><a href=\"https:\/\/www.tji.dk\/wp-content\/uploads\/2025\/02\/Referenceliste-energianlaeg-hos-industrivirksomheder.pdf\" target=\"_blank\" rel=\"noopener\">Hent referenceliste<\/a><\/p>\n<p>De typiske opgaver er:<\/p>\n<ul>\n<li>Kedler til damp, hedtvand eller varmt vand<\/li>\n<li>Kedler baseret p\u00e5 el, gas eller olie<\/li>\n<li>Varmepumper<\/li>\n<li>\u00d8vrige energianl\u00e6g<\/li>\n<li>Energioptimering<\/li>\n<li>Spildvarmeinstallationer<\/li>\n<li>Economisere<\/li>\n<li>Scrubberanl\u00e6g<\/li>\n<li>R\u00f8ggasrensning<\/li>\n<li>R\u00f8gr\u00f8r inkl. skorsten<\/li>\n<li>R\u00f8rinstallationer b\u00e5de over og under jord<\/li>\n<li>Arbejde i rustfrit st\u00e5l<\/li>\n<li>Montagearbejde<\/li>\n<li>Svejsearbejde med certifikat<\/li>\n<li>Engineering<\/li>\n<\/ul>\n<p>Tj\u00e6reborg Industri udf\u00f8rer ovenst\u00e5ende i b\u00e5de total-, hoved- og delentreprise, ligesom der udf\u00f8res design og etablering af bygningsarbejder i forbindelse med ovenst\u00e5ende inkl. ans\u00f8gning om byggetilladelse.[\/vc_column_text][\/vc_column][vc_column width=&#8221;1\/3&#8243;][vc_media_grid element_width=&#8221;12&#8243; gap=&#8221;15&#8243; item=&#8221;masonryMedia_SlideWithTitleAndCaption&#8221; css=&#8221;&#8221; grid_id=&#8221;vc_gid:1739260025879-4712c1e2-8bf8-1&#8243; include=&#8221;14024,7789,7788,7787,7786&#8243;][\/vc_column][\/vc_row]<\/p>\n<\/div>","protected":false},"excerpt":{"rendered":"<p>[vc_row][vc_column width=&#8221;2\/3&#8243;][vc_custom_heading text=&#8221;Industrianl\u00e6g&#8221; google_fonts=&#8221;font_family:Arimo%3Aregular%2Citalic%2C700%2C700italic|font_style:400%20regular%3A400%3Anormal&#8221;][vc_custom_heading text=&#8221;Energianl\u00e6g og tekniske installationer til industrien&#8221; font_container=&#8221;tag:h3|text_align:left&#8221; google_fonts=&#8221;font_family:Arimo%3Aregular%2Citalic%2C700%2C700italic|font_style:400%20regular%3A400%3Anormal&#8221; css=&#8221;.vc_custom_1621517315031{margin-top: 15px !important;margin-bottom: 15px !important;padding-left: 15px !important;background-color: #77aab6 !important;}&#8221; el_class=&#8221;round_corners&#8221;][vc_column_text]Tj\u00e6reborg Industri har mange \u00e5rs erfaring med udf\u00f8relse af energianl\u00e6g og tekniske installationer for industrien\u2013 b\u00e5de n\u00e5r det g\u00e6lder nyetablering, reparationer, servicering og renovering. Opgaverne udf\u00f8res typisk p\u00e5 de mellemstore og st\u00f8rre industrivirksomheder, og&hellip;<\/p>\n","protected":false},"author":7,"featured_media":0,"parent":0,"menu_order":0,"comment_status":"closed","ping_status":"closed","template":"","meta":{"_sitemap_exclude":false,"_sitemap_priority":"","_sitemap_frequency":"","footnotes":""},"class_list":["post-7784","page","type-page","status-publish","hentry","description-off"],"_links":{"self":[{"href":"https:\/\/www.tji.dk\/index.php\/wp-json\/wp\/v2\/pages\/7784","targetHints":{"allow":["GET"]}}],"collection":[{"href":"https:\/\/www.tji.dk\/index.php\/wp-json\/wp\/v2\/pages"}],"about":[{"href":"https:\/\/www.tji.dk\/index.php\/wp-json\/wp\/v2\/types\/page"}],"author":[{"embeddable":true,"href":"https:\/\/www.tji.dk\/index.php\/wp-json\/wp\/v2\/users\/7"}],"replies":[{"embeddable":true,"href":"https:\/\/www.tji.dk\/index.php\/wp-json\/wp\/v2\/comments?post=7784"}],"version-history":[{"count":8,"href":"https:\/\/www.tji.dk\/index.php\/wp-json\/wp\/v2\/pages\/7784\/revisions"}],"predecessor-version":[{"id":14025,"href":"https:\/\/www.tji.dk\/index.php\/wp-json\/wp\/v2\/pages\/7784\/revisions\/14025"}],"wp:attachment":[{"href":"https:\/\/www.tji.dk\/index.php\/wp-json\/wp\/v2\/media?parent=7784"}],"curies":[{"name":"wp","href":"https:\/\/api.w.org\/{rel}","templated":true}]}}