{"id":82,"date":"2016-01-11T10:47:31","date_gmt":"2016-01-11T09:47:31","guid":{"rendered":"http:\/\/172.18.1.137\/?page_id=82"},"modified":"2026-03-23T11:48:44","modified_gmt":"2026-03-23T10:48:44","slug":"scada","status":"publish","type":"page","link":"https:\/\/www.tji.dk\/index.php\/scada\/","title":{"rendered":"Scada"},"content":{"rendered":"<div class=\"wpb-content-wrapper\"><p>[vc_row][vc_column][vc_custom_heading text=&#8221;SCADA-anl\u00e6g&#8221; google_fonts=&#8221;font_family:Arimo%3Aregular%2Citalic%2C700%2C700italic|font_style:400%20regular%3A400%3Anormal&#8221;][layerslider_vc id=&#8221;4&#8243; el_class=&#8221;round_corners&#8221;][vc_custom_heading text=&#8221;Erfaring&#8221; font_container=&#8221;tag:h3|text_align:left&#8221; google_fonts=&#8221;font_family:Arimo%3Aregular%2Citalic%2C700%2C700italic|font_style:400%20regular%3A400%3Anormal&#8221; css=&#8221;.vc_custom_1714554656890{margin-top: 70px !important;margin-bottom: 15px !important;padding-left: 15px !important;background-color: #77aab6 !important;}&#8221; el_class=&#8221;round_corners&#8221;][vc_column_text css=&#8221;&#8221;]Tj\u00e6reborg Industri har siden 1988 udviklet og designet SCADA-anl\u00e6g til mange form\u00e5l, og referencelisten omfatter omkring 200 anl\u00e6g, hvor kunderne typisk er fjernvarmev\u00e6rker, kraftvarmev\u00e6rker, vandv\u00e6rker og industri.<\/p>\n<p>Kendetegnet for SCADA-anl\u00e6g fra Tj\u00e6reborg Industri er:<\/p>\n<ul class=\"fancy_list\">\n<li class=\"arrow_list\">Opgaverne l\u00f8ses i t\u00e6t samarbejde med den enkelte kunde<\/li>\n<li class=\"arrow_list\">Der anvendes velafpr\u00f8vet teknologi<\/li>\n<li class=\"arrow_list\">Opgaverne udf\u00f8res af erfarne fagfolk med indg\u00e5ende kendskab til fjernvarmesektoren<\/li>\n<\/ul>\n<p>[\/vc_column_text][vc_custom_heading text=&#8221;Mobilitet&#8221; font_container=&#8221;tag:h3|text_align:left&#8221; google_fonts=&#8221;font_family:Arimo%3Aregular%2Citalic%2C700%2C700italic|font_style:400%20regular%3A400%3Anormal&#8221; css=&#8221;.vc_custom_1714554471926{margin-top: 50px !important;margin-bottom: 15px !important;padding-left: 15px !important;background-color: #77aab6 !important;}&#8221; el_class=&#8221;round_corners&#8221;][vc_column_text]Men en SCADA l\u00f8sning fra Tj\u00e6reborg Industri kan du tilg\u00e5 dit anl\u00e6g hvor som helst, og hvorn\u00e5r som helst. Via fjernklienter, kan du tilg\u00e5 og administrere dit SCADA system enten hjemmefra, via din mobiltelefon (Iphone\/Android) eller via en tablet (Ipad\/Android).<\/p>\n<p>Du er derfor altid t\u00e6t p\u00e5 dit anl\u00e6g, og kan l\u00f8se mangle problemer her og nu.<\/p>\n<p>L\u00f8sningen er desuden tilg\u00e6ngelig for vores erfarne vagtordning, som via fjernkontrol hurtigt at l\u00f8se mange problemer, uden at skulle ud til v\u00e6rket.[\/vc_column_text][vc_custom_heading text=&#8221;Virtuel Arkitektur&#8221; font_container=&#8221;tag:h3|text_align:left&#8221; google_fonts=&#8221;font_family:Arimo%3Aregular%2Citalic%2C700%2C700italic|font_style:400%20regular%3A400%3Anormal&#8221; css=&#8221;.vc_custom_1714554478399{margin-top: 50px !important;margin-bottom: 15px !important;padding-left: 15px !important;background-color: #77aab6 !important;}&#8221; el_class=&#8221;round_corners&#8221;][vc_column_text]Tj\u00e6reborg Industri introducerer ny virtuel arkitektur.<\/p>\n<p>Tj\u00e6reborg Industri er skiftet til en virtuel arkitektur, hvor vi udnytter de store fordele ved at k\u00f8re PC delen af SCADA systemet i en virtuel maskine.<\/p>\n<p>Med denne arkitektur opn\u00e5r vi f\u00f8lgende fordele:<\/p>\n<ul class=\"fancy_list\">\n<li class=\"arrow_list\">\u00d8get stabilitet<\/li>\n<li class=\"arrow_list\">Nemmere vedligeholdelse<\/li>\n<li class=\"arrow_list\">Seperation af funktioner: SCADA systemet kan k\u00f8res uafh\u00e6ngigt af andre produkter, hvilket \u00f8ger stabiliteten og sikkerheden i systemet.<\/li>\n<li class=\"arrow_list\">Med et virtuelt system kan man benytte samme hardware til flere opgaver, uden at forskellige software skaber problemer for hinanden, man undg\u00e5r derfor at skulle have flere maskiner st\u00e5ende.<\/li>\n<\/ul>\n<p>Tj\u00e6reborg Industri arbejder som udgangspunkt med 2 arkitektur l\u00f8sning, som tilbyder vores kunder en r\u00e6kke mulighed for stabilitet og fleksibilitet.<\/p>\n<p>Kontakt os for en snak om fordelene ved at l\u00e6gge om til en virtuel arkitektur.[\/vc_column_text][vc_media_grid element_width=&#8221;6&#8243; gap=&#8221;35&#8243; item=&#8221;masonryMedia_SlideWithTitleAndCaption&#8221; css=&#8221;.vc_custom_1714554608361{margin-right: 35px !important;margin-left: 35px !important;}&#8221; grid_id=&#8221;vc_gid:1774262897945-53139521-ee71-2&#8243; include=&#8221;616,615&#8243;][vc_custom_heading text=&#8221;TI backup&#8221; font_container=&#8221;tag:h3|text_align:left&#8221; google_fonts=&#8221;font_family:Arimo%3Aregular%2Citalic%2C700%2C700italic|font_style:400%20regular%3A400%3Anormal&#8221; css=&#8221;.vc_custom_1714554484639{margin-top: 50px !important;margin-bottom: 15px !important;padding-left: 15px !important;background-color: #77aab6 !important;}&#8221; el_class=&#8221;round_corners&#8221;][vc_column_text]Tj\u00e6reborg Industri introducerer nu \u201cTI Backup\u201d.<br \/>\nMen en TI Backup l\u00f8sning foretages der l\u00f8bende backup af dit SCADA system, s\u00e5 \u00e6ndringer altid er sikret med et nedbrud.<\/p>\n<p>Denne l\u00f8sning mindsker nedetiden ved hardware nedbrud eller ved tab af serveren.[\/vc_column_text][vc_custom_heading text=&#8221;Download&#8221; font_container=&#8221;tag:h3|text_align:left&#8221; google_fonts=&#8221;font_family:Arimo%3Aregular%2Citalic%2C700%2C700italic|font_style:400%20regular%3A400%3Anormal&#8221; css=&#8221;.vc_custom_1714554490841{margin-top: 50px !important;margin-bottom: 15px !important;padding-left: 15px !important;background-color: #77aab6 !important;}&#8221; el_class=&#8221;round_corners&#8221;][vc_row_inner][vc_column_inner width=&#8221;1\/4&#8243;][vc_single_image image=&#8221;13296&#8243; img_size=&#8221;100&#215;100&#8243; alignment=&#8221;center&#8221; onclick=&#8221;custom_link&#8221; img_link_target=&#8221;_blank&#8221; css=&#8221;.vc_custom_1774262911490{margin-top: 10px !important;margin-bottom: 0px !important;}&#8221; image_hovers=&#8221;false&#8221; link=&#8221;https:\/\/www.tji.dk\/wp-content\/uploads\/2025\/12\/Referenceliste-SCADA-anlaeg.pdf&#8221;][vc_column_text css=&#8221;.vc_custom_1714554416210{margin-top: 10px !important;}&#8221;]<\/p>\n<p style=\"text-align: center;\"><strong>Referenceliste<\/strong><\/p>\n<p>[\/vc_column_text][\/vc_column_inner][vc_column_inner width=&#8221;1\/4&#8243;][\/vc_column_inner][vc_column_inner width=&#8221;1\/4&#8243;][\/vc_column_inner][vc_column_inner width=&#8221;1\/4&#8243;][\/vc_column_inner][\/vc_row_inner][\/vc_column][\/vc_row]<\/p>\n<\/div>","protected":false},"excerpt":{"rendered":"<p>[vc_row][vc_column][vc_custom_heading text=&#8221;SCADA-anl\u00e6g&#8221; google_fonts=&#8221;font_family:Arimo%3Aregular%2Citalic%2C700%2C700italic|font_style:400%20regular%3A400%3Anormal&#8221;][layerslider_vc id=&#8221;4&#8243; el_class=&#8221;round_corners&#8221;][vc_custom_heading text=&#8221;Erfaring&#8221; font_container=&#8221;tag:h3|text_align:left&#8221; google_fonts=&#8221;font_family:Arimo%3Aregular%2Citalic%2C700%2C700italic|font_style:400%20regular%3A400%3Anormal&#8221; css=&#8221;.vc_custom_1714554656890{margin-top: 70px !important;margin-bottom: 15px !important;padding-left: 15px !important;background-color: #77aab6 !important;}&#8221; el_class=&#8221;round_corners&#8221;][vc_column_text css=&#8221;&#8221;]Tj\u00e6reborg Industri har siden 1988 udviklet og designet SCADA-anl\u00e6g til mange form\u00e5l, og referencelisten omfatter omkring 200 anl\u00e6g, hvor kunderne typisk er fjernvarmev\u00e6rker, kraftvarmev\u00e6rker, vandv\u00e6rker og industri. Kendetegnet for SCADA-anl\u00e6g fra Tj\u00e6reborg Industri er: Opgaverne l\u00f8ses i&hellip;<\/p>\n","protected":false},"author":6,"featured_media":0,"parent":0,"menu_order":0,"comment_status":"closed","ping_status":"closed","template":"","meta":{"_sitemap_exclude":false,"_sitemap_priority":"","_sitemap_frequency":"","footnotes":""},"class_list":["post-82","page","type-page","status-publish","hentry","description-off"],"_links":{"self":[{"href":"https:\/\/www.tji.dk\/index.php\/wp-json\/wp\/v2\/pages\/82","targetHints":{"allow":["GET"]}}],"collection":[{"href":"https:\/\/www.tji.dk\/index.php\/wp-json\/wp\/v2\/pages"}],"about":[{"href":"https:\/\/www.tji.dk\/index.php\/wp-json\/wp\/v2\/types\/page"}],"author":[{"embeddable":true,"href":"https:\/\/www.tji.dk\/index.php\/wp-json\/wp\/v2\/users\/6"}],"replies":[{"embeddable":true,"href":"https:\/\/www.tji.dk\/index.php\/wp-json\/wp\/v2\/comments?post=82"}],"version-history":[{"count":4,"href":"https:\/\/www.tji.dk\/index.php\/wp-json\/wp\/v2\/pages\/82\/revisions"}],"predecessor-version":[{"id":15323,"href":"https:\/\/www.tji.dk\/index.php\/wp-json\/wp\/v2\/pages\/82\/revisions\/15323"}],"wp:attachment":[{"href":"https:\/\/www.tji.dk\/index.php\/wp-json\/wp\/v2\/media?parent=82"}],"curies":[{"name":"wp","href":"https:\/\/api.w.org\/{rel}","templated":true}]}}