{"id":86,"date":"2016-01-11T10:48:22","date_gmt":"2016-01-11T09:48:22","guid":{"rendered":"http:\/\/172.18.1.137\/?page_id=86"},"modified":"2024-05-01T11:20:10","modified_gmt":"2024-05-01T09:20:10","slug":"noedstroemsanlaeg","status":"publish","type":"page","link":"https:\/\/www.tji.dk\/index.php\/noedstroemsanlaeg\/","title":{"rendered":"N\u00f8dstr\u00f8msanl\u00e6g"},"content":{"rendered":"<div class=\"wpb-content-wrapper\"><p>[vc_row][vc_column width=&#8221;2\/3&#8243;][vc_custom_heading text=&#8221;N\u00f8dstr\u00f8msanl\u00e6g&#8221; google_fonts=&#8221;font_family:Arimo%3Aregular%2Citalic%2C700%2C700italic|font_style:400%20regular%3A400%3Anormal&#8221;][vc_column_text css=&#8221;&#8221;]Tj\u00e6reborg Industri har stor ekspertise og erfaring med etablering af n\u00f8dstr\u00f8msanl\u00e6g, specielt til fjernvarmesektoren.<\/p>\n<p>Anl\u00e6ggene er typisk baseret p\u00e5 dieselmotorer og etableres i standardst\u00f8rrelser op til flere tusinde kVA, enten som \u00e9n enhed eller som flere enheder, som synkroniserer op imod hinanden. Det er derfor kun antallet af enheder, som s\u00e6tter begr\u00e6nsningen for anl\u00e6gget st\u00f8rrelse.<\/p>\n<p>Der anvendes altid produkter af h\u00f8j kvalitet samt markedets f\u00f8rende fabrikater af dieselmotorer og generatorer afh\u00e6ngig af st\u00f8rrelse og kunde\u00f8nske.[\/vc_column_text][vc_custom_heading text=&#8221;Design&#8221; font_container=&#8221;tag:h3|text_align:left&#8221; google_fonts=&#8221;font_family:Arimo%3Aregular%2Citalic%2C700%2C700italic|font_style:400%20regular%3A400%3Anormal&#8221; css=&#8221;.vc_custom_1714554079652{margin-top: 50px !important;margin-bottom: 15px !important;padding-left: 15px !important;background-color: #77aab6 !important;}&#8221; el_class=&#8221;round_corners&#8221;][vc_column_text]Anl\u00e6ggene designes ofte i samarbejde med kunden, og der foretages en analyse og beregning af det n\u00f8dvendige n\u00f8dstr\u00f8msbehov.<\/p>\n<p>Typisk udf\u00f8res anl\u00e6ggene med automatisk blinkfri tilbagekobling, ligesom anl\u00e6ggene udf\u00f8res i st\u00f8jkabinet \u2013 dels af st\u00f8jhensyn, men ogs\u00e5 af hensyn til renholdelse af anl\u00e6ggene.[\/vc_column_text][vc_custom_heading text=&#8221;N\u00f8dstr\u00f8msanl\u00e6g til fliskedler&#8221; font_container=&#8221;tag:h3|text_align:left&#8221; google_fonts=&#8221;font_family:Arimo%3Aregular%2Citalic%2C700%2C700italic|font_style:400%20regular%3A400%3Anormal&#8221; css=&#8221;.vc_custom_1714554087206{margin-top: 50px !important;margin-bottom: 15px !important;padding-left: 15px !important;background-color: #77aab6 !important;}&#8221; el_class=&#8221;round_corners&#8221;][vc_column_text]For fliskedler over 110 \u00baC i freml\u00f8bstemperatur er det et lovkrav, at kedlens vandforsyning er tilsluttet med en n\u00f8dstr\u00f8msforsynet n\u00f8dpumpe med automatisk opstart. Hertil bruges enten et traditionelt n\u00f8dstr\u00f8msanl\u00e6g eller et lille benzindrevet anl\u00e6g kun til forsyning af fliskedlens n\u00f8dpumpe.[\/vc_column_text][vc_custom_heading text=&#8221;Download&#8221; font_container=&#8221;tag:h3|text_align:left&#8221; google_fonts=&#8221;font_family:Arimo%3Aregular%2Citalic%2C700%2C700italic|font_style:400%20regular%3A400%3Anormal&#8221; css=&#8221;.vc_custom_1714554128716{margin-top: 50px !important;margin-bottom: 15px !important;padding-left: 15px !important;background-color: #77aab6 !important;}&#8221; el_class=&#8221;round_corners&#8221;][vc_row_inner css=&#8221;.vc_custom_1714555208209{margin-bottom: 35px !important;}&#8221;][vc_column_inner width=&#8221;1\/3&#8243;][vc_single_image image=&#8221;13296&#8243; img_size=&#8221;100&#215;100&#8243; alignment=&#8221;center&#8221; onclick=&#8221;custom_link&#8221; img_link_target=&#8221;_blank&#8221; css=&#8221;.vc_custom_1714554163956{margin-top: 10px !important;margin-bottom: 0px !important;}&#8221; image_hovers=&#8221;false&#8221; link=&#8221;https:\/\/www.tji.dk\/wp-content\/uploads\/2016\/01\/Referenceliste-n%C3%B8dstr%C3%B8msanl%C3%A6g.pdf&#8221;][vc_column_text css=&#8221;.vc_custom_1714554191397{margin-top: 10px !important;}&#8221;]<\/p>\n<p style=\"text-align: center;\"><strong>Referenceliste<\/strong><\/p>\n<p>[\/vc_column_text][\/vc_column_inner][vc_column_inner width=&#8221;1\/3&#8243;][\/vc_column_inner][vc_column_inner width=&#8221;1\/3&#8243;][\/vc_column_inner][\/vc_row_inner][\/vc_column][vc_column width=&#8221;1\/3&#8243;][vc_custom_heading text=&#8221;Eksempler&#8221; font_container=&#8221;tag:h3|text_align:left&#8221; google_fonts=&#8221;font_family:Arimo%3Aregular%2Citalic%2C700%2C700italic|font_style:400%20regular%3A400%3Anormal&#8221; css=&#8221;.vc_custom_1714554937715{margin-bottom: 15px !important;padding-left: 15px !important;background-color: #77aab6 !important;}&#8221; el_class=&#8221;round_corners&#8221;][vc_media_grid element_width=&#8221;12&#8243; gap=&#8221;25&#8243; css=&#8221;.vc_custom_1714554943768{margin-top: 10px !important;}&#8221; grid_id=&#8221;vc_gid:1714555202169-63eae402-7863-5&#8243; include=&#8221;2618,592,593&#8243;][\/vc_column][\/vc_row]<\/p>\n<\/div>","protected":false},"excerpt":{"rendered":"<p>[vc_row][vc_column width=&#8221;2\/3&#8243;][vc_custom_heading text=&#8221;N\u00f8dstr\u00f8msanl\u00e6g&#8221; google_fonts=&#8221;font_family:Arimo%3Aregular%2Citalic%2C700%2C700italic|font_style:400%20regular%3A400%3Anormal&#8221;][vc_column_text css=&#8221;&#8221;]Tj\u00e6reborg Industri har stor ekspertise og erfaring med etablering af n\u00f8dstr\u00f8msanl\u00e6g, specielt til fjernvarmesektoren. Anl\u00e6ggene er typisk baseret p\u00e5 dieselmotorer og etableres i standardst\u00f8rrelser op til flere tusinde kVA, enten som \u00e9n enhed eller som flere enheder, som synkroniserer op imod hinanden. Det er derfor kun antallet af enheder, som s\u00e6tter&hellip;<\/p>\n","protected":false},"author":6,"featured_media":0,"parent":0,"menu_order":0,"comment_status":"closed","ping_status":"closed","template":"","meta":{"_sitemap_exclude":false,"_sitemap_priority":"","_sitemap_frequency":"","footnotes":""},"class_list":["post-86","page","type-page","status-publish","hentry","description-off"],"_links":{"self":[{"href":"https:\/\/www.tji.dk\/index.php\/wp-json\/wp\/v2\/pages\/86","targetHints":{"allow":["GET"]}}],"collection":[{"href":"https:\/\/www.tji.dk\/index.php\/wp-json\/wp\/v2\/pages"}],"about":[{"href":"https:\/\/www.tji.dk\/index.php\/wp-json\/wp\/v2\/types\/page"}],"author":[{"embeddable":true,"href":"https:\/\/www.tji.dk\/index.php\/wp-json\/wp\/v2\/users\/6"}],"replies":[{"embeddable":true,"href":"https:\/\/www.tji.dk\/index.php\/wp-json\/wp\/v2\/comments?post=86"}],"version-history":[{"count":3,"href":"https:\/\/www.tji.dk\/index.php\/wp-json\/wp\/v2\/pages\/86\/revisions"}],"predecessor-version":[{"id":13426,"href":"https:\/\/www.tji.dk\/index.php\/wp-json\/wp\/v2\/pages\/86\/revisions\/13426"}],"wp:attachment":[{"href":"https:\/\/www.tji.dk\/index.php\/wp-json\/wp\/v2\/media?parent=86"}],"curies":[{"name":"wp","href":"https:\/\/api.w.org\/{rel}","templated":true}]}}