{"id":95,"date":"2016-01-11T10:56:39","date_gmt":"2016-01-11T09:56:39","guid":{"rendered":"http:\/\/172.18.1.137\/?page_id=95"},"modified":"2022-10-26T08:02:59","modified_gmt":"2022-10-26T06:02:59","slug":"oliegaskedel","status":"publish","type":"page","link":"https:\/\/www.tji.dk\/index.php\/oliegaskedel\/","title":{"rendered":"Olie og gaskedeler"},"content":{"rendered":"<div class=\"wpb-content-wrapper\"><p>[vc_row][vc_column width=&#8221;2\/3&#8243;][vc_custom_heading text=&#8221;Olie og gaskedler&#8221; google_fonts=&#8221;font_family:Arimo%3Aregular%2Citalic%2C700%2C700italic|font_style:400%20regular%3A400%3Anormal&#8221;][vc_column_text]Tj\u00e6reborg Industri designer og etablerer kedelanl\u00e6g til hhv. traditionel varme, fjernvarme, hedt vand og damp.[\/vc_column_text][vc_custom_heading text=&#8221;Fordele&#8221; font_container=&#8221;tag:h3|text_align:left&#8221; google_fonts=&#8221;font_family:Arimo%3Aregular%2Citalic%2C700%2C700italic|font_style:400%20regular%3A400%3Anormal&#8221; el_class=&#8221;round_corners&#8221; css=&#8221;.vc_custom_1453913358783{margin-top: 15px !important;margin-bottom: 15px !important;padding-left: 15px !important;background-color: #77aab6 !important;}&#8221;][vc_column_text]Uanset br\u00e6ndselsvalg og st\u00f8rrelse p\u00e5 kedelanl\u00e6ggene er resultatet:<\/p>\n<ul class=\"fancy_list\">\n<li class=\"plus_list\">H\u00f8j driftsikkerhed<\/li>\n<li class=\"plus_list\">Lav milj\u00f8m\u00e6ssig p\u00e5virkning<\/li>\n<li class=\"plus_list\">Optimal energiudnyttelse<\/li>\n<\/ul>\n<p>[\/vc_column_text][vc_custom_heading text=&#8221;Individuelle l\u00f8sninger&#8221; font_container=&#8221;tag:h3|text_align:left&#8221; google_fonts=&#8221;font_family:Arimo%3Aregular%2Citalic%2C700%2C700italic|font_style:400%20regular%3A400%3Anormal&#8221; el_class=&#8221;round_corners&#8221; css=&#8221;.vc_custom_1453913376046{margin-top: 15px !important;margin-bottom: 15px !important;padding-left: 15px !important;background-color: #77aab6 !important;}&#8221;][vc_column_text]Anl\u00e6ggene tilpasses de aktuelle behov for energim\u00e6ngde, br\u00e6ndselsmuligheder og funktionalitet, f.eks.:<\/p>\n<ul class=\"fancy_list\">\n<li class=\"bullet_list\">Prim\u00e6rproduktion<\/li>\n<li class=\"bullet_list\">Spidsanl\u00e6g<\/li>\n<li class=\"bullet_list\">Reserveanl\u00e6g<\/li>\n<\/ul>\n<p>Anl\u00e6gget kan desuden forsynes med r\u00f8ggask\u00f8lere og luftforvarmning for energioptimering.<\/p>\n<p>Kedelanl\u00e6g etableres i st\u00f8rrelser op til ca. 50 MW pr. kedel, det er derfor kun antallet af kedler, der s\u00e6tter begr\u00e6nsninger for anl\u00e6ggenes st\u00f8rrelse.<\/p>\n<p>Der anvendes altid markedets f\u00f8rende fabrikater af kedler og br\u00e6ndere.[\/vc_column_text][vc_row_inner][vc_column_inner width=&#8221;1\/2&#8243;][vc_column_text css=&#8221;.vc_custom_1621516398317{margin-top: -23px !important;}&#8221;]<a href=\"https:\/\/www.tji.dk\/wp-content\/uploads\/2024\/10\/Referenceliste-gaskedelanlaeg.pdf\" target=\"_blank\" rel=\"noopener noreferrer\">Hent referenceliste for gaskedelanl\u00e6g.<\/a>[\/vc_column_text][\/vc_column_inner][vc_column_inner width=&#8221;1\/2&#8243;][vc_column_text css=&#8221;.vc_custom_1621516483800{margin-top: -23px !important;}&#8221;]<a href=\"https:\/\/www.tji.dk\/wp-content\/uploads\/2025\/02\/Referenceliste-kedelanlaeg-over-10-MW.pdf\" target=\"_blank\" rel=\"noopener noreferrer\">Hent referenceliste for kedelanl\u00e6g over 10 MW.<\/a>[\/vc_column_text][\/vc_column_inner][\/vc_row_inner][vc_custom_heading text=&#8221;Br\u00e6ndselsvalg&#8221; font_container=&#8221;tag:h3|text_align:left&#8221; google_fonts=&#8221;font_family:Arimo%3Aregular%2Citalic%2C700%2C700italic|font_style:400%20regular%3A400%3Anormal&#8221; el_class=&#8221;round_corners&#8221; css=&#8221;.vc_custom_1453913394858{margin-top: 15px !important;margin-bottom: 15px !important;padding-left: 15px !important;background-color: #77aab6 !important;}&#8221;][vc_column_text]Br\u00e6ndselsvalg sker ud fra de lokale muligheder og lovm\u00e6ssige krav og kan f.eks. v\u00e6re:<\/p>\n<ul class=\"fancy_list\">\n<li class=\"check_list\">Gasolie<\/li>\n<li class=\"check_list\">Fuelolie<\/li>\n<li class=\"check_list\">Light fuelolie<\/li>\n<li class=\"check_list\">Teknisk olie (spildolie)<\/li>\n<li class=\"check_list\">Bio-olie<\/li>\n<li class=\"check_list\">Naturgas<\/li>\n<li class=\"check_list\">Biogas<\/li>\n<li>Brint<\/li>\n<\/ul>\n<p>[\/vc_column_text][\/vc_column][vc_column width=&#8221;1\/3&#8243;][vc_media_grid element_width=&#8221;12&#8243; gap=&#8221;20&#8243; item=&#8221;masonryMedia_SlideWithTitleAndCaption&#8221; grid_id=&#8221;vc_gid:1666764124890-44185d99-0e24-2&#8243; include=&#8221;400,436&#8243;][\/vc_column][\/vc_row]<\/p>\n<\/div>","protected":false},"excerpt":{"rendered":"<p>[vc_row][vc_column width=&#8221;2\/3&#8243;][vc_custom_heading text=&#8221;Olie og gaskedler&#8221; google_fonts=&#8221;font_family:Arimo%3Aregular%2Citalic%2C700%2C700italic|font_style:400%20regular%3A400%3Anormal&#8221;][vc_column_text]Tj\u00e6reborg Industri designer og etablerer kedelanl\u00e6g til hhv. traditionel varme, fjernvarme, hedt vand og damp.[\/vc_column_text][vc_custom_heading text=&#8221;Fordele&#8221; font_container=&#8221;tag:h3|text_align:left&#8221; google_fonts=&#8221;font_family:Arimo%3Aregular%2Citalic%2C700%2C700italic|font_style:400%20regular%3A400%3Anormal&#8221; el_class=&#8221;round_corners&#8221; css=&#8221;.vc_custom_1453913358783{margin-top: 15px !important;margin-bottom: 15px !important;padding-left: 15px !important;background-color: #77aab6 !important;}&#8221;][vc_column_text]Uanset br\u00e6ndselsvalg og st\u00f8rrelse p\u00e5 kedelanl\u00e6ggene er resultatet: H\u00f8j driftsikkerhed Lav milj\u00f8m\u00e6ssig p\u00e5virkning Optimal energiudnyttelse [\/vc_column_text][vc_custom_heading text=&#8221;Individuelle l\u00f8sninger&#8221; font_container=&#8221;tag:h3|text_align:left&#8221; google_fonts=&#8221;font_family:Arimo%3Aregular%2Citalic%2C700%2C700italic|font_style:400%20regular%3A400%3Anormal&#8221; el_class=&#8221;round_corners&#8221; css=&#8221;.vc_custom_1453913376046{margin-top: 15px&hellip;<\/p>\n","protected":false},"author":6,"featured_media":0,"parent":0,"menu_order":0,"comment_status":"closed","ping_status":"closed","template":"","meta":{"_sitemap_exclude":false,"_sitemap_priority":"","_sitemap_frequency":"","footnotes":""},"class_list":["post-95","page","type-page","status-publish","hentry","description-off"],"_links":{"self":[{"href":"https:\/\/www.tji.dk\/index.php\/wp-json\/wp\/v2\/pages\/95","targetHints":{"allow":["GET"]}}],"collection":[{"href":"https:\/\/www.tji.dk\/index.php\/wp-json\/wp\/v2\/pages"}],"about":[{"href":"https:\/\/www.tji.dk\/index.php\/wp-json\/wp\/v2\/types\/page"}],"author":[{"embeddable":true,"href":"https:\/\/www.tji.dk\/index.php\/wp-json\/wp\/v2\/users\/6"}],"replies":[{"embeddable":true,"href":"https:\/\/www.tji.dk\/index.php\/wp-json\/wp\/v2\/comments?post=95"}],"version-history":[{"count":7,"href":"https:\/\/www.tji.dk\/index.php\/wp-json\/wp\/v2\/pages\/95\/revisions"}],"predecessor-version":[{"id":9720,"href":"https:\/\/www.tji.dk\/index.php\/wp-json\/wp\/v2\/pages\/95\/revisions\/9720"}],"wp:attachment":[{"href":"https:\/\/www.tji.dk\/index.php\/wp-json\/wp\/v2\/media?parent=95"}],"curies":[{"name":"wp","href":"https:\/\/api.w.org\/{rel}","templated":true}]}}